{"id":1739,"date":"2022-01-26T16:55:38","date_gmt":"2022-01-26T16:55:38","guid":{"rendered":"https:\/\/heroxx.com\/contactez-nous\/"},"modified":"2022-02-11T22:30:13","modified_gmt":"2022-02-11T22:30:13","slug":"contactez-nous","status":"publish","type":"page","link":"https:\/\/heroxx.com\/fr\/contactez-nous\/","title":{"rendered":"Contactez-nous"},"content":{"rendered":"\t\t<div data-elementor-type=\"wp-page\" data-elementor-id=\"1739\" class=\"elementor elementor-1739\" data-elementor-post-type=\"page\">\n\t\t\t\t\t\t<section class=\"elementor-section elementor-top-section elementor-element elementor-element-84dc352 elementor-section-full_width elementor-section-height-default elementor-section-height-default\" data-id=\"84dc352\" data-element_type=\"section\" data-e-type=\"section\">\n\t\t\t\t\t\t<div class=\"elementor-container elementor-column-gap-default\">\n\t\t\t\t\t<div class=\"elementor-column elementor-col-100 elementor-top-column elementor-element elementor-element-3cb779d\" data-id=\"3cb779d\" data-element_type=\"column\" data-e-type=\"column\">\n\t\t\t<div class=\"elementor-widget-wrap elementor-element-populated\">\n\t\t\t\t\t\t<div class=\"elementor-element elementor-element-e8be411 elementor-widget elementor-widget-template\" data-id=\"e8be411\" data-element_type=\"widget\" data-e-type=\"widget\" data-widget_type=\"template.default\">\n\t\t\t\t<div class=\"elementor-widget-container\">\n\t\t\t\t\t\t\t<div class=\"elementor-template\">\n\t\t\t\t\t<div data-elementor-type=\"section\" data-elementor-id=\"442\" class=\"elementor elementor-442\" data-elementor-post-type=\"elementor_library\">\n\t\t\t\t\t<section class=\"elementor-section elementor-top-section elementor-element elementor-element-66d043c elementor-section-full_width elementor-section-height-default elementor-section-height-default\" data-id=\"66d043c\" data-element_type=\"section\" data-e-type=\"section\" data-settings=\"{&quot;background_background&quot;:&quot;classic&quot;}\">\n\t\t\t\t\t\t<div class=\"elementor-container elementor-column-gap-no\">\n\t\t\t\t\t<div class=\"elementor-column elementor-col-100 elementor-top-column elementor-element elementor-element-40edfeeb\" data-id=\"40edfeeb\" data-element_type=\"column\" data-e-type=\"column\">\n\t\t\t<div class=\"elementor-widget-wrap elementor-element-populated\">\n\t\t\t\t\t\t<div class=\"elementor-element elementor-element-6e8f1977 elementor-widget elementor-widget-heading\" data-id=\"6e8f1977\" data-element_type=\"widget\" data-e-type=\"widget\" data-widget_type=\"heading.default\">\n\t\t\t\t<div class=\"elementor-widget-container\">\n\t\t\t\t\t<h1 class=\"elementor-heading-title elementor-size-default\">Contactez-nous<\/h1>\t\t\t\t<\/div>\n\t\t\t\t<\/div>\n\t\t\t\t\t<\/div>\n\t\t<\/div>\n\t\t\t\t\t<\/div>\n\t\t<\/section>\n\t\t\t\t<section class=\"elementor-section elementor-top-section elementor-element elementor-element-03fbc6c elementor-section-height-min-height elementor-section-boxed elementor-section-height-default elementor-section-items-middle\" data-id=\"03fbc6c\" data-element_type=\"section\" data-e-type=\"section\" data-settings=\"{&quot;background_background&quot;:&quot;classic&quot;}\">\n\t\t\t\t\t\t<div class=\"elementor-container elementor-column-gap-default\">\n\t\t\t\t\t<div class=\"elementor-column elementor-col-100 elementor-top-column elementor-element elementor-element-b5d2fb2\" data-id=\"b5d2fb2\" data-element_type=\"column\" data-e-type=\"column\">\n\t\t\t<div class=\"elementor-widget-wrap elementor-element-populated\">\n\t\t\t\t\t\t<div class=\"elementor-element elementor-element-8460f2d elementor-widget elementor-widget-heading\" data-id=\"8460f2d\" data-element_type=\"widget\" data-e-type=\"widget\" data-widget_type=\"heading.default\">\n\t\t\t\t<div class=\"elementor-widget-container\">\n\t\t\t\t\t<h2 class=\"elementor-heading-title elementor-size-default\">Information<\/h2>\t\t\t\t<\/div>\n\t\t\t\t<\/div>\n\t\t\t\t<div class=\"elementor-element elementor-element-4e0b9c4 elementor-widget elementor-widget-text-editor\" data-id=\"4e0b9c4\" data-element_type=\"widget\" data-e-type=\"widget\" data-widget_type=\"text-editor.default\">\n\t\t\t\t<div class=\"elementor-widget-container\">\n\t\t\t\t\t\t\t\t\t<p>Appellez-nous au 613-747-0727 pour plus d\u2019information sur nos services ou \u00e9crivez-nous au <a href=\"mailto:info@heroxx.com\">info@heroxx.com<\/a> ou encore compl\u00e9ter le formulaire ci-bas.<br \/>\nNous vous r\u00e9pondrons en dedans d\u2019une journ\u00e9e ouvrable.<\/p>\n\t\t\t\t\t\t\t\t<\/div>\n\t\t\t\t<\/div>\n\t\t\t\t\t<\/div>\n\t\t<\/div>\n\t\t\t\t\t<\/div>\n\t\t<\/section>\n\t\t\t\t<\/div>\n\t\t\t\t<\/div>\n\t\t\t\t\t\t<\/div>\n\t\t\t\t<\/div>\n\t\t\t\t\t<\/div>\n\t\t<\/div>\n\t\t\t\t\t<\/div>\n\t\t<\/section>\n\t\t\t\t<section class=\"elementor-section elementor-top-section elementor-element elementor-element-0a52320 elementor-section-boxed elementor-section-height-default elementor-section-height-default\" data-id=\"0a52320\" data-element_type=\"section\" data-e-type=\"section\" data-settings=\"{&quot;background_background&quot;:&quot;gradient&quot;}\">\n\t\t\t\t\t\t<div class=\"elementor-container elementor-column-gap-default\">\n\t\t\t\t\t<div class=\"elementor-column elementor-col-100 elementor-top-column elementor-element elementor-element-5bedf95\" data-id=\"5bedf95\" data-element_type=\"column\" data-e-type=\"column\" data-settings=\"{&quot;background_background&quot;:&quot;classic&quot;}\">\n\t\t\t<div class=\"elementor-widget-wrap elementor-element-populated\">\n\t\t\t\t\t\t<div class=\"elementor-element elementor-element-d6c2ee3 elementor-widget elementor-widget-heading\" data-id=\"d6c2ee3\" data-element_type=\"widget\" data-e-type=\"widget\" data-widget_type=\"heading.default\">\n\t\t\t\t<div class=\"elementor-widget-container\">\n\t\t\t\t\t<h2 class=\"elementor-heading-title elementor-size-default\">Contactez-nous<\/h2>\t\t\t\t<\/div>\n\t\t\t\t<\/div>\n\t\t\t\t<div class=\"elementor-element elementor-element-3e6c25d elementor-button-align-end elementor-widget elementor-widget-form\" data-id=\"3e6c25d\" data-element_type=\"widget\" data-e-type=\"widget\" data-settings=\"{&quot;step_next_label&quot;:&quot;Suivant&quot;,&quot;step_previous_label&quot;:&quot;Pr\\u00e9c\\u00e9dent&quot;,&quot;button_width&quot;:&quot;100&quot;,&quot;step_type&quot;:&quot;number_text&quot;,&quot;step_icon_shape&quot;:&quot;circle&quot;}\" data-widget_type=\"form.default\">\n\t\t\t\t<div class=\"elementor-widget-container\">\n\t\t\t\t\t\t\t<form class=\"elementor-form\" method=\"post\" name=\"Formulaire de contact\" aria-label=\"Formulaire de contact\">\n\t\t\t<input type=\"hidden\" name=\"post_id\" value=\"1739\"\/>\n\t\t\t<input type=\"hidden\" name=\"form_id\" value=\"3e6c25d\"\/>\n\t\t\t<input type=\"hidden\" name=\"referer_title\" value=\"Heroxx\" \/>\n\n\t\t\t\n\t\t\t<div class=\"elementor-form-fields-wrapper elementor-labels-\">\n\t\t\t\t\t\t\t\t<div class=\"elementor-field-type-text elementor-field-group elementor-column elementor-field-group-name elementor-col-50\">\n\t\t\t\t\t\t\t\t\t\t\t\t<label for=\"form-field-name\" class=\"elementor-field-label elementor-screen-only\">\n\t\t\t\t\t\t\t\tNom\t\t\t\t\t\t\t<\/label>\n\t\t\t\t\t\t\t\t\t\t\t\t\t\t<input size=\"1\" type=\"text\" name=\"form_fields[name]\" id=\"form-field-name\" class=\"elementor-field elementor-size-md  elementor-field-textual\" placeholder=\"Nom\">\n\t\t\t\t\t\t\t\t\t\t\t<\/div>\n\t\t\t\t\t\t\t\t<div class=\"elementor-field-type-text elementor-field-group elementor-column elementor-field-group-field_960ccca elementor-col-50\">\n\t\t\t\t\t\t\t\t\t\t\t\t<label for=\"form-field-field_960ccca\" class=\"elementor-field-label elementor-screen-only\">\n\t\t\t\t\t\t\t\tCompagnie\t\t\t\t\t\t\t<\/label>\n\t\t\t\t\t\t\t\t\t\t\t\t\t\t<input size=\"1\" type=\"text\" name=\"form_fields[field_960ccca]\" id=\"form-field-field_960ccca\" class=\"elementor-field elementor-size-md  elementor-field-textual\" placeholder=\"Compagnie\">\n\t\t\t\t\t\t\t\t\t\t\t<\/div>\n\t\t\t\t\t\t\t\t<div class=\"elementor-field-type-email elementor-field-group elementor-column elementor-field-group-email elementor-col-50 elementor-field-required\">\n\t\t\t\t\t\t\t\t\t\t\t\t<label for=\"form-field-email\" class=\"elementor-field-label elementor-screen-only\">\n\t\t\t\t\t\t\t\tCourriel\t\t\t\t\t\t\t<\/label>\n\t\t\t\t\t\t\t\t\t\t\t\t\t\t<input size=\"1\" type=\"email\" name=\"form_fields[email]\" id=\"form-field-email\" class=\"elementor-field elementor-size-md  elementor-field-textual\" placeholder=\"Courriel\" required=\"required\">\n\t\t\t\t\t\t\t\t\t\t\t<\/div>\n\t\t\t\t\t\t\t\t<div class=\"elementor-field-type-tel elementor-field-group elementor-column elementor-field-group-field_b0ce36e elementor-col-50 elementor-field-required\">\n\t\t\t\t\t\t\t\t\t\t\t\t<label for=\"form-field-field_b0ce36e\" class=\"elementor-field-label elementor-screen-only\">\n\t\t\t\t\t\t\t\tT\u00e9l\u00e9phone\t\t\t\t\t\t\t<\/label>\n\t\t\t\t\t\t\t\t<input size=\"1\" type=\"tel\" name=\"form_fields[field_b0ce36e]\" id=\"form-field-field_b0ce36e\" class=\"elementor-field elementor-size-md  elementor-field-textual\" placeholder=\"T\u00e9l\u00e9phone\" required=\"required\" pattern=\"[0-9()#&amp;+*-=.]+\" title=\"Seuls les caract\u00e8res de num\u00e9ros de t\u00e9l\u00e9phone (#, -, *, etc.) sont accept\u00e9s.\">\n\n\t\t\t\t\t\t<\/div>\n\t\t\t\t\t\t\t\t<div class=\"elementor-field-type-html elementor-field-group elementor-column elementor-field-group-field_b36f8d4 elementor-col-100\">\n\t\t\t\t\t\n          <h5 style=\"margin-bottom:-10px;\">Nos services<\/h5>\n        \t\t\t\t<\/div>\n\t\t\t\t\t\t\t\t<div class=\"elementor-field-type-checkbox elementor-field-group elementor-column elementor-field-group-field_70eab8a elementor-col-100\">\n\t\t\t\t\t\t\t\t\t\t\t\t<label for=\"form-field-field_70eab8a\" class=\"elementor-field-label elementor-screen-only\">\n\t\t\t\t\t\t\t\tChoix des services\t\t\t\t\t\t\t<\/label>\n\t\t\t\t\t\t<div class=\"elementor-field-subgroup  \"><span class=\"elementor-field-option\"><input type=\"checkbox\" value=\"Analyse de l\u2019\u00e9cart\" id=\"form-field-field_70eab8a-0\" name=\"form_fields[field_70eab8a][]\"> <label for=\"form-field-field_70eab8a-0\">Analyse de l\u2019\u00e9cart<\/label><\/span><span class=\"elementor-field-option\"><input type=\"checkbox\" value=\"\u00c9valuation et Classification\" id=\"form-field-field_70eab8a-1\" name=\"form_fields[field_70eab8a][]\"> <label for=\"form-field-field_70eab8a-1\">\u00c9valuation et Classification<\/label><\/span><span class=\"elementor-field-option\"><input type=\"checkbox\" value=\"Repr\u00e9sentation\" id=\"form-field-field_70eab8a-2\" name=\"form_fields[field_70eab8a][]\"> <label for=\"form-field-field_70eab8a-2\">Repr\u00e9sentation<\/label><\/span><span class=\"elementor-field-option\"><input type=\"checkbox\" value=\"Formation\" id=\"form-field-field_70eab8a-3\" name=\"form_fields[field_70eab8a][]\"> <label for=\"form-field-field_70eab8a-3\">Formation<\/label><\/span><span class=\"elementor-field-option\"><input type=\"checkbox\" value=\"Demande g\u00e9n\u00e9rale\" id=\"form-field-field_70eab8a-4\" name=\"form_fields[field_70eab8a][]\"> <label for=\"form-field-field_70eab8a-4\">Demande g\u00e9n\u00e9rale<\/label><\/span><\/div>\t\t\t\t<\/div>\n\t\t\t\t\t\t\t\t<div class=\"elementor-field-type-textarea elementor-field-group elementor-column elementor-field-group-message elementor-col-100\">\n\t\t\t\t\t\t\t\t\t\t\t\t<label for=\"form-field-message\" class=\"elementor-field-label elementor-screen-only\">\n\t\t\t\t\t\t\t\tMessage\t\t\t\t\t\t\t<\/label>\n\t\t\t\t\t\t<textarea class=\"elementor-field-textual elementor-field  elementor-size-md\" name=\"form_fields[message]\" id=\"form-field-message\" rows=\"4\" placeholder=\"Message\"><\/textarea>\t\t\t\t<\/div>\n\t\t\t\t\t\t\t\t<div class=\"elementor-field-type-recaptcha_v3 elementor-field-group elementor-column elementor-field-group-field_e45d86e elementor-col-100 recaptcha_v3-inline\">\n\t\t\t\t\t<div class=\"elementor-field\" id=\"form-field-field_e45d86e\"><div class=\"elementor-g-recaptcha\" data-sitekey=\"6LcILmQeAAAAABXehZKHAHCPqZv9J7beTyiKxrMP\" data-type=\"v3\" data-action=\"Form\" data-badge=\"inline\" data-size=\"invisible\"><\/div><\/div>\t\t\t\t<\/div>\n\t\t\t\t\t\t\t\t<div class=\"elementor-field-group elementor-column elementor-field-type-submit elementor-col-100 e-form__buttons\">\n\t\t\t\t\t<button class=\"elementor-button elementor-size-sm\" type=\"submit\">\n\t\t\t\t\t\t<span class=\"elementor-button-content-wrapper\">\n\t\t\t\t\t\t\t\t\t\t\t\t\t\t\t\t\t\t\t\t\t\t<span class=\"elementor-button-text\">Envoyer<\/span>\n\t\t\t\t\t\t\t\t\t\t\t\t\t<\/span>\n\t\t\t\t\t<\/button>\n\t\t\t\t<\/div>\n\t\t\t<\/div>\n\t\t<\/form>\n\t\t\t\t\t\t<\/div>\n\t\t\t\t<\/div>\n\t\t\t\t\t<\/div>\n\t\t<\/div>\n\t\t\t\t\t<\/div>\n\t\t<\/section>\n\t\t\t\t<\/div>\n\t\t","protected":false},"excerpt":{"rendered":"<p>Contactez-nous<\/p>\n","protected":false},"author":11,"featured_media":0,"parent":0,"menu_order":0,"comment_status":"closed","ping_status":"closed","template":"","meta":{"_acf_changed":false,"footnotes":""},"class_list":["post-1739","page","type-page","status-publish","hentry"],"acf":[],"yoast_head":"<!-- This site is optimized with the Yoast SEO plugin v24.8.1 - https:\/\/yoast.com\/wordpress\/plugins\/seo\/ -->\n<title>Contactez-nous - Heroxx<\/title>\n<meta name=\"robots\" content=\"index, follow, max-snippet:-1, max-image-preview:large, max-video-preview:-1\" \/>\n<link rel=\"canonical\" href=\"https:\/\/heroxx.com\/fr\/contactez-nous\/\" \/>\n<meta property=\"og:locale\" content=\"fr_FR\" \/>\n<meta property=\"og:type\" content=\"article\" \/>\n<meta property=\"og:title\" content=\"Contactez-nous - Heroxx\" \/>\n<meta property=\"og:description\" content=\"Contactez-nous\" \/>\n<meta property=\"og:url\" content=\"https:\/\/heroxx.com\/fr\/contactez-nous\/\" \/>\n<meta property=\"og:site_name\" content=\"Heroxx\" \/>\n<meta property=\"article:modified_time\" content=\"2022-02-11T22:30:13+00:00\" \/>\n<meta name=\"twitter:card\" content=\"summary_large_image\" \/>\n<script type=\"application\/ld+json\" class=\"yoast-schema-graph\">{\"@context\":\"https:\/\/schema.org\",\"@graph\":[{\"@type\":\"WebPage\",\"@id\":\"https:\/\/heroxx.com\/fr\/contactez-nous\/\",\"url\":\"https:\/\/heroxx.com\/fr\/contactez-nous\/\",\"name\":\"Contactez-nous - Heroxx\",\"isPartOf\":{\"@id\":\"https:\/\/heroxx.com\/#website\"},\"datePublished\":\"2022-01-26T16:55:38+00:00\",\"dateModified\":\"2022-02-11T22:30:13+00:00\",\"breadcrumb\":{\"@id\":\"https:\/\/heroxx.com\/fr\/contactez-nous\/#breadcrumb\"},\"inLanguage\":\"fr-FR\",\"potentialAction\":[{\"@type\":\"ReadAction\",\"target\":[\"https:\/\/heroxx.com\/fr\/contactez-nous\/\"]}]},{\"@type\":\"BreadcrumbList\",\"@id\":\"https:\/\/heroxx.com\/fr\/contactez-nous\/#breadcrumb\",\"itemListElement\":[{\"@type\":\"ListItem\",\"position\":1,\"name\":\"Home\",\"item\":\"https:\/\/heroxx.com\/fr\/\"},{\"@type\":\"ListItem\",\"position\":2,\"name\":\"Contactez-nous\"}]},{\"@type\":\"WebSite\",\"@id\":\"https:\/\/heroxx.com\/#website\",\"url\":\"https:\/\/heroxx.com\/\",\"name\":\"Heroxx\",\"description\":\"Solving Compliance Every Day\",\"publisher\":{\"@id\":\"https:\/\/heroxx.com\/#organization\"},\"potentialAction\":[{\"@type\":\"SearchAction\",\"target\":{\"@type\":\"EntryPoint\",\"urlTemplate\":\"https:\/\/heroxx.com\/?s={search_term_string}\"},\"query-input\":{\"@type\":\"PropertyValueSpecification\",\"valueRequired\":true,\"valueName\":\"search_term_string\"}}],\"inLanguage\":\"fr-FR\"},{\"@type\":\"Organization\",\"@id\":\"https:\/\/heroxx.com\/#organization\",\"name\":\"Heroxx Trade Compliance\",\"url\":\"https:\/\/heroxx.com\/\",\"logo\":{\"@type\":\"ImageObject\",\"inLanguage\":\"fr-FR\",\"@id\":\"https:\/\/heroxx.com\/#\/schema\/logo\/image\/\",\"url\":\"https:\/\/heroxx.com\/wp-content\/uploads\/2022\/02\/Heroxx-logo-2018_blue-positive_cropped.png\",\"contentUrl\":\"https:\/\/heroxx.com\/wp-content\/uploads\/2022\/02\/Heroxx-logo-2018_blue-positive_cropped.png\",\"width\":1398,\"height\":351,\"caption\":\"Heroxx Trade Compliance\"},\"image\":{\"@id\":\"https:\/\/heroxx.com\/#\/schema\/logo\/image\/\"},\"sameAs\":[\"https:\/\/www.linkedin.com\/company\/heroxx\/about\/\"]}]}<\/script>\n<!-- \/ Yoast SEO plugin. -->","yoast_head_json":{"title":"Contactez-nous - Heroxx","robots":{"index":"index","follow":"follow","max-snippet":"max-snippet:-1","max-image-preview":"max-image-preview:large","max-video-preview":"max-video-preview:-1"},"canonical":"https:\/\/heroxx.com\/fr\/contactez-nous\/","og_locale":"fr_FR","og_type":"article","og_title":"Contactez-nous - Heroxx","og_description":"Contactez-nous","og_url":"https:\/\/heroxx.com\/fr\/contactez-nous\/","og_site_name":"Heroxx","article_modified_time":"2022-02-11T22:30:13+00:00","twitter_card":"summary_large_image","schema":{"@context":"https:\/\/schema.org","@graph":[{"@type":"WebPage","@id":"https:\/\/heroxx.com\/fr\/contactez-nous\/","url":"https:\/\/heroxx.com\/fr\/contactez-nous\/","name":"Contactez-nous - Heroxx","isPartOf":{"@id":"https:\/\/heroxx.com\/#website"},"datePublished":"2022-01-26T16:55:38+00:00","dateModified":"2022-02-11T22:30:13+00:00","breadcrumb":{"@id":"https:\/\/heroxx.com\/fr\/contactez-nous\/#breadcrumb"},"inLanguage":"fr-FR","potentialAction":[{"@type":"ReadAction","target":["https:\/\/heroxx.com\/fr\/contactez-nous\/"]}]},{"@type":"BreadcrumbList","@id":"https:\/\/heroxx.com\/fr\/contactez-nous\/#breadcrumb","itemListElement":[{"@type":"ListItem","position":1,"name":"Home","item":"https:\/\/heroxx.com\/fr\/"},{"@type":"ListItem","position":2,"name":"Contactez-nous"}]},{"@type":"WebSite","@id":"https:\/\/heroxx.com\/#website","url":"https:\/\/heroxx.com\/","name":"Heroxx","description":"Solving Compliance Every Day","publisher":{"@id":"https:\/\/heroxx.com\/#organization"},"potentialAction":[{"@type":"SearchAction","target":{"@type":"EntryPoint","urlTemplate":"https:\/\/heroxx.com\/?s={search_term_string}"},"query-input":{"@type":"PropertyValueSpecification","valueRequired":true,"valueName":"search_term_string"}}],"inLanguage":"fr-FR"},{"@type":"Organization","@id":"https:\/\/heroxx.com\/#organization","name":"Heroxx Trade Compliance","url":"https:\/\/heroxx.com\/","logo":{"@type":"ImageObject","inLanguage":"fr-FR","@id":"https:\/\/heroxx.com\/#\/schema\/logo\/image\/","url":"https:\/\/heroxx.com\/wp-content\/uploads\/2022\/02\/Heroxx-logo-2018_blue-positive_cropped.png","contentUrl":"https:\/\/heroxx.com\/wp-content\/uploads\/2022\/02\/Heroxx-logo-2018_blue-positive_cropped.png","width":1398,"height":351,"caption":"Heroxx Trade Compliance"},"image":{"@id":"https:\/\/heroxx.com\/#\/schema\/logo\/image\/"},"sameAs":["https:\/\/www.linkedin.com\/company\/heroxx\/about\/"]}]}},"_links":{"self":[{"href":"https:\/\/heroxx.com\/fr\/wp-json\/wp\/v2\/pages\/1739","targetHints":{"allow":["GET"]}}],"collection":[{"href":"https:\/\/heroxx.com\/fr\/wp-json\/wp\/v2\/pages"}],"about":[{"href":"https:\/\/heroxx.com\/fr\/wp-json\/wp\/v2\/types\/page"}],"author":[{"embeddable":true,"href":"https:\/\/heroxx.com\/fr\/wp-json\/wp\/v2\/users\/11"}],"replies":[{"embeddable":true,"href":"https:\/\/heroxx.com\/fr\/wp-json\/wp\/v2\/comments?post=1739"}],"version-history":[{"count":3,"href":"https:\/\/heroxx.com\/fr\/wp-json\/wp\/v2\/pages\/1739\/revisions"}],"predecessor-version":[{"id":1961,"href":"https:\/\/heroxx.com\/fr\/wp-json\/wp\/v2\/pages\/1739\/revisions\/1961"}],"wp:attachment":[{"href":"https:\/\/heroxx.com\/fr\/wp-json\/wp\/v2\/media?parent=1739"}],"curies":[{"name":"wp","href":"https:\/\/api.w.org\/{rel}","templated":true}]}}