{"id":1731,"date":"2022-01-26T15:45:07","date_gmt":"2022-01-26T15:45:07","guid":{"rendered":"https:\/\/heroxx.com\/services\/evaluation-et-classification\/"},"modified":"2022-01-26T15:45:08","modified_gmt":"2022-01-26T15:45:08","slug":"evaluation-et-classification","status":"publish","type":"page","link":"https:\/\/heroxx.com\/fr\/services\/evaluation-et-classification\/","title":{"rendered":"\u00c9valuation et classification"},"content":{"rendered":"\t\t<div data-elementor-type=\"wp-page\" data-elementor-id=\"1731\" class=\"elementor elementor-1731\" data-elementor-post-type=\"page\">\n\t\t\t\t\t\t<section class=\"elementor-section elementor-top-section elementor-element elementor-element-0ae9b44 elementor-section-full_width elementor-section-height-default elementor-section-height-default\" data-id=\"0ae9b44\" data-element_type=\"section\" data-e-type=\"section\">\n\t\t\t\t\t\t<div class=\"elementor-container elementor-column-gap-default\">\n\t\t\t\t\t<div class=\"elementor-column elementor-col-100 elementor-top-column elementor-element elementor-element-94d8e4b\" data-id=\"94d8e4b\" data-element_type=\"column\" data-e-type=\"column\">\n\t\t\t<div class=\"elementor-widget-wrap elementor-element-populated\">\n\t\t\t\t\t\t<div class=\"elementor-element elementor-element-6e7908c elementor-widget elementor-widget-template\" data-id=\"6e7908c\" data-element_type=\"widget\" data-e-type=\"widget\" data-widget_type=\"template.default\">\n\t\t\t\t<div class=\"elementor-widget-container\">\n\t\t\t\t\t\t\t<div class=\"elementor-template\">\n\t\t\t\t\t<div data-elementor-type=\"section\" data-elementor-id=\"442\" class=\"elementor elementor-442\" data-elementor-post-type=\"elementor_library\">\n\t\t\t\t\t<section class=\"elementor-section elementor-top-section elementor-element elementor-element-66d043c elementor-section-full_width elementor-section-height-default elementor-section-height-default\" data-id=\"66d043c\" data-element_type=\"section\" data-e-type=\"section\" data-settings=\"{&quot;background_background&quot;:&quot;classic&quot;}\">\n\t\t\t\t\t\t<div class=\"elementor-container elementor-column-gap-no\">\n\t\t\t\t\t<div class=\"elementor-column elementor-col-100 elementor-top-column elementor-element elementor-element-40edfeeb\" data-id=\"40edfeeb\" data-element_type=\"column\" data-e-type=\"column\">\n\t\t\t<div class=\"elementor-widget-wrap elementor-element-populated\">\n\t\t\t\t\t\t<div class=\"elementor-element elementor-element-6e8f1977 elementor-widget elementor-widget-heading\" data-id=\"6e8f1977\" data-element_type=\"widget\" data-e-type=\"widget\" data-widget_type=\"heading.default\">\n\t\t\t\t<div class=\"elementor-widget-container\">\n\t\t\t\t\t<h1 class=\"elementor-heading-title elementor-size-default\">\u00c9valuation et classification<\/h1>\t\t\t\t<\/div>\n\t\t\t\t<\/div>\n\t\t\t\t\t<\/div>\n\t\t<\/div>\n\t\t\t\t\t<\/div>\n\t\t<\/section>\n\t\t\t\t<section class=\"elementor-section elementor-top-section elementor-element elementor-element-03fbc6c elementor-section-height-min-height elementor-section-boxed elementor-section-height-default elementor-section-items-middle\" data-id=\"03fbc6c\" data-element_type=\"section\" data-e-type=\"section\" data-settings=\"{&quot;background_background&quot;:&quot;classic&quot;}\">\n\t\t\t\t\t\t<div class=\"elementor-container elementor-column-gap-default\">\n\t\t\t\t\t<div class=\"elementor-column elementor-col-100 elementor-top-column elementor-element elementor-element-b5d2fb2\" data-id=\"b5d2fb2\" data-element_type=\"column\" data-e-type=\"column\">\n\t\t\t<div class=\"elementor-widget-wrap elementor-element-populated\">\n\t\t\t\t\t\t<div class=\"elementor-element elementor-element-8460f2d elementor-widget elementor-widget-heading\" data-id=\"8460f2d\" data-element_type=\"widget\" data-e-type=\"widget\" data-widget_type=\"heading.default\">\n\t\t\t\t<div class=\"elementor-widget-container\">\n\t\t\t\t\t<h2 class=\"elementor-heading-title elementor-size-default\">ECCN, codes SH, codes tarifaires, num\u00e9ro de la LCE, cat\u00e9gorie ITAR.<\/h2>\t\t\t\t<\/div>\n\t\t\t\t<\/div>\n\t\t\t\t<div class=\"elementor-element elementor-element-4e0b9c4 elementor-widget elementor-widget-text-editor\" data-id=\"4e0b9c4\" data-element_type=\"widget\" data-e-type=\"widget\" data-widget_type=\"text-editor.default\">\n\t\t\t\t<div class=\"elementor-widget-container\">\n\t\t\t\t\t\t\t\t\t<p>Dans l\u2019\u00e8re technologique, il semble que tout ce qui existe doit \u00eatre cod\u00e9, m\u00eame si ce n\u2019est que pour permettre son traitement par ordinateur. Le malheur, c\u2019est la prolif\u00e9ration de nomenclatures diff\u00e9rentes, requ\u00e9rant ainsi des connaissances approfondies de divers syst\u00e8mes de codage pour g\u00e9rer une entreprise. En termes de commerce international, l\u2019utilisation de codes fautifs m\u00e8ne \u00e0 des retards ou des co\u00fbts suppl\u00e9mentaires, voire des p\u00e9nalit\u00e9s et des saisies.<\/p>\n<p><strong>L\u2019\u00e9valuation de vos produits par des experts en classification vous donnera la tranquillit\u00e9 d\u2019esprit que vos classifications sont correctes, et vous permettra de mieux g\u00e9rer vos transactions internationales.<\/strong><\/p>\n\t\t\t\t\t\t\t\t<\/div>\n\t\t\t\t<\/div>\n\t\t\t\t\t<\/div>\n\t\t<\/div>\n\t\t\t\t\t<\/div>\n\t\t<\/section>\n\t\t\t\t<\/div>\n\t\t\t\t<\/div>\n\t\t\t\t\t\t<\/div>\n\t\t\t\t<\/div>\n\t\t\t\t\t<\/div>\n\t\t<\/div>\n\t\t\t\t\t<\/div>\n\t\t<\/section>\n\t\t\t\t<section class=\"elementor-section elementor-top-section elementor-element elementor-element-57484c7 elementor-section-boxed elementor-section-height-default elementor-section-height-default\" data-id=\"57484c7\" data-element_type=\"section\" data-e-type=\"section\" data-settings=\"{&quot;background_background&quot;:&quot;gradient&quot;}\">\n\t\t\t\t\t\t<div class=\"elementor-container elementor-column-gap-default\">\n\t\t\t\t\t<div class=\"elementor-column elementor-col-100 elementor-top-column elementor-element elementor-element-7c5e8994\" data-id=\"7c5e8994\" data-element_type=\"column\" data-e-type=\"column\">\n\t\t\t<div class=\"elementor-widget-wrap elementor-element-populated\">\n\t\t\t\t\t\t<div class=\"elementor-element elementor-element-17b23b6a accordion-bev elementor-widget elementor-widget-accordion\" data-id=\"17b23b6a\" data-element_type=\"widget\" data-e-type=\"widget\" data-widget_type=\"accordion.default\">\n\t\t\t\t<div class=\"elementor-widget-container\">\n\t\t\t\t\t\t\t<div class=\"elementor-accordion\">\n\t\t\t\t\t\t\t<div class=\"elementor-accordion-item\">\n\t\t\t\t\t<h4 id=\"elementor-tab-title-3971\" class=\"elementor-tab-title\" data-tab=\"1\" role=\"button\" aria-controls=\"elementor-tab-content-3971\" aria-expanded=\"false\">\n\t\t\t\t\t\t\t\t\t\t\t\t\t<span class=\"elementor-accordion-icon elementor-accordion-icon-right\" aria-hidden=\"true\">\n\t\t\t\t\t\t\t\t\t\t\t\t\t\t\t<span class=\"elementor-accordion-icon-closed\"><i class=\"fas fa-chevron-down\"><\/i><\/span>\n\t\t\t\t\t\t\t\t<span class=\"elementor-accordion-icon-opened\"><i class=\"fas fa-chevron-up\"><\/i><\/span>\n\t\t\t\t\t\t\t\t\t\t\t\t\t\t<\/span>\n\t\t\t\t\t\t\t\t\t\t\t\t<a class=\"elementor-accordion-title\" tabindex=\"0\">Classification HS<\/a>\n\t\t\t\t\t<\/h4>\n\t\t\t\t\t<div id=\"elementor-tab-content-3971\" class=\"elementor-tab-content elementor-clearfix\" data-tab=\"1\" role=\"region\" aria-labelledby=\"elementor-tab-title-3971\"><h4>Impact sur les operations<\/h4>\n<p>On sous-estime souvent la complexit\u00e9 et les d\u00e9fis des codes SH \u00e0 d\u00e9terminer quotidiennement, ou l\u2019impact de ces classifications sur les temps de livraison aux clients, ou m\u00eame sur l\u2019admissibilit\u00e9 aux divers accords de libre-\u00e9change. En plus, les autorit\u00e9s douani\u00e8res dans la plupart des pays ciblent les inspections sur la classification propos\u00e9e par l\u2019exportateur. Dans le cas de classification erron\u00e9e, vous \u00eates expos\u00e9s \u00e0 des retards r\u00e9guli\u00e8rement, \u00e0 des exigences suppl\u00e9mentaires qui ne devraient pas s\u2019appliquer \u00e0 votre produit, ou encore \u00e0 des saisies et p\u00e9nalit\u00e9s.<\/p>\n<p>Il n\u2019est pas rare qu\u2019un exportateur s\u2019expose \u00e0 des droits de douanes, TVA ou taxes suppl\u00e9mentaires dans un pays \u00e9tranger, pouvant facilement grimper \u00e0 25% et plus, en raison de classification erron\u00e9e ou Incoterme mal choisi.<\/p>\n<h4>Nous pouvons vous aider!<\/h4>\n<p>Notre compr\u00e9hension avanc\u00e9e des douanes, des accords de libre-\u00e9change et du SH nous permet de travailler au c\u00f4t\u00e9 de votre \u00e9quipe<\/p>\n<p>pour assurer l\u2019\u00e9tablissement et le maintien d\u2019une base de donn\u00e9es pr\u00e9cise et de grande qualit\u00e9. Chez Heroxx, nous sommes toujours \u00e0 la fine pointe des exigences \u00e0 rencontrer pour \u00e9viter tout retard ou emb\u00fbche.<\/p>\n<\/div>\n\t\t\t\t<\/div>\n\t\t\t\t\t\t\t<div class=\"elementor-accordion-item\">\n\t\t\t\t\t<h4 id=\"elementor-tab-title-3972\" class=\"elementor-tab-title\" data-tab=\"2\" role=\"button\" aria-controls=\"elementor-tab-content-3972\" aria-expanded=\"false\">\n\t\t\t\t\t\t\t\t\t\t\t\t\t<span class=\"elementor-accordion-icon elementor-accordion-icon-right\" aria-hidden=\"true\">\n\t\t\t\t\t\t\t\t\t\t\t\t\t\t\t<span class=\"elementor-accordion-icon-closed\"><i class=\"fas fa-chevron-down\"><\/i><\/span>\n\t\t\t\t\t\t\t\t<span class=\"elementor-accordion-icon-opened\"><i class=\"fas fa-chevron-up\"><\/i><\/span>\n\t\t\t\t\t\t\t\t\t\t\t\t\t\t<\/span>\n\t\t\t\t\t\t\t\t\t\t\t\t<a class=\"elementor-accordion-title\" tabindex=\"0\">Classification aux fins de contr\u00f4le \u00e0 l\u2019exportation<\/a>\n\t\t\t\t\t<\/h4>\n\t\t\t\t\t<div id=\"elementor-tab-content-3972\" class=\"elementor-tab-content elementor-clearfix\" data-tab=\"2\" role=\"region\" aria-labelledby=\"elementor-tab-title-3972\"><p>La d\u00e9termination du statut de contr\u00f4le \u00e0 l\u2019exportation est complexe, demandant souvent des connaissances en g\u00e9nie pour d\u00e9terminer avec certitude si une clause de la liste de marchandises contr\u00f4l\u00e9e s\u2019applique \u00e0 un produit donn\u00e9, ou non. Une conclusion erron\u00e9e qu\u2019un article n\u2019est pas sujet \u00e0 contr\u00f4le peut co\u00fbter tr\u00e8s cher. M\u00eame si de par sa nature un article n\u2019est pas contr\u00f4l\u00e9 \u00e0 l\u2019exportation, il peut l\u2019\u00eatre en vertu du contenu am\u00e9ricain dans sa fabrication, et donc sujet \u00e0 des sanctions Canadiennes bas\u00e9 sur les contr\u00f4les am\u00e9ricains! On se doit de noter aussi que les contr\u00f4les (et donc les classifications) nord-am\u00e9ricaines diff\u00e8rent entre elles:<\/p>\n<p>CCL \u2013 Export Administration Regulations (USA)<br \/>LMC \u2013 La Loi sur les Licences d\u2019Exportation et d\u2019importation (Canada)<br \/>USML \u2013 International Traffic in Arms Regulations (USA)<br \/>LPD \u2013 L\u2019annexe de la Loi sur la Production de D\u00e9fense (Canada)<\/p>\n<h4>Impact sur les operations<\/h4>\n<p>Les risques sont immense \u2013 tenter d\u2019exporter un produit contr\u00f4l\u00e9 sans l\u2019obtention pr\u00e9alable d\u2019une licence d\u2019exportation m\u00e8ne \u00e0 une d\u00e9tention imm\u00e9diate, suivi de p\u00e9nalit\u00e9s mon\u00e9taires, de saisie et possiblement des proc\u00e9dures p\u00e9nales. Ce n\u2019est pas la place pour couper les coins ronds!<\/p>\n<p>Sur demande, les autorit\u00e9s peuvent tr\u00e8s bien vous fournir leur opinion du statut de contr\u00f4le de vos exportation, mais n\u2019oubliez surtout pas que les classifications sont toujours sujettes \u00e0 interpr\u00e9tation. En cas de doute, les autorit\u00e9s pourraient tr\u00e8s bien vous imposer un fardeau plus lourd que ne soit n\u00e9cessaire: si vous \u00eates en mesure d\u2019\u00e9tayer votre propre dossier de justification d\u00e9montrant qu\u2019un article n\u2019est pas sujet \u00e0 licence d\u2019exportation, vos op\u00e9rations en b\u00e9n\u00e9ficieront. Mais de d\u00e9battre une d\u00e9cision pr\u00e9alable demeurera toujours un d\u00e9fi de taille, un aspect qu\u2019on devra consid\u00e9rer avant de demander une opinion.<\/p>\n<h4>Nous pouvons vous aider!<\/h4>\n<p>Nous sommes des experts en classifications! Nous vous fournirons un rapport \u00e9crit de la classification de votre produit qui comprendra la justification de cette classification et un \u00e9nonc\u00e9 des informations techniques qui nous ont permis d\u2019en arriver \u00e0 nos conclusions. Au besoin nous pouvons aussi vous repr\u00e9senter pour en appeler d\u2019une d\u00e9cision ant\u00e9rieure, ainsi que de servir d\u2019expert en la mati\u00e8re devant les tribunaux.<\/p>\n<\/div>\n\t\t\t\t<\/div>\n\t\t\t\t\t\t\t<div class=\"elementor-accordion-item\">\n\t\t\t\t\t<h4 id=\"elementor-tab-title-3973\" class=\"elementor-tab-title\" data-tab=\"3\" role=\"button\" aria-controls=\"elementor-tab-content-3973\" aria-expanded=\"false\">\n\t\t\t\t\t\t\t\t\t\t\t\t\t<span class=\"elementor-accordion-icon elementor-accordion-icon-right\" aria-hidden=\"true\">\n\t\t\t\t\t\t\t\t\t\t\t\t\t\t\t<span class=\"elementor-accordion-icon-closed\"><i class=\"fas fa-chevron-down\"><\/i><\/span>\n\t\t\t\t\t\t\t\t<span class=\"elementor-accordion-icon-opened\"><i class=\"fas fa-chevron-up\"><\/i><\/span>\n\t\t\t\t\t\t\t\t\t\t\t\t\t\t<\/span>\n\t\t\t\t\t\t\t\t\t\t\t\t<a class=\"elementor-accordion-title\" tabindex=\"0\">Se qualifier \u00e0 un accord de libre-\u00e9change<\/a>\n\t\t\t\t\t<\/h4>\n\t\t\t\t\t<div id=\"elementor-tab-content-3973\" class=\"elementor-tab-content elementor-clearfix\" data-tab=\"3\" role=\"region\" aria-labelledby=\"elementor-tab-title-3973\"><p>Notre ample connaissance des r\u00e8gles d\u2019origine d\u2019accords de libre \u00e9change et de classifications du SH nous permet de travailler en collaboration avec vos employ\u00e9s pour revoir la justification d\u2019origine de vos produits qui, \u00e0 premi\u00e8re vue, semblent ne pas se qualifier. Nous vous fournirons les \u00e9tapes que nous avons suivies pour justifier l\u2019origine et la certification selon les r\u00e8gles de tout accord de libre-\u00e9change dont le Canada ou les \u00c9tats Unis sont signataires.<\/p>\n<p>Nous offrons une compr\u00e9hension avanc\u00e9e des r\u00e8gles d\u2019origine d\u2019accord de libre-\u00e9change, incluant le NAFTA, USMCA, le TPP ainsi que les accords avec l\u2019Union Europ\u00e9enne, la Cor\u00e9e, la Colombie, le P\u00e9rou, le Costa-Rica ou la Jordanie.<\/p>\n<p>Nous vous fournirons le formulaire appropri\u00e9, le rapport justificatif, la r\u00e8gle d\u2019origine pertinente et toute information additionnelle comme le contingent tarifaire, le cas \u00e9ch\u00e9ant, et les options concernant l\u2019utilisation de mati\u00e8res premi\u00e8res \u00e9trang\u00e8res de substitution.<\/p>\n<\/div>\n\t\t\t\t<\/div>\n\t\t\t\t\t\t\t\t<\/div>\n\t\t\t\t\t\t<\/div>\n\t\t\t\t<\/div>\n\t\t\t\t\t<\/div>\n\t\t<\/div>\n\t\t\t\t\t<\/div>\n\t\t<\/section>\n\t\t\t\t<section class=\"elementor-section elementor-top-section elementor-element elementor-element-13c0ba7 elementor-section-full_width elementor-section-height-default elementor-section-height-default\" data-id=\"13c0ba7\" data-element_type=\"section\" data-e-type=\"section\">\n\t\t\t\t\t\t<div class=\"elementor-container elementor-column-gap-default\">\n\t\t\t\t\t<div class=\"elementor-column elementor-col-100 elementor-top-column elementor-element elementor-element-72195d8\" data-id=\"72195d8\" data-element_type=\"column\" data-e-type=\"column\">\n\t\t\t<div class=\"elementor-widget-wrap elementor-element-populated\">\n\t\t\t\t\t\t<div class=\"elementor-element elementor-element-9886e58 elementor-widget elementor-widget-template\" data-id=\"9886e58\" data-element_type=\"widget\" data-e-type=\"widget\" data-widget_type=\"template.default\">\n\t\t\t\t<div class=\"elementor-widget-container\">\n\t\t\t\t\t\t\t<div class=\"elementor-template\">\n\t\t\t\t\t<div data-elementor-type=\"section\" data-elementor-id=\"689\" class=\"elementor elementor-689\" data-elementor-post-type=\"elementor_library\">\n\t\t\t\t\t<section class=\"elementor-section elementor-top-section elementor-element elementor-element-3e90741b elementor-section-boxed elementor-section-height-default elementor-section-height-default\" data-id=\"3e90741b\" data-element_type=\"section\" data-e-type=\"section\" data-settings=\"{&quot;background_background&quot;:&quot;gradient&quot;}\">\n\t\t\t\t\t\t<div class=\"elementor-container elementor-column-gap-default\">\n\t\t\t\t\t<div class=\"elementor-column elementor-col-100 elementor-top-column elementor-element elementor-element-5e751b42\" data-id=\"5e751b42\" data-element_type=\"column\" data-e-type=\"column\">\n\t\t\t<div class=\"elementor-widget-wrap elementor-element-populated\">\n\t\t\t\t\t\t<div class=\"elementor-element elementor-element-a7400fb elementor-widget elementor-widget-heading\" data-id=\"a7400fb\" data-element_type=\"widget\" data-e-type=\"widget\" data-widget_type=\"heading.default\">\n\t\t\t\t<div class=\"elementor-widget-container\">\n\t\t\t\t\t<h2 class=\"elementor-heading-title elementor-size-default\">Pour y voir clair dans les codes pertinents \u00e0 vos produits<\/h2>\t\t\t\t<\/div>\n\t\t\t\t<\/div>\n\t\t\t\t<div class=\"elementor-element elementor-element-6fb625d elementor-widget elementor-widget-text-editor\" data-id=\"6fb625d\" data-element_type=\"widget\" data-e-type=\"widget\" data-widget_type=\"text-editor.default\">\n\t\t\t\t<div class=\"elementor-widget-container\">\n\t\t\t\t\t\t\t\t\t<p>La classification est une de ces obligations incontournables qu\u2019on doit affronter d\u00e8s que possible. Avec une base de donn\u00e9es bien \u00e9tablie, et une maintenance r\u00e9guli\u00e8re, on ne peut pas se tromper!<\/p>\n\t\t\t\t\t\t\t\t<\/div>\n\t\t\t\t<\/div>\n\t\t\t\t<div class=\"elementor-element elementor-element-4eebd284 elementor-align-center elementor-widget elementor-widget-button\" data-id=\"4eebd284\" data-element_type=\"widget\" data-e-type=\"widget\" data-widget_type=\"button.default\">\n\t\t\t\t<div class=\"elementor-widget-container\">\n\t\t\t\t\t\t\t\t\t<div class=\"elementor-button-wrapper\">\n\t\t\t\t\t<a class=\"elementor-button elementor-button-link elementor-size-md\" href=\"https:\/\/heroxx.com\/contact-us\/\" target=\"_blank\">\n\t\t\t\t\t\t<span class=\"elementor-button-content-wrapper\">\n\t\t\t\t\t\t\t\t\t<span class=\"elementor-button-text\">Contact Us Now<\/span>\n\t\t\t\t\t<\/span>\n\t\t\t\t\t<\/a>\n\t\t\t\t<\/div>\n\t\t\t\t\t\t\t\t<\/div>\n\t\t\t\t<\/div>\n\t\t\t\t\t<\/div>\n\t\t<\/div>\n\t\t\t\t\t<\/div>\n\t\t<\/section>\n\t\t\t\t<\/div>\n\t\t\t\t<\/div>\n\t\t\t\t\t\t<\/div>\n\t\t\t\t<\/div>\n\t\t\t\t\t<\/div>\n\t\t<\/div>\n\t\t\t\t\t<\/div>\n\t\t<\/section>\n\t\t\t\t<\/div>\n\t\t","protected":false},"excerpt":{"rendered":"<p>Classification HS Impact sur les operations On sous-estime souvent la complexit\u00e9 et les d\u00e9fis des codes SH \u00e0 d\u00e9terminer quotidiennement, ou l\u2019impact de ces classifications sur les temps de livraison aux clients, ou m\u00eame sur l\u2019admissibilit\u00e9 aux divers accords de libre-\u00e9change. En plus, les autorit\u00e9s douani\u00e8res dans la plupart des pays ciblent les inspections sur [&hellip;]<\/p>\n","protected":false},"author":11,"featured_media":0,"parent":1720,"menu_order":2,"comment_status":"closed","ping_status":"closed","template":"","meta":{"_acf_changed":false,"footnotes":""},"class_list":["post-1731","page","type-page","status-publish","hentry"],"acf":[],"yoast_head":"<!-- This site is optimized with the Yoast SEO plugin v24.8.1 - https:\/\/yoast.com\/wordpress\/plugins\/seo\/ -->\n<title>\u00c9valuation et classification - Heroxx<\/title>\n<meta name=\"robots\" content=\"index, follow, max-snippet:-1, max-image-preview:large, max-video-preview:-1\" \/>\n<link rel=\"canonical\" href=\"https:\/\/heroxx.com\/fr\/services\/evaluation-et-classification\/\" \/>\n<meta property=\"og:locale\" content=\"fr_FR\" \/>\n<meta property=\"og:type\" content=\"article\" \/>\n<meta property=\"og:title\" content=\"\u00c9valuation et classification - Heroxx\" \/>\n<meta property=\"og:description\" content=\"Classification HS Impact sur les operations On sous-estime souvent la complexit\u00e9 et les d\u00e9fis des codes SH \u00e0 d\u00e9terminer quotidiennement, ou l\u2019impact de ces classifications sur les temps de livraison aux clients, ou m\u00eame sur l\u2019admissibilit\u00e9 aux divers accords de libre-\u00e9change. En plus, les autorit\u00e9s douani\u00e8res dans la plupart des pays ciblent les inspections sur [&hellip;]\" \/>\n<meta property=\"og:url\" content=\"https:\/\/heroxx.com\/fr\/services\/evaluation-et-classification\/\" \/>\n<meta property=\"og:site_name\" content=\"Heroxx\" \/>\n<meta property=\"article:modified_time\" content=\"2022-01-26T15:45:08+00:00\" \/>\n<meta name=\"twitter:card\" content=\"summary_large_image\" \/>\n<meta name=\"twitter:label1\" content=\"Dur\u00e9e de lecture estim\u00e9e\" \/>\n\t<meta name=\"twitter:data1\" content=\"4 minutes\" \/>\n<script type=\"application\/ld+json\" class=\"yoast-schema-graph\">{\"@context\":\"https:\/\/schema.org\",\"@graph\":[{\"@type\":\"WebPage\",\"@id\":\"https:\/\/heroxx.com\/fr\/services\/evaluation-et-classification\/\",\"url\":\"https:\/\/heroxx.com\/fr\/services\/evaluation-et-classification\/\",\"name\":\"\u00c9valuation et classification - Heroxx\",\"isPartOf\":{\"@id\":\"https:\/\/heroxx.com\/#website\"},\"datePublished\":\"2022-01-26T15:45:07+00:00\",\"dateModified\":\"2022-01-26T15:45:08+00:00\",\"breadcrumb\":{\"@id\":\"https:\/\/heroxx.com\/fr\/services\/evaluation-et-classification\/#breadcrumb\"},\"inLanguage\":\"fr-FR\",\"potentialAction\":[{\"@type\":\"ReadAction\",\"target\":[\"https:\/\/heroxx.com\/fr\/services\/evaluation-et-classification\/\"]}]},{\"@type\":\"BreadcrumbList\",\"@id\":\"https:\/\/heroxx.com\/fr\/services\/evaluation-et-classification\/#breadcrumb\",\"itemListElement\":[{\"@type\":\"ListItem\",\"position\":1,\"name\":\"Home\",\"item\":\"https:\/\/heroxx.com\/fr\/\"},{\"@type\":\"ListItem\",\"position\":2,\"name\":\"Nos services\",\"item\":\"https:\/\/heroxx.com\/fr\/services\/\"},{\"@type\":\"ListItem\",\"position\":3,\"name\":\"\u00c9valuation et classification\"}]},{\"@type\":\"WebSite\",\"@id\":\"https:\/\/heroxx.com\/#website\",\"url\":\"https:\/\/heroxx.com\/\",\"name\":\"Heroxx\",\"description\":\"Solving Compliance Every Day\",\"publisher\":{\"@id\":\"https:\/\/heroxx.com\/#organization\"},\"potentialAction\":[{\"@type\":\"SearchAction\",\"target\":{\"@type\":\"EntryPoint\",\"urlTemplate\":\"https:\/\/heroxx.com\/?s={search_term_string}\"},\"query-input\":{\"@type\":\"PropertyValueSpecification\",\"valueRequired\":true,\"valueName\":\"search_term_string\"}}],\"inLanguage\":\"fr-FR\"},{\"@type\":\"Organization\",\"@id\":\"https:\/\/heroxx.com\/#organization\",\"name\":\"Heroxx Trade Compliance\",\"url\":\"https:\/\/heroxx.com\/\",\"logo\":{\"@type\":\"ImageObject\",\"inLanguage\":\"fr-FR\",\"@id\":\"https:\/\/heroxx.com\/#\/schema\/logo\/image\/\",\"url\":\"https:\/\/heroxx.com\/wp-content\/uploads\/2022\/02\/Heroxx-logo-2018_blue-positive_cropped.png\",\"contentUrl\":\"https:\/\/heroxx.com\/wp-content\/uploads\/2022\/02\/Heroxx-logo-2018_blue-positive_cropped.png\",\"width\":1398,\"height\":351,\"caption\":\"Heroxx Trade Compliance\"},\"image\":{\"@id\":\"https:\/\/heroxx.com\/#\/schema\/logo\/image\/\"},\"sameAs\":[\"https:\/\/www.linkedin.com\/company\/heroxx\/about\/\"]}]}<\/script>\n<!-- \/ Yoast SEO plugin. -->","yoast_head_json":{"title":"\u00c9valuation et classification - Heroxx","robots":{"index":"index","follow":"follow","max-snippet":"max-snippet:-1","max-image-preview":"max-image-preview:large","max-video-preview":"max-video-preview:-1"},"canonical":"https:\/\/heroxx.com\/fr\/services\/evaluation-et-classification\/","og_locale":"fr_FR","og_type":"article","og_title":"\u00c9valuation et classification - Heroxx","og_description":"Classification HS Impact sur les operations On sous-estime souvent la complexit\u00e9 et les d\u00e9fis des codes SH \u00e0 d\u00e9terminer quotidiennement, ou l\u2019impact de ces classifications sur les temps de livraison aux clients, ou m\u00eame sur l\u2019admissibilit\u00e9 aux divers accords de libre-\u00e9change. En plus, les autorit\u00e9s douani\u00e8res dans la plupart des pays ciblent les inspections sur [&hellip;]","og_url":"https:\/\/heroxx.com\/fr\/services\/evaluation-et-classification\/","og_site_name":"Heroxx","article_modified_time":"2022-01-26T15:45:08+00:00","twitter_card":"summary_large_image","twitter_misc":{"Dur\u00e9e de lecture estim\u00e9e":"4 minutes"},"schema":{"@context":"https:\/\/schema.org","@graph":[{"@type":"WebPage","@id":"https:\/\/heroxx.com\/fr\/services\/evaluation-et-classification\/","url":"https:\/\/heroxx.com\/fr\/services\/evaluation-et-classification\/","name":"\u00c9valuation et classification - Heroxx","isPartOf":{"@id":"https:\/\/heroxx.com\/#website"},"datePublished":"2022-01-26T15:45:07+00:00","dateModified":"2022-01-26T15:45:08+00:00","breadcrumb":{"@id":"https:\/\/heroxx.com\/fr\/services\/evaluation-et-classification\/#breadcrumb"},"inLanguage":"fr-FR","potentialAction":[{"@type":"ReadAction","target":["https:\/\/heroxx.com\/fr\/services\/evaluation-et-classification\/"]}]},{"@type":"BreadcrumbList","@id":"https:\/\/heroxx.com\/fr\/services\/evaluation-et-classification\/#breadcrumb","itemListElement":[{"@type":"ListItem","position":1,"name":"Home","item":"https:\/\/heroxx.com\/fr\/"},{"@type":"ListItem","position":2,"name":"Nos services","item":"https:\/\/heroxx.com\/fr\/services\/"},{"@type":"ListItem","position":3,"name":"\u00c9valuation et classification"}]},{"@type":"WebSite","@id":"https:\/\/heroxx.com\/#website","url":"https:\/\/heroxx.com\/","name":"Heroxx","description":"Solving Compliance Every Day","publisher":{"@id":"https:\/\/heroxx.com\/#organization"},"potentialAction":[{"@type":"SearchAction","target":{"@type":"EntryPoint","urlTemplate":"https:\/\/heroxx.com\/?s={search_term_string}"},"query-input":{"@type":"PropertyValueSpecification","valueRequired":true,"valueName":"search_term_string"}}],"inLanguage":"fr-FR"},{"@type":"Organization","@id":"https:\/\/heroxx.com\/#organization","name":"Heroxx Trade Compliance","url":"https:\/\/heroxx.com\/","logo":{"@type":"ImageObject","inLanguage":"fr-FR","@id":"https:\/\/heroxx.com\/#\/schema\/logo\/image\/","url":"https:\/\/heroxx.com\/wp-content\/uploads\/2022\/02\/Heroxx-logo-2018_blue-positive_cropped.png","contentUrl":"https:\/\/heroxx.com\/wp-content\/uploads\/2022\/02\/Heroxx-logo-2018_blue-positive_cropped.png","width":1398,"height":351,"caption":"Heroxx Trade Compliance"},"image":{"@id":"https:\/\/heroxx.com\/#\/schema\/logo\/image\/"},"sameAs":["https:\/\/www.linkedin.com\/company\/heroxx\/about\/"]}]}},"_links":{"self":[{"href":"https:\/\/heroxx.com\/fr\/wp-json\/wp\/v2\/pages\/1731","targetHints":{"allow":["GET"]}}],"collection":[{"href":"https:\/\/heroxx.com\/fr\/wp-json\/wp\/v2\/pages"}],"about":[{"href":"https:\/\/heroxx.com\/fr\/wp-json\/wp\/v2\/types\/page"}],"author":[{"embeddable":true,"href":"https:\/\/heroxx.com\/fr\/wp-json\/wp\/v2\/users\/11"}],"replies":[{"embeddable":true,"href":"https:\/\/heroxx.com\/fr\/wp-json\/wp\/v2\/comments?post=1731"}],"version-history":[{"count":1,"href":"https:\/\/heroxx.com\/fr\/wp-json\/wp\/v2\/pages\/1731\/revisions"}],"predecessor-version":[{"id":1732,"href":"https:\/\/heroxx.com\/fr\/wp-json\/wp\/v2\/pages\/1731\/revisions\/1732"}],"up":[{"embeddable":true,"href":"https:\/\/heroxx.com\/fr\/wp-json\/wp\/v2\/pages\/1720"}],"wp:attachment":[{"href":"https:\/\/heroxx.com\/fr\/wp-json\/wp\/v2\/media?parent=1731"}],"curies":[{"name":"wp","href":"https:\/\/api.w.org\/{rel}","templated":true}]}}