{"id":1729,"date":"2022-01-26T15:15:12","date_gmt":"2022-01-26T15:15:12","guid":{"rendered":"https:\/\/heroxx.com\/services\/analyse-de-l-ecart\/"},"modified":"2022-01-27T20:15:14","modified_gmt":"2022-01-27T20:15:14","slug":"analyse-de-l-ecart","status":"publish","type":"page","link":"https:\/\/heroxx.com\/fr\/services\/analyse-de-l-ecart\/","title":{"rendered":"Analyse de l&rsquo;\u00e9cart"},"content":{"rendered":"\t\t<div data-elementor-type=\"wp-page\" data-elementor-id=\"1729\" class=\"elementor elementor-1729\" data-elementor-post-type=\"page\">\n\t\t\t\t\t\t<section class=\"elementor-section elementor-top-section elementor-element elementor-element-f965d54 elementor-section-full_width elementor-section-height-default elementor-section-height-default\" data-id=\"f965d54\" data-element_type=\"section\" data-e-type=\"section\">\n\t\t\t\t\t\t<div class=\"elementor-container elementor-column-gap-default\">\n\t\t\t\t\t<div class=\"elementor-column elementor-col-100 elementor-top-column elementor-element elementor-element-19b53c5\" data-id=\"19b53c5\" data-element_type=\"column\" data-e-type=\"column\">\n\t\t\t<div class=\"elementor-widget-wrap elementor-element-populated\">\n\t\t\t\t\t\t<div class=\"elementor-element elementor-element-b4a1e95 elementor-widget elementor-widget-template\" data-id=\"b4a1e95\" data-element_type=\"widget\" data-e-type=\"widget\" data-widget_type=\"template.default\">\n\t\t\t\t<div class=\"elementor-widget-container\">\n\t\t\t\t\t\t\t<div class=\"elementor-template\">\n\t\t\t\t\t<div data-elementor-type=\"section\" data-elementor-id=\"442\" class=\"elementor elementor-442\" data-elementor-post-type=\"elementor_library\">\n\t\t\t\t\t<section class=\"elementor-section elementor-top-section elementor-element elementor-element-66d043c elementor-section-full_width elementor-section-height-default elementor-section-height-default\" data-id=\"66d043c\" data-element_type=\"section\" data-e-type=\"section\" data-settings=\"{&quot;background_background&quot;:&quot;classic&quot;}\">\n\t\t\t\t\t\t<div class=\"elementor-container elementor-column-gap-no\">\n\t\t\t\t\t<div class=\"elementor-column elementor-col-100 elementor-top-column elementor-element elementor-element-40edfeeb\" data-id=\"40edfeeb\" data-element_type=\"column\" data-e-type=\"column\">\n\t\t\t<div class=\"elementor-widget-wrap elementor-element-populated\">\n\t\t\t\t\t\t<div class=\"elementor-element elementor-element-6e8f1977 elementor-widget elementor-widget-heading\" data-id=\"6e8f1977\" data-element_type=\"widget\" data-e-type=\"widget\" data-widget_type=\"heading.default\">\n\t\t\t\t<div class=\"elementor-widget-container\">\n\t\t\t\t\t<h1 class=\"elementor-heading-title elementor-size-default\">Analyse de l&rsquo;\u00e9cart<\/h1>\t\t\t\t<\/div>\n\t\t\t\t<\/div>\n\t\t\t\t\t<\/div>\n\t\t<\/div>\n\t\t\t\t\t<\/div>\n\t\t<\/section>\n\t\t\t\t<section class=\"elementor-section elementor-top-section elementor-element elementor-element-03fbc6c elementor-section-height-min-height elementor-section-boxed elementor-section-height-default elementor-section-items-middle\" data-id=\"03fbc6c\" data-element_type=\"section\" data-e-type=\"section\" data-settings=\"{&quot;background_background&quot;:&quot;classic&quot;}\">\n\t\t\t\t\t\t<div class=\"elementor-container elementor-column-gap-default\">\n\t\t\t\t\t<div class=\"elementor-column elementor-col-100 elementor-top-column elementor-element elementor-element-b5d2fb2\" data-id=\"b5d2fb2\" data-element_type=\"column\" data-e-type=\"column\">\n\t\t\t<div class=\"elementor-widget-wrap elementor-element-populated\">\n\t\t\t\t\t\t<div class=\"elementor-element elementor-element-8460f2d elementor-widget elementor-widget-heading\" data-id=\"8460f2d\" data-element_type=\"widget\" data-e-type=\"widget\" data-widget_type=\"heading.default\">\n\t\t\t\t<div class=\"elementor-widget-container\">\n\t\t\t\t\t<h2 class=\"elementor-heading-title elementor-size-default\">Vous \u00eates confiants que vos proc\u00e9d\u00e9s ne souffrent d\u2019aucune carence en conformit\u00e9\u2026n\u2019est-ce pas?<\/h2>\t\t\t\t<\/div>\n\t\t\t\t<\/div>\n\t\t\t\t<div class=\"elementor-element elementor-element-4e0b9c4 elementor-widget elementor-widget-text-editor\" data-id=\"4e0b9c4\" data-element_type=\"widget\" data-e-type=\"widget\" data-widget_type=\"text-editor.default\">\n\t\t\t\t<div class=\"elementor-widget-container\">\n\t\t\t\t\t\t\t\t\t<p>Peut-\u00eatre avez-vous en place une \u00e9quipe solide et d\u2019exp\u00e9rience, et pourtant vous avez des doutes\u2026 ou peut-\u00eatre avez-vous re\u00e7u amendes ou avertissements lies a la non-conformit\u00e9 commerciale, sugg\u00e9rant que des carences requi\u00e8rent une action corrective?<\/p>\n<p>Notre service d\u2019analyse de l\u2019\u00e9cart (ou v\u00e9rification de proc\u00e8de) vous donnera l\u2019assurance que vous recherchez.<\/p>\n\t\t\t\t\t\t\t\t<\/div>\n\t\t\t\t<\/div>\n\t\t\t\t\t<\/div>\n\t\t<\/div>\n\t\t\t\t\t<\/div>\n\t\t<\/section>\n\t\t\t\t<\/div>\n\t\t\t\t<\/div>\n\t\t\t\t\t\t<\/div>\n\t\t\t\t<\/div>\n\t\t\t\t\t<\/div>\n\t\t<\/div>\n\t\t\t\t\t<\/div>\n\t\t<\/section>\n\t\t\t\t<section class=\"elementor-section elementor-top-section elementor-element elementor-element-192671c elementor-section-boxed elementor-section-height-default elementor-section-height-default\" data-id=\"192671c\" data-element_type=\"section\" data-e-type=\"section\" data-settings=\"{&quot;background_background&quot;:&quot;classic&quot;}\">\n\t\t\t\t\t\t\t<div class=\"elementor-background-overlay\"><\/div>\n\t\t\t\t\t\t\t<div class=\"elementor-container elementor-column-gap-default\">\n\t\t\t\t\t<div class=\"elementor-column elementor-col-100 elementor-top-column elementor-element elementor-element-215c8c0\" data-id=\"215c8c0\" data-element_type=\"column\" data-e-type=\"column\" data-settings=\"{&quot;background_background&quot;:&quot;classic&quot;}\">\n\t\t\t<div class=\"elementor-widget-wrap elementor-element-populated\">\n\t\t\t\t\t\t<div class=\"elementor-element elementor-element-38a0487 elementor-widget elementor-widget-text-editor\" data-id=\"38a0487\" data-element_type=\"widget\" data-e-type=\"widget\" data-widget_type=\"text-editor.default\">\n\t\t\t\t<div class=\"elementor-widget-container\">\n\t\t\t\t\t\t\t\t\t<p>&nbsp;<\/p>\n<h4>Impact sur les operations<\/h4>\n<p>Tout comme une ceinture de securite, les carences en conformit\u00e9 ne deviennent problematiques qu\u2019au moment o\u00f9 on en a besoin. Quand les autorites se mettent a examiner les details de toutes vos transactions, votre capacite de fonctionner normalement sera severement affectee. L\u2019impact sur vos operations depend de la severite des carences, mais tout est possible incluant les amendes et les saisies d\u2019exportations.<\/p>\n<h4>Nous sommes l\u00e0 pour vous aider<\/h4>\n<p>Nous effectuons des analyses d\u2019\u00e9cart, connues aussi sous le nom de Revues de Proc\u00e9d\u00e9s, concentr\u00e9es sur les zones ou d\u00e9partement dont vous doutez de la conformit\u00e9. Nous travaillons aux cotes de vos employ\u00e9s dans une atmosph\u00e8re de coop\u00e9ration, en nous assurant que tous les intervenants se sachent impliques dans le proc\u00e9d\u00e9, et confiants que leur opinion sera consid\u00e9r\u00e9e. Nous prenons le temps de nous assurer que les employ\u00e9s comprennent les risques et b\u00e9n\u00e9fices, pour la soci\u00e9t\u00e9, qu\u2019un bon proc\u00e9d\u00e9 de conformit\u00e9 peut fournir.<\/p>\n<p>Une bonne analyse examinera tous les aspects de la chaine d\u2019approvisionnement, de la conception jusqu\u2019\u00e0 la livraison, en passant par les achats, la planification, la fabrication, les \u00e9changes techniques et plus. Le rapport final inclura d\u2019habitude une contribution de vos employ\u00e9s, et fournira une marche \u00e0 suivre claire pour l\u2019implantation de mesures correctives \u00e0 vos programmes de conformit\u00e9, avec ou sans un apport externe.<\/p>\n<p>Dans les mandats o\u00f9 l\u2019analyse concerne les co\u00fbts logistiques de l\u2019entreprise, nous serons en mesure d\u2019identifier en quelques semaines seulement les r\u00e9cup\u00e9rations ou \u00e9conomies principales. Notre intervention aura rapidement un impact p\u00e9cuniaire sur vos op\u00e9rations, que ce soit par le biais de l\u2019application du National Motor Freight Classification (NMFC), un appel concernant les classifications tarifaire, les drawbacks ou notre appui \u00e0 une demande d\u2019offre de service.<\/p>\n\t\t\t\t\t\t\t\t<\/div>\n\t\t\t\t<\/div>\n\t\t\t\t\t<\/div>\n\t\t<\/div>\n\t\t\t\t\t<\/div>\n\t\t<\/section>\n\t\t\t\t<section class=\"elementor-section elementor-top-section elementor-element elementor-element-2305c1a elementor-section-full_width elementor-section-height-default elementor-section-height-default\" data-id=\"2305c1a\" data-element_type=\"section\" data-e-type=\"section\">\n\t\t\t\t\t\t<div class=\"elementor-container elementor-column-gap-default\">\n\t\t\t\t\t<div class=\"elementor-column elementor-col-100 elementor-top-column elementor-element elementor-element-c7a5b97\" data-id=\"c7a5b97\" data-element_type=\"column\" data-e-type=\"column\">\n\t\t\t<div class=\"elementor-widget-wrap elementor-element-populated\">\n\t\t\t\t\t\t<div class=\"elementor-element elementor-element-3eaa33b elementor-widget elementor-widget-template\" data-id=\"3eaa33b\" data-element_type=\"widget\" data-e-type=\"widget\" data-widget_type=\"template.default\">\n\t\t\t\t<div class=\"elementor-widget-container\">\n\t\t\t\t\t\t\t<div class=\"elementor-template\">\n\t\t\t\t\t<div data-elementor-type=\"section\" data-elementor-id=\"689\" class=\"elementor elementor-689\" data-elementor-post-type=\"elementor_library\">\n\t\t\t\t\t<section class=\"elementor-section elementor-top-section elementor-element elementor-element-3e90741b elementor-section-boxed elementor-section-height-default elementor-section-height-default\" data-id=\"3e90741b\" data-element_type=\"section\" data-e-type=\"section\" data-settings=\"{&quot;background_background&quot;:&quot;gradient&quot;}\">\n\t\t\t\t\t\t<div class=\"elementor-container elementor-column-gap-default\">\n\t\t\t\t\t<div class=\"elementor-column elementor-col-100 elementor-top-column elementor-element elementor-element-5e751b42\" data-id=\"5e751b42\" data-element_type=\"column\" data-e-type=\"column\">\n\t\t\t<div class=\"elementor-widget-wrap elementor-element-populated\">\n\t\t\t\t\t\t<div class=\"elementor-element elementor-element-a7400fb elementor-widget elementor-widget-heading\" data-id=\"a7400fb\" data-element_type=\"widget\" data-e-type=\"widget\" data-widget_type=\"heading.default\">\n\t\t\t\t<div class=\"elementor-widget-container\">\n\t\t\t\t\t<h2 class=\"elementor-heading-title elementor-size-default\">G\u00e9rez les risques de non-conformit\u00e9<\/h2>\t\t\t\t<\/div>\n\t\t\t\t<\/div>\n\t\t\t\t<div class=\"elementor-element elementor-element-6fb625d elementor-widget elementor-widget-text-editor\" data-id=\"6fb625d\" data-element_type=\"widget\" data-e-type=\"widget\" data-widget_type=\"text-editor.default\">\n\t\t\t\t<div class=\"elementor-widget-container\">\n\t\t\t\t\t\t\t\t\t<p>Notre analyse de l\u2019\u00e9cart vous donnera un aper\u00e7u de l\u2019efficacit\u00e9 de vos programmes de conformit\u00e9, et une description claire des mesures correctives \u00e0 y apporter le cas \u00e9ch\u00e9ant.<\/p>\n\t\t\t\t\t\t\t\t<\/div>\n\t\t\t\t<\/div>\n\t\t\t\t<div class=\"elementor-element elementor-element-4eebd284 elementor-align-center elementor-widget elementor-widget-button\" data-id=\"4eebd284\" data-element_type=\"widget\" data-e-type=\"widget\" data-widget_type=\"button.default\">\n\t\t\t\t<div class=\"elementor-widget-container\">\n\t\t\t\t\t\t\t\t\t<div class=\"elementor-button-wrapper\">\n\t\t\t\t\t<a class=\"elementor-button elementor-button-link elementor-size-md\" href=\"https:\/\/heroxx.com\/contact-us\/\" target=\"_blank\">\n\t\t\t\t\t\t<span class=\"elementor-button-content-wrapper\">\n\t\t\t\t\t\t\t\t\t<span class=\"elementor-button-text\">Contact Us Now<\/span>\n\t\t\t\t\t<\/span>\n\t\t\t\t\t<\/a>\n\t\t\t\t<\/div>\n\t\t\t\t\t\t\t\t<\/div>\n\t\t\t\t<\/div>\n\t\t\t\t\t<\/div>\n\t\t<\/div>\n\t\t\t\t\t<\/div>\n\t\t<\/section>\n\t\t\t\t<\/div>\n\t\t\t\t<\/div>\n\t\t\t\t\t\t<\/div>\n\t\t\t\t<\/div>\n\t\t\t\t\t<\/div>\n\t\t<\/div>\n\t\t\t\t\t<\/div>\n\t\t<\/section>\n\t\t\t\t<\/div>\n\t\t","protected":false},"excerpt":{"rendered":"<p>&nbsp; Impact sur les operations Tout comme une ceinture de securite, les carences en conformit\u00e9 ne deviennent problematiques qu\u2019au moment o\u00f9 on en a besoin. Quand les autorites se mettent a examiner les details de toutes vos transactions, votre capacite de fonctionner normalement sera severement affectee. L\u2019impact sur vos operations depend de la severite des [&hellip;]<\/p>\n","protected":false},"author":11,"featured_media":0,"parent":1720,"menu_order":0,"comment_status":"closed","ping_status":"closed","template":"","meta":{"_acf_changed":false,"footnotes":""},"class_list":["post-1729","page","type-page","status-publish","hentry"],"acf":[],"yoast_head":"<!-- This site is optimized with the Yoast SEO plugin v24.8.1 - https:\/\/yoast.com\/wordpress\/plugins\/seo\/ -->\n<title>Analyse de l&#039;\u00e9cart - Heroxx<\/title>\n<meta name=\"robots\" content=\"index, follow, max-snippet:-1, max-image-preview:large, max-video-preview:-1\" \/>\n<link rel=\"canonical\" href=\"https:\/\/heroxx.com\/fr\/services\/analyse-de-l-ecart\/\" \/>\n<meta property=\"og:locale\" content=\"fr_FR\" \/>\n<meta property=\"og:type\" content=\"article\" \/>\n<meta property=\"og:title\" content=\"Analyse de l&#039;\u00e9cart - Heroxx\" \/>\n<meta property=\"og:description\" content=\"&nbsp; Impact sur les operations Tout comme une ceinture de securite, les carences en conformit\u00e9 ne deviennent problematiques qu\u2019au moment o\u00f9 on en a besoin. Quand les autorites se mettent a examiner les details de toutes vos transactions, votre capacite de fonctionner normalement sera severement affectee. L\u2019impact sur vos operations depend de la severite des [&hellip;]\" \/>\n<meta property=\"og:url\" content=\"https:\/\/heroxx.com\/fr\/services\/analyse-de-l-ecart\/\" \/>\n<meta property=\"og:site_name\" content=\"Heroxx\" \/>\n<meta property=\"article:modified_time\" content=\"2022-01-27T20:15:14+00:00\" \/>\n<meta name=\"twitter:card\" content=\"summary_large_image\" \/>\n<meta name=\"twitter:label1\" content=\"Dur\u00e9e de lecture estim\u00e9e\" \/>\n\t<meta name=\"twitter:data1\" content=\"2 minutes\" \/>\n<script type=\"application\/ld+json\" class=\"yoast-schema-graph\">{\"@context\":\"https:\/\/schema.org\",\"@graph\":[{\"@type\":\"WebPage\",\"@id\":\"https:\/\/heroxx.com\/fr\/services\/analyse-de-l-ecart\/\",\"url\":\"https:\/\/heroxx.com\/fr\/services\/analyse-de-l-ecart\/\",\"name\":\"Analyse de l'\u00e9cart - Heroxx\",\"isPartOf\":{\"@id\":\"https:\/\/heroxx.com\/#website\"},\"datePublished\":\"2022-01-26T15:15:12+00:00\",\"dateModified\":\"2022-01-27T20:15:14+00:00\",\"breadcrumb\":{\"@id\":\"https:\/\/heroxx.com\/fr\/services\/analyse-de-l-ecart\/#breadcrumb\"},\"inLanguage\":\"fr-FR\",\"potentialAction\":[{\"@type\":\"ReadAction\",\"target\":[\"https:\/\/heroxx.com\/fr\/services\/analyse-de-l-ecart\/\"]}]},{\"@type\":\"BreadcrumbList\",\"@id\":\"https:\/\/heroxx.com\/fr\/services\/analyse-de-l-ecart\/#breadcrumb\",\"itemListElement\":[{\"@type\":\"ListItem\",\"position\":1,\"name\":\"Home\",\"item\":\"https:\/\/heroxx.com\/fr\/\"},{\"@type\":\"ListItem\",\"position\":2,\"name\":\"Nos services\",\"item\":\"https:\/\/heroxx.com\/fr\/services\/\"},{\"@type\":\"ListItem\",\"position\":3,\"name\":\"Analyse de l&#8217;\u00e9cart\"}]},{\"@type\":\"WebSite\",\"@id\":\"https:\/\/heroxx.com\/#website\",\"url\":\"https:\/\/heroxx.com\/\",\"name\":\"Heroxx\",\"description\":\"Solving Compliance Every Day\",\"publisher\":{\"@id\":\"https:\/\/heroxx.com\/#organization\"},\"potentialAction\":[{\"@type\":\"SearchAction\",\"target\":{\"@type\":\"EntryPoint\",\"urlTemplate\":\"https:\/\/heroxx.com\/?s={search_term_string}\"},\"query-input\":{\"@type\":\"PropertyValueSpecification\",\"valueRequired\":true,\"valueName\":\"search_term_string\"}}],\"inLanguage\":\"fr-FR\"},{\"@type\":\"Organization\",\"@id\":\"https:\/\/heroxx.com\/#organization\",\"name\":\"Heroxx Trade Compliance\",\"url\":\"https:\/\/heroxx.com\/\",\"logo\":{\"@type\":\"ImageObject\",\"inLanguage\":\"fr-FR\",\"@id\":\"https:\/\/heroxx.com\/#\/schema\/logo\/image\/\",\"url\":\"https:\/\/heroxx.com\/wp-content\/uploads\/2022\/02\/Heroxx-logo-2018_blue-positive_cropped.png\",\"contentUrl\":\"https:\/\/heroxx.com\/wp-content\/uploads\/2022\/02\/Heroxx-logo-2018_blue-positive_cropped.png\",\"width\":1398,\"height\":351,\"caption\":\"Heroxx Trade Compliance\"},\"image\":{\"@id\":\"https:\/\/heroxx.com\/#\/schema\/logo\/image\/\"},\"sameAs\":[\"https:\/\/www.linkedin.com\/company\/heroxx\/about\/\"]}]}<\/script>\n<!-- \/ Yoast SEO plugin. -->","yoast_head_json":{"title":"Analyse de l'\u00e9cart - Heroxx","robots":{"index":"index","follow":"follow","max-snippet":"max-snippet:-1","max-image-preview":"max-image-preview:large","max-video-preview":"max-video-preview:-1"},"canonical":"https:\/\/heroxx.com\/fr\/services\/analyse-de-l-ecart\/","og_locale":"fr_FR","og_type":"article","og_title":"Analyse de l'\u00e9cart - Heroxx","og_description":"&nbsp; Impact sur les operations Tout comme une ceinture de securite, les carences en conformit\u00e9 ne deviennent problematiques qu\u2019au moment o\u00f9 on en a besoin. Quand les autorites se mettent a examiner les details de toutes vos transactions, votre capacite de fonctionner normalement sera severement affectee. L\u2019impact sur vos operations depend de la severite des [&hellip;]","og_url":"https:\/\/heroxx.com\/fr\/services\/analyse-de-l-ecart\/","og_site_name":"Heroxx","article_modified_time":"2022-01-27T20:15:14+00:00","twitter_card":"summary_large_image","twitter_misc":{"Dur\u00e9e de lecture estim\u00e9e":"2 minutes"},"schema":{"@context":"https:\/\/schema.org","@graph":[{"@type":"WebPage","@id":"https:\/\/heroxx.com\/fr\/services\/analyse-de-l-ecart\/","url":"https:\/\/heroxx.com\/fr\/services\/analyse-de-l-ecart\/","name":"Analyse de l'\u00e9cart - Heroxx","isPartOf":{"@id":"https:\/\/heroxx.com\/#website"},"datePublished":"2022-01-26T15:15:12+00:00","dateModified":"2022-01-27T20:15:14+00:00","breadcrumb":{"@id":"https:\/\/heroxx.com\/fr\/services\/analyse-de-l-ecart\/#breadcrumb"},"inLanguage":"fr-FR","potentialAction":[{"@type":"ReadAction","target":["https:\/\/heroxx.com\/fr\/services\/analyse-de-l-ecart\/"]}]},{"@type":"BreadcrumbList","@id":"https:\/\/heroxx.com\/fr\/services\/analyse-de-l-ecart\/#breadcrumb","itemListElement":[{"@type":"ListItem","position":1,"name":"Home","item":"https:\/\/heroxx.com\/fr\/"},{"@type":"ListItem","position":2,"name":"Nos services","item":"https:\/\/heroxx.com\/fr\/services\/"},{"@type":"ListItem","position":3,"name":"Analyse de l&#8217;\u00e9cart"}]},{"@type":"WebSite","@id":"https:\/\/heroxx.com\/#website","url":"https:\/\/heroxx.com\/","name":"Heroxx","description":"Solving Compliance Every Day","publisher":{"@id":"https:\/\/heroxx.com\/#organization"},"potentialAction":[{"@type":"SearchAction","target":{"@type":"EntryPoint","urlTemplate":"https:\/\/heroxx.com\/?s={search_term_string}"},"query-input":{"@type":"PropertyValueSpecification","valueRequired":true,"valueName":"search_term_string"}}],"inLanguage":"fr-FR"},{"@type":"Organization","@id":"https:\/\/heroxx.com\/#organization","name":"Heroxx Trade Compliance","url":"https:\/\/heroxx.com\/","logo":{"@type":"ImageObject","inLanguage":"fr-FR","@id":"https:\/\/heroxx.com\/#\/schema\/logo\/image\/","url":"https:\/\/heroxx.com\/wp-content\/uploads\/2022\/02\/Heroxx-logo-2018_blue-positive_cropped.png","contentUrl":"https:\/\/heroxx.com\/wp-content\/uploads\/2022\/02\/Heroxx-logo-2018_blue-positive_cropped.png","width":1398,"height":351,"caption":"Heroxx Trade Compliance"},"image":{"@id":"https:\/\/heroxx.com\/#\/schema\/logo\/image\/"},"sameAs":["https:\/\/www.linkedin.com\/company\/heroxx\/about\/"]}]}},"_links":{"self":[{"href":"https:\/\/heroxx.com\/fr\/wp-json\/wp\/v2\/pages\/1729","targetHints":{"allow":["GET"]}}],"collection":[{"href":"https:\/\/heroxx.com\/fr\/wp-json\/wp\/v2\/pages"}],"about":[{"href":"https:\/\/heroxx.com\/fr\/wp-json\/wp\/v2\/types\/page"}],"author":[{"embeddable":true,"href":"https:\/\/heroxx.com\/fr\/wp-json\/wp\/v2\/users\/11"}],"replies":[{"embeddable":true,"href":"https:\/\/heroxx.com\/fr\/wp-json\/wp\/v2\/comments?post=1729"}],"version-history":[{"count":3,"href":"https:\/\/heroxx.com\/fr\/wp-json\/wp\/v2\/pages\/1729\/revisions"}],"predecessor-version":[{"id":1842,"href":"https:\/\/heroxx.com\/fr\/wp-json\/wp\/v2\/pages\/1729\/revisions\/1842"}],"up":[{"embeddable":true,"href":"https:\/\/heroxx.com\/fr\/wp-json\/wp\/v2\/pages\/1720"}],"wp:attachment":[{"href":"https:\/\/heroxx.com\/fr\/wp-json\/wp\/v2\/media?parent=1729"}],"curies":[{"name":"wp","href":"https:\/\/api.w.org\/{rel}","templated":true}]}}