{"id":1727,"date":"2022-01-26T15:03:42","date_gmt":"2022-01-26T15:03:42","guid":{"rendered":"https:\/\/heroxx.com\/services\/inscription-au-pmc\/"},"modified":"2022-01-31T20:15:49","modified_gmt":"2022-01-31T20:15:49","slug":"inscription-au-pmc","status":"publish","type":"page","link":"https:\/\/heroxx.com\/fr\/services\/inscription-au-pmc\/","title":{"rendered":"Inscription au PMC"},"content":{"rendered":"\t\t<div data-elementor-type=\"wp-page\" data-elementor-id=\"1727\" class=\"elementor elementor-1727\" data-elementor-post-type=\"page\">\n\t\t\t\t\t\t<section class=\"elementor-section elementor-top-section elementor-element elementor-element-25750e1 elementor-section-full_width elementor-section-height-default elementor-section-height-default\" data-id=\"25750e1\" data-element_type=\"section\" data-e-type=\"section\">\n\t\t\t\t\t\t<div class=\"elementor-container elementor-column-gap-default\">\n\t\t\t\t\t<div class=\"elementor-column elementor-col-100 elementor-top-column elementor-element elementor-element-b7eb3a1\" data-id=\"b7eb3a1\" data-element_type=\"column\" data-e-type=\"column\">\n\t\t\t<div class=\"elementor-widget-wrap elementor-element-populated\">\n\t\t\t\t\t\t<div class=\"elementor-element elementor-element-8e98b99 elementor-widget elementor-widget-template\" data-id=\"8e98b99\" data-element_type=\"widget\" data-e-type=\"widget\" data-widget_type=\"template.default\">\n\t\t\t\t<div class=\"elementor-widget-container\">\n\t\t\t\t\t\t\t<div class=\"elementor-template\">\n\t\t\t\t\t<div data-elementor-type=\"section\" data-elementor-id=\"442\" class=\"elementor elementor-442\" data-elementor-post-type=\"elementor_library\">\n\t\t\t\t\t<section class=\"elementor-section elementor-top-section elementor-element elementor-element-66d043c elementor-section-full_width elementor-section-height-default elementor-section-height-default\" data-id=\"66d043c\" data-element_type=\"section\" data-e-type=\"section\" data-settings=\"{&quot;background_background&quot;:&quot;classic&quot;}\">\n\t\t\t\t\t\t<div class=\"elementor-container elementor-column-gap-no\">\n\t\t\t\t\t<div class=\"elementor-column elementor-col-100 elementor-top-column elementor-element elementor-element-40edfeeb\" data-id=\"40edfeeb\" data-element_type=\"column\" data-e-type=\"column\">\n\t\t\t<div class=\"elementor-widget-wrap elementor-element-populated\">\n\t\t\t\t\t\t<div class=\"elementor-element elementor-element-6e8f1977 elementor-widget elementor-widget-heading\" data-id=\"6e8f1977\" data-element_type=\"widget\" data-e-type=\"widget\" data-widget_type=\"heading.default\">\n\t\t\t\t<div class=\"elementor-widget-container\">\n\t\t\t\t\t<h1 class=\"elementor-heading-title elementor-size-default\">Inscription au PMC<\/h1>\t\t\t\t<\/div>\n\t\t\t\t<\/div>\n\t\t\t\t\t<\/div>\n\t\t<\/div>\n\t\t\t\t\t<\/div>\n\t\t<\/section>\n\t\t\t\t<section class=\"elementor-section elementor-top-section elementor-element elementor-element-03fbc6c elementor-section-height-min-height elementor-section-boxed elementor-section-height-default elementor-section-items-middle\" data-id=\"03fbc6c\" data-element_type=\"section\" data-e-type=\"section\" data-settings=\"{&quot;background_background&quot;:&quot;classic&quot;}\">\n\t\t\t\t\t\t<div class=\"elementor-container elementor-column-gap-default\">\n\t\t\t\t\t<div class=\"elementor-column elementor-col-100 elementor-top-column elementor-element elementor-element-b5d2fb2\" data-id=\"b5d2fb2\" data-element_type=\"column\" data-e-type=\"column\">\n\t\t\t<div class=\"elementor-widget-wrap elementor-element-populated\">\n\t\t\t\t\t\t<div class=\"elementor-element elementor-element-8460f2d elementor-widget elementor-widget-heading\" data-id=\"8460f2d\" data-element_type=\"widget\" data-e-type=\"widget\" data-widget_type=\"heading.default\">\n\t\t\t\t<div class=\"elementor-widget-container\">\n\t\t\t\t\t<h2 class=\"elementor-heading-title elementor-size-default\">Pourquoi aurais-je besoin de m\u2019inscrire au Programme de Marchandises Contr\u00f4l\u00e9es?<\/h2>\t\t\t\t<\/div>\n\t\t\t\t<\/div>\n\t\t\t\t<div class=\"elementor-element elementor-element-4e0b9c4 elementor-widget elementor-widget-text-editor\" data-id=\"4e0b9c4\" data-element_type=\"widget\" data-e-type=\"widget\" data-widget_type=\"text-editor.default\">\n\t\t\t\t<div class=\"elementor-widget-container\">\n\t\t\t\t\t\t\t\t\t<p>L\u2019inscription au PMC est obligatoire pour toute personne qui doit examiner, poss\u00e9der ou transf\u00e9rer des marchandises contr\u00f4l\u00e9es au Canada. Cette inscription requiert aussi que les employ\u00e9s cl\u00e9 de l\u2019entreprise subissent une \u00e9valuation de s\u00e9curit\u00e9, et l\u2019\u00e9tablissement d\u2019un plan de suret\u00e9 dans l\u2019organisation.<\/p>\n<p><strong><span style=\"color: #ffc214\">Nous la r\u00e9alisons avec vous<\/span><\/strong><\/p>\n\t\t\t\t\t\t\t\t<\/div>\n\t\t\t\t<\/div>\n\t\t\t\t\t<\/div>\n\t\t<\/div>\n\t\t\t\t\t<\/div>\n\t\t<\/section>\n\t\t\t\t<\/div>\n\t\t\t\t<\/div>\n\t\t\t\t\t\t<\/div>\n\t\t\t\t<\/div>\n\t\t\t\t\t<\/div>\n\t\t<\/div>\n\t\t\t\t\t<\/div>\n\t\t<\/section>\n\t\t\t\t<section class=\"elementor-section elementor-top-section elementor-element elementor-element-994de77 elementor-section-boxed elementor-section-height-default elementor-section-height-default\" data-id=\"994de77\" data-element_type=\"section\" data-e-type=\"section\" data-settings=\"{&quot;background_background&quot;:&quot;gradient&quot;}\">\n\t\t\t\t\t\t<div class=\"elementor-container elementor-column-gap-default\">\n\t\t\t\t\t<div class=\"elementor-column elementor-col-100 elementor-top-column elementor-element elementor-element-38f70b3\" data-id=\"38f70b3\" data-element_type=\"column\" data-e-type=\"column\" data-settings=\"{&quot;background_background&quot;:&quot;classic&quot;}\">\n\t\t\t<div class=\"elementor-widget-wrap elementor-element-populated\">\n\t\t\t\t\t\t<div class=\"elementor-element elementor-element-5d169ff elementor-widget elementor-widget-text-editor\" data-id=\"5d169ff\" data-element_type=\"widget\" data-e-type=\"widget\" data-widget_type=\"text-editor.default\">\n\t\t\t\t<div class=\"elementor-widget-container\">\n\t\t\t\t\t\t\t\t\t<p>L\u2019inscription au Programme de Marchandises Contr\u00f4l\u00e9es (PMC) est obligatoire pour les entreprises et leurs employ\u00e9s, ainsi que les individus, qui doivent examiner, poss\u00e9der ou transf\u00e9rer des marchandises contr\u00f4l\u00e9es au Canada.<\/p>\n<p>Le processus d\u2019inscription passe par plusieurs \u00e9tapes sur une p\u00e9riode de 2 \u00e0 6 mois, et inclue:<\/p>\n<ul>\n<li>\u00c9valuation de s\u00e9curit\u00e9 d\u2019individus cl\u00e9 dans l\u2019entreprise, par la Gendarmerie Royale du Canada (par le biais d\u2019organisations locales);<\/li>\n<li>Implantation d\u2019un plan de s\u00fbret\u00e9 et de registres d\u2019activit\u00e9s et de visiteurs;<\/li>\n<li>La formation d\u2019un repr\u00e9sentant d\u00e9sign\u00e9 (RD) pour les \u00e9valuations de s\u00e9curit\u00e9 des employ\u00e9s; et<\/li>\n<li>L\u2019\u00e9valuation de s\u00e9curit\u00e9 de tous les employ\u00e9s qui seront appel\u00e9s \u00e0 examiner, poss\u00e9der et transf\u00e9rer des marchandises contr\u00f4l\u00e9es.<\/li>\n<\/ul>\n<p>Une fois la demande d\u2019inscription accept\u00e9e, le PMC enverra un inspecteur pour visiter l\u2019entreprise, et s\u2019assurer que toutes les facettes du plan de s\u00fbret\u00e9 ont \u00e9t\u00e9 correctement implant\u00e9es, et que les \u00e9valuations de s\u00e9curit\u00e9 des employ\u00e9s est assur\u00e9e. Heroxx s\u2019assure de vous guider dans ce labyrinthe, et d\u2019accompagner la d\u00e9marche jusqu\u2019\u00e0 l\u2019obtention du certificat d\u2019inscription dans les d\u00e9lais les plus courts possibles.<\/p>\n\t\t\t\t\t\t\t\t<\/div>\n\t\t\t\t<\/div>\n\t\t\t\t\t<\/div>\n\t\t<\/div>\n\t\t\t\t\t<\/div>\n\t\t<\/section>\n\t\t\t\t<section class=\"elementor-section elementor-top-section elementor-element elementor-element-33de8fc elementor-section-full_width elementor-section-height-default elementor-section-height-default\" data-id=\"33de8fc\" data-element_type=\"section\" data-e-type=\"section\" data-settings=\"{&quot;background_background&quot;:&quot;gradient&quot;}\">\n\t\t\t\t\t\t<div class=\"elementor-container elementor-column-gap-default\">\n\t\t\t\t\t<div class=\"elementor-column elementor-col-100 elementor-top-column elementor-element elementor-element-f1ea1ca\" data-id=\"f1ea1ca\" data-element_type=\"column\" data-e-type=\"column\">\n\t\t\t<div class=\"elementor-widget-wrap elementor-element-populated\">\n\t\t\t\t\t\t<div class=\"elementor-element elementor-element-f779480 elementor-widget elementor-widget-template\" data-id=\"f779480\" data-element_type=\"widget\" data-e-type=\"widget\" data-widget_type=\"template.default\">\n\t\t\t\t<div class=\"elementor-widget-container\">\n\t\t\t\t\t\t\t<div class=\"elementor-template\">\n\t\t\t\t\t<div data-elementor-type=\"section\" data-elementor-id=\"689\" class=\"elementor elementor-689\" data-elementor-post-type=\"elementor_library\">\n\t\t\t\t\t<section class=\"elementor-section elementor-top-section elementor-element elementor-element-3e90741b elementor-section-boxed elementor-section-height-default elementor-section-height-default\" data-id=\"3e90741b\" data-element_type=\"section\" data-e-type=\"section\" data-settings=\"{&quot;background_background&quot;:&quot;gradient&quot;}\">\n\t\t\t\t\t\t<div class=\"elementor-container elementor-column-gap-default\">\n\t\t\t\t\t<div class=\"elementor-column elementor-col-100 elementor-top-column elementor-element elementor-element-5e751b42\" data-id=\"5e751b42\" data-element_type=\"column\" data-e-type=\"column\">\n\t\t\t<div class=\"elementor-widget-wrap elementor-element-populated\">\n\t\t\t\t\t\t<div class=\"elementor-element elementor-element-a7400fb elementor-widget elementor-widget-heading\" data-id=\"a7400fb\" data-element_type=\"widget\" data-e-type=\"widget\" data-widget_type=\"heading.default\">\n\t\t\t\t<div class=\"elementor-widget-container\">\n\t\t\t\t\t<h2 class=\"elementor-heading-title elementor-size-default\">Une option sans angoisse<\/h2>\t\t\t\t<\/div>\n\t\t\t\t<\/div>\n\t\t\t\t<div class=\"elementor-element elementor-element-6fb625d elementor-widget elementor-widget-text-editor\" data-id=\"6fb625d\" data-element_type=\"widget\" data-e-type=\"widget\" data-widget_type=\"text-editor.default\">\n\t\t\t\t<div class=\"elementor-widget-container\">\n\t\t\t\t\t\t\t\t\t<p>Votre \u00e9quipe peut sans doute g\u00e9rer l\u2019inscription au PMC, comprendre le but et la nature de chaque \u00e9tape et de chaque document requis, de fa\u00e7on \u00e0 ne pas avoir \u00e0 refaire les documents maintes fois, implanter le plan de s\u00fbret\u00e9&#8230;ou bien vous pouvez vous fier \u00e0 nous, et le tour est jou\u00e9! <\/p>\n\t\t\t\t\t\t\t\t<\/div>\n\t\t\t\t<\/div>\n\t\t\t\t<div class=\"elementor-element elementor-element-4eebd284 elementor-align-center elementor-widget elementor-widget-button\" data-id=\"4eebd284\" data-element_type=\"widget\" data-e-type=\"widget\" data-widget_type=\"button.default\">\n\t\t\t\t<div class=\"elementor-widget-container\">\n\t\t\t\t\t\t\t\t\t<div class=\"elementor-button-wrapper\">\n\t\t\t\t\t<a class=\"elementor-button elementor-button-link elementor-size-md\" href=\"https:\/\/heroxx.com\/contact-us\/\" target=\"_blank\">\n\t\t\t\t\t\t<span class=\"elementor-button-content-wrapper\">\n\t\t\t\t\t\t\t\t\t<span class=\"elementor-button-text\">Contact Us Now<\/span>\n\t\t\t\t\t<\/span>\n\t\t\t\t\t<\/a>\n\t\t\t\t<\/div>\n\t\t\t\t\t\t\t\t<\/div>\n\t\t\t\t<\/div>\n\t\t\t\t\t<\/div>\n\t\t<\/div>\n\t\t\t\t\t<\/div>\n\t\t<\/section>\n\t\t\t\t<\/div>\n\t\t\t\t<\/div>\n\t\t\t\t\t\t<\/div>\n\t\t\t\t<\/div>\n\t\t\t\t\t<\/div>\n\t\t<\/div>\n\t\t\t\t\t<\/div>\n\t\t<\/section>\n\t\t\t\t<\/div>\n\t\t","protected":false},"excerpt":{"rendered":"<p>L\u2019inscription au Programme de Marchandises Contr\u00f4l\u00e9es (PMC) est obligatoire pour les entreprises et leurs employ\u00e9s, ainsi que les individus, qui doivent examiner, poss\u00e9der ou transf\u00e9rer des marchandises contr\u00f4l\u00e9es au Canada. Le processus d\u2019inscription passe par plusieurs \u00e9tapes sur une p\u00e9riode de 2 \u00e0 6 mois, et inclue: \u00c9valuation de s\u00e9curit\u00e9 d\u2019individus cl\u00e9 dans l\u2019entreprise, par [&hellip;]<\/p>\n","protected":false},"author":11,"featured_media":0,"parent":1720,"menu_order":4,"comment_status":"closed","ping_status":"closed","template":"","meta":{"_acf_changed":false,"footnotes":""},"class_list":["post-1727","page","type-page","status-publish","hentry"],"acf":[],"yoast_head":"<!-- This site is optimized with the Yoast SEO plugin v24.8.1 - https:\/\/yoast.com\/wordpress\/plugins\/seo\/ -->\n<title>Inscription au PMC - Heroxx<\/title>\n<meta name=\"robots\" content=\"index, follow, max-snippet:-1, max-image-preview:large, max-video-preview:-1\" \/>\n<link rel=\"canonical\" href=\"https:\/\/heroxx.com\/fr\/services\/inscription-au-pmc\/\" \/>\n<meta property=\"og:locale\" content=\"fr_FR\" \/>\n<meta property=\"og:type\" content=\"article\" \/>\n<meta property=\"og:title\" content=\"Inscription au PMC - Heroxx\" \/>\n<meta property=\"og:description\" content=\"L\u2019inscription au Programme de Marchandises Contr\u00f4l\u00e9es (PMC) est obligatoire pour les entreprises et leurs employ\u00e9s, ainsi que les individus, qui doivent examiner, poss\u00e9der ou transf\u00e9rer des marchandises contr\u00f4l\u00e9es au Canada. Le processus d\u2019inscription passe par plusieurs \u00e9tapes sur une p\u00e9riode de 2 \u00e0 6 mois, et inclue: \u00c9valuation de s\u00e9curit\u00e9 d\u2019individus cl\u00e9 dans l\u2019entreprise, par [&hellip;]\" \/>\n<meta property=\"og:url\" content=\"https:\/\/heroxx.com\/fr\/services\/inscription-au-pmc\/\" \/>\n<meta property=\"og:site_name\" content=\"Heroxx\" \/>\n<meta property=\"article:modified_time\" content=\"2022-01-31T20:15:49+00:00\" \/>\n<meta name=\"twitter:card\" content=\"summary_large_image\" \/>\n<meta name=\"twitter:label1\" content=\"Dur\u00e9e de lecture estim\u00e9e\" \/>\n\t<meta name=\"twitter:data1\" content=\"1 minute\" \/>\n<script type=\"application\/ld+json\" class=\"yoast-schema-graph\">{\"@context\":\"https:\/\/schema.org\",\"@graph\":[{\"@type\":\"WebPage\",\"@id\":\"https:\/\/heroxx.com\/fr\/services\/inscription-au-pmc\/\",\"url\":\"https:\/\/heroxx.com\/fr\/services\/inscription-au-pmc\/\",\"name\":\"Inscription au PMC - Heroxx\",\"isPartOf\":{\"@id\":\"https:\/\/heroxx.com\/#website\"},\"datePublished\":\"2022-01-26T15:03:42+00:00\",\"dateModified\":\"2022-01-31T20:15:49+00:00\",\"breadcrumb\":{\"@id\":\"https:\/\/heroxx.com\/fr\/services\/inscription-au-pmc\/#breadcrumb\"},\"inLanguage\":\"fr-FR\",\"potentialAction\":[{\"@type\":\"ReadAction\",\"target\":[\"https:\/\/heroxx.com\/fr\/services\/inscription-au-pmc\/\"]}]},{\"@type\":\"BreadcrumbList\",\"@id\":\"https:\/\/heroxx.com\/fr\/services\/inscription-au-pmc\/#breadcrumb\",\"itemListElement\":[{\"@type\":\"ListItem\",\"position\":1,\"name\":\"Home\",\"item\":\"https:\/\/heroxx.com\/fr\/\"},{\"@type\":\"ListItem\",\"position\":2,\"name\":\"Nos services\",\"item\":\"https:\/\/heroxx.com\/fr\/services\/\"},{\"@type\":\"ListItem\",\"position\":3,\"name\":\"Inscription au PMC\"}]},{\"@type\":\"WebSite\",\"@id\":\"https:\/\/heroxx.com\/#website\",\"url\":\"https:\/\/heroxx.com\/\",\"name\":\"Heroxx\",\"description\":\"Solving Compliance Every Day\",\"publisher\":{\"@id\":\"https:\/\/heroxx.com\/#organization\"},\"potentialAction\":[{\"@type\":\"SearchAction\",\"target\":{\"@type\":\"EntryPoint\",\"urlTemplate\":\"https:\/\/heroxx.com\/?s={search_term_string}\"},\"query-input\":{\"@type\":\"PropertyValueSpecification\",\"valueRequired\":true,\"valueName\":\"search_term_string\"}}],\"inLanguage\":\"fr-FR\"},{\"@type\":\"Organization\",\"@id\":\"https:\/\/heroxx.com\/#organization\",\"name\":\"Heroxx Trade Compliance\",\"url\":\"https:\/\/heroxx.com\/\",\"logo\":{\"@type\":\"ImageObject\",\"inLanguage\":\"fr-FR\",\"@id\":\"https:\/\/heroxx.com\/#\/schema\/logo\/image\/\",\"url\":\"https:\/\/heroxx.com\/wp-content\/uploads\/2022\/02\/Heroxx-logo-2018_blue-positive_cropped.png\",\"contentUrl\":\"https:\/\/heroxx.com\/wp-content\/uploads\/2022\/02\/Heroxx-logo-2018_blue-positive_cropped.png\",\"width\":1398,\"height\":351,\"caption\":\"Heroxx Trade Compliance\"},\"image\":{\"@id\":\"https:\/\/heroxx.com\/#\/schema\/logo\/image\/\"},\"sameAs\":[\"https:\/\/www.linkedin.com\/company\/heroxx\/about\/\"]}]}<\/script>\n<!-- \/ Yoast SEO plugin. -->","yoast_head_json":{"title":"Inscription au PMC - Heroxx","robots":{"index":"index","follow":"follow","max-snippet":"max-snippet:-1","max-image-preview":"max-image-preview:large","max-video-preview":"max-video-preview:-1"},"canonical":"https:\/\/heroxx.com\/fr\/services\/inscription-au-pmc\/","og_locale":"fr_FR","og_type":"article","og_title":"Inscription au PMC - Heroxx","og_description":"L\u2019inscription au Programme de Marchandises Contr\u00f4l\u00e9es (PMC) est obligatoire pour les entreprises et leurs employ\u00e9s, ainsi que les individus, qui doivent examiner, poss\u00e9der ou transf\u00e9rer des marchandises contr\u00f4l\u00e9es au Canada. Le processus d\u2019inscription passe par plusieurs \u00e9tapes sur une p\u00e9riode de 2 \u00e0 6 mois, et inclue: \u00c9valuation de s\u00e9curit\u00e9 d\u2019individus cl\u00e9 dans l\u2019entreprise, par [&hellip;]","og_url":"https:\/\/heroxx.com\/fr\/services\/inscription-au-pmc\/","og_site_name":"Heroxx","article_modified_time":"2022-01-31T20:15:49+00:00","twitter_card":"summary_large_image","twitter_misc":{"Dur\u00e9e de lecture estim\u00e9e":"1 minute"},"schema":{"@context":"https:\/\/schema.org","@graph":[{"@type":"WebPage","@id":"https:\/\/heroxx.com\/fr\/services\/inscription-au-pmc\/","url":"https:\/\/heroxx.com\/fr\/services\/inscription-au-pmc\/","name":"Inscription au PMC - Heroxx","isPartOf":{"@id":"https:\/\/heroxx.com\/#website"},"datePublished":"2022-01-26T15:03:42+00:00","dateModified":"2022-01-31T20:15:49+00:00","breadcrumb":{"@id":"https:\/\/heroxx.com\/fr\/services\/inscription-au-pmc\/#breadcrumb"},"inLanguage":"fr-FR","potentialAction":[{"@type":"ReadAction","target":["https:\/\/heroxx.com\/fr\/services\/inscription-au-pmc\/"]}]},{"@type":"BreadcrumbList","@id":"https:\/\/heroxx.com\/fr\/services\/inscription-au-pmc\/#breadcrumb","itemListElement":[{"@type":"ListItem","position":1,"name":"Home","item":"https:\/\/heroxx.com\/fr\/"},{"@type":"ListItem","position":2,"name":"Nos services","item":"https:\/\/heroxx.com\/fr\/services\/"},{"@type":"ListItem","position":3,"name":"Inscription au PMC"}]},{"@type":"WebSite","@id":"https:\/\/heroxx.com\/#website","url":"https:\/\/heroxx.com\/","name":"Heroxx","description":"Solving Compliance Every Day","publisher":{"@id":"https:\/\/heroxx.com\/#organization"},"potentialAction":[{"@type":"SearchAction","target":{"@type":"EntryPoint","urlTemplate":"https:\/\/heroxx.com\/?s={search_term_string}"},"query-input":{"@type":"PropertyValueSpecification","valueRequired":true,"valueName":"search_term_string"}}],"inLanguage":"fr-FR"},{"@type":"Organization","@id":"https:\/\/heroxx.com\/#organization","name":"Heroxx Trade Compliance","url":"https:\/\/heroxx.com\/","logo":{"@type":"ImageObject","inLanguage":"fr-FR","@id":"https:\/\/heroxx.com\/#\/schema\/logo\/image\/","url":"https:\/\/heroxx.com\/wp-content\/uploads\/2022\/02\/Heroxx-logo-2018_blue-positive_cropped.png","contentUrl":"https:\/\/heroxx.com\/wp-content\/uploads\/2022\/02\/Heroxx-logo-2018_blue-positive_cropped.png","width":1398,"height":351,"caption":"Heroxx Trade Compliance"},"image":{"@id":"https:\/\/heroxx.com\/#\/schema\/logo\/image\/"},"sameAs":["https:\/\/www.linkedin.com\/company\/heroxx\/about\/"]}]}},"_links":{"self":[{"href":"https:\/\/heroxx.com\/fr\/wp-json\/wp\/v2\/pages\/1727","targetHints":{"allow":["GET"]}}],"collection":[{"href":"https:\/\/heroxx.com\/fr\/wp-json\/wp\/v2\/pages"}],"about":[{"href":"https:\/\/heroxx.com\/fr\/wp-json\/wp\/v2\/types\/page"}],"author":[{"embeddable":true,"href":"https:\/\/heroxx.com\/fr\/wp-json\/wp\/v2\/users\/11"}],"replies":[{"embeddable":true,"href":"https:\/\/heroxx.com\/fr\/wp-json\/wp\/v2\/comments?post=1727"}],"version-history":[{"count":2,"href":"https:\/\/heroxx.com\/fr\/wp-json\/wp\/v2\/pages\/1727\/revisions"}],"predecessor-version":[{"id":1825,"href":"https:\/\/heroxx.com\/fr\/wp-json\/wp\/v2\/pages\/1727\/revisions\/1825"}],"up":[{"embeddable":true,"href":"https:\/\/heroxx.com\/fr\/wp-json\/wp\/v2\/pages\/1720"}],"wp:attachment":[{"href":"https:\/\/heroxx.com\/fr\/wp-json\/wp\/v2\/media?parent=1727"}],"curies":[{"name":"wp","href":"https:\/\/api.w.org\/{rel}","templated":true}]}}