{"id":1725,"date":"2022-01-26T14:43:58","date_gmt":"2022-01-26T14:43:58","guid":{"rendered":"https:\/\/heroxx.com\/services\/formation\/"},"modified":"2022-02-11T22:01:07","modified_gmt":"2022-02-11T22:01:07","slug":"formation","status":"publish","type":"page","link":"https:\/\/heroxx.com\/fr\/services\/formation\/","title":{"rendered":"Formation"},"content":{"rendered":"\t\t<div data-elementor-type=\"wp-page\" data-elementor-id=\"1725\" class=\"elementor elementor-1725\" data-elementor-post-type=\"page\">\n\t\t\t\t\t\t<section class=\"elementor-section elementor-top-section elementor-element elementor-element-abfe6ec elementor-section-full_width elementor-section-height-default elementor-section-height-default\" data-id=\"abfe6ec\" data-element_type=\"section\" data-e-type=\"section\">\n\t\t\t\t\t\t<div class=\"elementor-container elementor-column-gap-default\">\n\t\t\t\t\t<div class=\"elementor-column elementor-col-100 elementor-top-column elementor-element elementor-element-89e4bc4\" data-id=\"89e4bc4\" data-element_type=\"column\" data-e-type=\"column\">\n\t\t\t<div class=\"elementor-widget-wrap elementor-element-populated\">\n\t\t\t\t\t\t<div class=\"elementor-element elementor-element-9c47195 elementor-widget elementor-widget-template\" data-id=\"9c47195\" data-element_type=\"widget\" data-e-type=\"widget\" data-widget_type=\"template.default\">\n\t\t\t\t<div class=\"elementor-widget-container\">\n\t\t\t\t\t\t\t<div class=\"elementor-template\">\n\t\t\t\t\t<div data-elementor-type=\"section\" data-elementor-id=\"442\" class=\"elementor elementor-442\" data-elementor-post-type=\"elementor_library\">\n\t\t\t\t\t<section class=\"elementor-section elementor-top-section elementor-element elementor-element-66d043c elementor-section-full_width elementor-section-height-default elementor-section-height-default\" data-id=\"66d043c\" data-element_type=\"section\" data-e-type=\"section\" data-settings=\"{&quot;background_background&quot;:&quot;classic&quot;}\">\n\t\t\t\t\t\t<div class=\"elementor-container elementor-column-gap-no\">\n\t\t\t\t\t<div class=\"elementor-column elementor-col-100 elementor-top-column elementor-element elementor-element-40edfeeb\" data-id=\"40edfeeb\" data-element_type=\"column\" data-e-type=\"column\">\n\t\t\t<div class=\"elementor-widget-wrap elementor-element-populated\">\n\t\t\t\t\t\t<div class=\"elementor-element elementor-element-6e8f1977 elementor-widget elementor-widget-heading\" data-id=\"6e8f1977\" data-element_type=\"widget\" data-e-type=\"widget\" data-widget_type=\"heading.default\">\n\t\t\t\t<div class=\"elementor-widget-container\">\n\t\t\t\t\t<h1 class=\"elementor-heading-title elementor-size-default\">Formation<\/h1>\t\t\t\t<\/div>\n\t\t\t\t<\/div>\n\t\t\t\t\t<\/div>\n\t\t<\/div>\n\t\t\t\t\t<\/div>\n\t\t<\/section>\n\t\t\t\t<section class=\"elementor-section elementor-top-section elementor-element elementor-element-03fbc6c elementor-section-height-min-height elementor-section-boxed elementor-section-height-default elementor-section-items-middle\" data-id=\"03fbc6c\" data-element_type=\"section\" data-e-type=\"section\" data-settings=\"{&quot;background_background&quot;:&quot;classic&quot;}\">\n\t\t\t\t\t\t<div class=\"elementor-container elementor-column-gap-default\">\n\t\t\t\t\t<div class=\"elementor-column elementor-col-100 elementor-top-column elementor-element elementor-element-b5d2fb2\" data-id=\"b5d2fb2\" data-element_type=\"column\" data-e-type=\"column\">\n\t\t\t<div class=\"elementor-widget-wrap elementor-element-populated\">\n\t\t\t\t\t\t<div class=\"elementor-element elementor-element-8460f2d elementor-widget elementor-widget-heading\" data-id=\"8460f2d\" data-element_type=\"widget\" data-e-type=\"widget\" data-widget_type=\"heading.default\">\n\t\t\t\t<div class=\"elementor-widget-container\">\n\t\t\t\t\t<h2 class=\"elementor-heading-title elementor-size-default\">L\u2019ignorance n\u2019est pas une d\u00e9fense\u2026<\/h2>\t\t\t\t<\/div>\n\t\t\t\t<\/div>\n\t\t\t\t<div class=\"elementor-element elementor-element-4e0b9c4 elementor-widget elementor-widget-text-editor\" data-id=\"4e0b9c4\" data-element_type=\"widget\" data-e-type=\"widget\" data-widget_type=\"text-editor.default\">\n\t\t\t\t<div class=\"elementor-widget-container\">\n\t\t\t\t\t\t\t\t\t<p>Devinez-vous la cause principale de toutes les carences en conformit\u00e9 ou de violation de la s\u00e9curit\u00e9? \u201cAh\u2026mais je ne le savais pas!\u201d Quelle motivation de fournir \u00e0 vos employ\u00e9s des programmes de formation pour qu\u2019ils puissent s\u2019affranchir de leurs t\u00e2ches tout en respectant les r\u00e8gles du commerce international pour assurer une le flot efficaces de vos op\u00e9rations quotidiennes!<\/p>\n<p>Nos colloques et cours de formation en conformit\u00e9 vous aideront \u00e0 rencontrer les exigences de formation de votre \u00e9quipe.<\/p>\n\t\t\t\t\t\t\t\t<\/div>\n\t\t\t\t<\/div>\n\t\t\t\t\t<\/div>\n\t\t<\/div>\n\t\t\t\t\t<\/div>\n\t\t<\/section>\n\t\t\t\t<\/div>\n\t\t\t\t<\/div>\n\t\t\t\t\t\t<\/div>\n\t\t\t\t<\/div>\n\t\t\t\t\t<\/div>\n\t\t<\/div>\n\t\t\t\t\t<\/div>\n\t\t<\/section>\n\t\t\t\t<section class=\"elementor-section elementor-top-section elementor-element elementor-element-7c8a73d6 elementor-section-boxed elementor-section-height-default elementor-section-height-default\" data-id=\"7c8a73d6\" data-element_type=\"section\" data-e-type=\"section\" data-settings=\"{&quot;background_background&quot;:&quot;gradient&quot;}\">\n\t\t\t\t\t\t<div class=\"elementor-container elementor-column-gap-default\">\n\t\t\t\t\t<div class=\"elementor-column elementor-col-100 elementor-top-column elementor-element elementor-element-5e7e2836\" data-id=\"5e7e2836\" data-element_type=\"column\" data-e-type=\"column\">\n\t\t\t<div class=\"elementor-widget-wrap elementor-element-populated\">\n\t\t\t\t\t\t<div class=\"elementor-element elementor-element-5b735008 accordion-bev elementor-widget elementor-widget-accordion\" data-id=\"5b735008\" data-element_type=\"widget\" data-e-type=\"widget\" data-widget_type=\"accordion.default\">\n\t\t\t\t<div class=\"elementor-widget-container\">\n\t\t\t\t\t\t\t<div class=\"elementor-accordion\">\n\t\t\t\t\t\t\t<div class=\"elementor-accordion-item\">\n\t\t\t\t\t<h4 id=\"elementor-tab-title-1531\" class=\"elementor-tab-title\" data-tab=\"1\" role=\"button\" aria-controls=\"elementor-tab-content-1531\" aria-expanded=\"false\">\n\t\t\t\t\t\t\t\t\t\t\t\t\t<span class=\"elementor-accordion-icon elementor-accordion-icon-right\" aria-hidden=\"true\">\n\t\t\t\t\t\t\t\t\t\t\t\t\t\t\t<span class=\"elementor-accordion-icon-closed\"><i class=\"fas fa-chevron-down\"><\/i><\/span>\n\t\t\t\t\t\t\t\t<span class=\"elementor-accordion-icon-opened\"><i class=\"fas fa-chevron-up\"><\/i><\/span>\n\t\t\t\t\t\t\t\t\t\t\t\t\t\t<\/span>\n\t\t\t\t\t\t\t\t\t\t\t\t<a class=\"elementor-accordion-title\" tabindex=\"0\">Contr\u00f4les \u00e0 l\u2019exportation et marchandises contr\u00f4l\u00e9es<\/a>\n\t\t\t\t\t<\/h4>\n\t\t\t\t\t<div id=\"elementor-tab-content-1531\" class=\"elementor-tab-content elementor-clearfix\" data-tab=\"1\" role=\"region\" aria-labelledby=\"elementor-tab-title-1531\"><p>Au-del\u00e0 des besoins de formation de base, il est tout \u00e0 fait crucial que vos employ\u00e9s comprennent les exigences r\u00e8glementaires en mati\u00e8re de conformit\u00e9 \u00e0 l\u2019exportation, tout comme les exigences corporatives.<\/p>\n<p>Nos programmes de formation sur mesure incluent des p\u00e9riodes de discussion qui permettent de cibler les questions et inqui\u00e9tudes de tous les d\u00e9partements. Le point focal pourrait \u00eatre l\u2019\u00e9valuation de marchandises pour certains, tandis que d\u2019autres n\u2019ont besoin que d\u2019un survol de la r\u00e8glementation, les proc\u00e9dures et les politiques.<\/p>\n<p>Nous offrons aussi un survol du processus g\u00e9n\u00e9ral de demande de licence d\u2019exportation, leurs types, et l\u2019utilisation du syst\u00e8me de demande en ligne.<\/p>\n<\/div>\n\t\t\t\t<\/div>\n\t\t\t\t\t\t\t<div class=\"elementor-accordion-item\">\n\t\t\t\t\t<h4 id=\"elementor-tab-title-1532\" class=\"elementor-tab-title\" data-tab=\"2\" role=\"button\" aria-controls=\"elementor-tab-content-1532\" aria-expanded=\"false\">\n\t\t\t\t\t\t\t\t\t\t\t\t\t<span class=\"elementor-accordion-icon elementor-accordion-icon-right\" aria-hidden=\"true\">\n\t\t\t\t\t\t\t\t\t\t\t\t\t\t\t<span class=\"elementor-accordion-icon-closed\"><i class=\"fas fa-chevron-down\"><\/i><\/span>\n\t\t\t\t\t\t\t\t<span class=\"elementor-accordion-icon-opened\"><i class=\"fas fa-chevron-up\"><\/i><\/span>\n\t\t\t\t\t\t\t\t\t\t\t\t\t\t<\/span>\n\t\t\t\t\t\t\t\t\t\t\t\t<a class=\"elementor-accordion-title\" tabindex=\"0\">Classification dans le SH<\/a>\n\t\t\t\t\t<\/h4>\n\t\t\t\t\t<div id=\"elementor-tab-content-1532\" class=\"elementor-tab-content elementor-clearfix\" data-tab=\"2\" role=\"region\" aria-labelledby=\"elementor-tab-title-1532\"><p>Nul ne devient maitre du jour au lendemain! Mais avec un syst\u00e8me clair et structur\u00e9 comme le SH, il nous est possible d\u2019\u00e9quiper vos employ\u00e9s avec les outils n\u00e9cessaires \u00e0 une classification simple ou moyennement complexe dans les cours d\u2019une seule journ\u00e9e. Nos colloques pr\u00e9voient des recherches plus avanc\u00e9es qu\u2019ils pourront effectuer par eux-m\u00eames afin de pouvoir, dans un proche avenir, s\u2019attaquer \u00e0 des classifications beaucoup plus cors\u00e9es.<\/p>\n<p>Nos cours, taill\u00e9s sur mesure pour refl\u00e9ter l\u2019industrie dans laquelle vous op\u00e9rez comprennent des modules dont:<\/p>\n<ul>\n<li>Structure de base;<\/li>\n<li>Termes Latins utilis\u00e9s dans la nomenclature;<\/li>\n<li>Notes (L\u00e9gales et Explicatives);<\/li>\n<li>Les R\u00e8gles d\u2019Interpr\u00e9tation G\u00e9n\u00e9rales, leur pr\u00e9s\u00e9ance, et des exemples cl\u00e9s; et<\/li>\n<li>Les d\u00e9finitions qui servent \u201c\u2026dans la nomenclature\u2026\u201d<\/li>\n<\/ul>\n<\/div>\n\t\t\t\t<\/div>\n\t\t\t\t\t\t\t<div class=\"elementor-accordion-item\">\n\t\t\t\t\t<h4 id=\"elementor-tab-title-1533\" class=\"elementor-tab-title\" data-tab=\"3\" role=\"button\" aria-controls=\"elementor-tab-content-1533\" aria-expanded=\"false\">\n\t\t\t\t\t\t\t\t\t\t\t\t\t<span class=\"elementor-accordion-icon elementor-accordion-icon-right\" aria-hidden=\"true\">\n\t\t\t\t\t\t\t\t\t\t\t\t\t\t\t<span class=\"elementor-accordion-icon-closed\"><i class=\"fas fa-chevron-down\"><\/i><\/span>\n\t\t\t\t\t\t\t\t<span class=\"elementor-accordion-icon-opened\"><i class=\"fas fa-chevron-up\"><\/i><\/span>\n\t\t\t\t\t\t\t\t\t\t\t\t\t\t<\/span>\n\t\t\t\t\t\t\t\t\t\t\t\t<a class=\"elementor-accordion-title\" tabindex=\"0\">Logistique<\/a>\n\t\t\t\t\t<\/h4>\n\t\t\t\t\t<div id=\"elementor-tab-content-1533\" class=\"elementor-tab-content elementor-clearfix\" data-tab=\"3\" role=\"region\" aria-labelledby=\"elementor-tab-title-1533\"><p>Nous d\u00e9velopperons un cours pertinent \u00e0 vos op\u00e9rations afin que m\u00eame les employ\u00e9s qui n\u2019ont rien \u00e0 faire avec la logistique puissent comprendre les concepts de \u201cPays d\u2019origine\u201d, \u201cIncotermes\u201d, \u201ccertification d\u2019origine, contr\u00f4les \u00e0 l\u2019exportation, et embargos. Les sessions peuvent prendre de 2 \u00e0 8 heures selon les besoins, et tiennent compte de toute exigence particuli\u00e8re jug\u00e9e pertinente par l\u2019administration.<\/p>\n<h4>Laissez nous vous aider!<\/h4>\n<p>Nous d\u00e9velopperons un cours pertinent \u00e0 vos op\u00e9rations afin que m\u00eame les employ\u00e9s qui n\u2019ont rien \u00e0 faire avec la logistique puissent comprendre les concepts de \u201cPays d\u2019origine\u201d, \u201cIncotermes\u201d, \u201ccertification d\u2019origine, contr\u00f4les \u00e0 l\u2019exportation, et embargos. Les sessions peuvent prendre de 2 \u00e0 8 heures selon les besoins, et tiennent compte de toute exigence particuli\u00e8re jug\u00e9e pertinente par l\u2019administration. La compr\u00e9hension des bases de la logistique (tel que les Incotermes) permet \u00e0 votre \u00e9quipe de voir l\u2019impact que ces \u00e9l\u00e9ments peut avoir sur les op\u00e9rations ou sur la compl\u00e9tions de gros contrats sans emb\u00fbche. On comprendra les cons\u00e9quences telles que retards dans les livraisons, et les co\u00fbts additionnels encourus par manque de connaissances. La compr\u00e9hension des bases de la logistique (tel que les Incotermes) permet \u00e0 votre \u00e9quipe de voir l\u2019impact que ces \u00e9l\u00e9ments peut avoir sur les op\u00e9rations ou sur la compl\u00e9tions de gros contrats sans emb\u00fbche. On comprendra les cons\u00e9quences telles que retards dans les livraisons, et les co\u00fbts additionnels encourus par manque de connaissances.<\/p>\n<\/div>\n\t\t\t\t<\/div>\n\t\t\t\t\t\t\t\t<\/div>\n\t\t\t\t\t\t<\/div>\n\t\t\t\t<\/div>\n\t\t\t\t\t<\/div>\n\t\t<\/div>\n\t\t\t\t\t<\/div>\n\t\t<\/section>\n\t\t\t\t<section class=\"elementor-section elementor-top-section elementor-element elementor-element-cf30769 elementor-section-full_width elementor-section-height-default elementor-section-height-default\" data-id=\"cf30769\" data-element_type=\"section\" data-e-type=\"section\">\n\t\t\t\t\t\t<div class=\"elementor-container elementor-column-gap-default\">\n\t\t\t\t\t<div class=\"elementor-column elementor-col-100 elementor-top-column elementor-element elementor-element-3a3c176\" data-id=\"3a3c176\" data-element_type=\"column\" data-e-type=\"column\">\n\t\t\t<div class=\"elementor-widget-wrap elementor-element-populated\">\n\t\t\t\t\t\t<div class=\"elementor-element elementor-element-afaa75c elementor-widget elementor-widget-template\" data-id=\"afaa75c\" data-element_type=\"widget\" data-e-type=\"widget\" data-widget_type=\"template.default\">\n\t\t\t\t<div class=\"elementor-widget-container\">\n\t\t\t\t\t\t\t<div class=\"elementor-template\">\n\t\t\t\t\t<div data-elementor-type=\"section\" data-elementor-id=\"689\" class=\"elementor elementor-689\" data-elementor-post-type=\"elementor_library\">\n\t\t\t\t\t<section class=\"elementor-section elementor-top-section elementor-element elementor-element-3e90741b elementor-section-boxed elementor-section-height-default elementor-section-height-default\" data-id=\"3e90741b\" data-element_type=\"section\" data-e-type=\"section\" data-settings=\"{&quot;background_background&quot;:&quot;gradient&quot;}\">\n\t\t\t\t\t\t<div class=\"elementor-container elementor-column-gap-default\">\n\t\t\t\t\t<div class=\"elementor-column elementor-col-100 elementor-top-column elementor-element elementor-element-5e751b42\" data-id=\"5e751b42\" data-element_type=\"column\" data-e-type=\"column\">\n\t\t\t<div class=\"elementor-widget-wrap elementor-element-populated\">\n\t\t\t\t\t\t<div class=\"elementor-element elementor-element-a7400fb elementor-widget elementor-widget-heading\" data-id=\"a7400fb\" data-element_type=\"widget\" data-e-type=\"widget\" data-widget_type=\"heading.default\">\n\t\t\t\t<div class=\"elementor-widget-container\">\n\t\t\t\t\t<h2 class=\"elementor-heading-title elementor-size-default\">Ne permettez pas \u00e0 l'ignorance d'affecter vos op\u00e9rations<\/h2>\t\t\t\t<\/div>\n\t\t\t\t<\/div>\n\t\t\t\t<div class=\"elementor-element elementor-element-6fb625d elementor-widget elementor-widget-text-editor\" data-id=\"6fb625d\" data-element_type=\"widget\" data-e-type=\"widget\" data-widget_type=\"text-editor.default\">\n\t\t\t\t<div class=\"elementor-widget-container\">\n\t\t\t\t\t\t\t\t\t<p>Nos cours dynamiques motiveront vos employ\u00e9s vers la conformit\u00e9, \u00e0 tous les jours.<\/p>\n\t\t\t\t\t\t\t\t<\/div>\n\t\t\t\t<\/div>\n\t\t\t\t<div class=\"elementor-element elementor-element-4eebd284 elementor-align-center elementor-widget elementor-widget-button\" data-id=\"4eebd284\" data-element_type=\"widget\" data-e-type=\"widget\" data-widget_type=\"button.default\">\n\t\t\t\t<div class=\"elementor-widget-container\">\n\t\t\t\t\t\t\t\t\t<div class=\"elementor-button-wrapper\">\n\t\t\t\t\t<a class=\"elementor-button elementor-button-link elementor-size-md\" href=\"https:\/\/heroxx.com\/contact-us\/\" target=\"_blank\">\n\t\t\t\t\t\t<span class=\"elementor-button-content-wrapper\">\n\t\t\t\t\t\t\t\t\t<span class=\"elementor-button-text\">Contact Us Now<\/span>\n\t\t\t\t\t<\/span>\n\t\t\t\t\t<\/a>\n\t\t\t\t<\/div>\n\t\t\t\t\t\t\t\t<\/div>\n\t\t\t\t<\/div>\n\t\t\t\t\t<\/div>\n\t\t<\/div>\n\t\t\t\t\t<\/div>\n\t\t<\/section>\n\t\t\t\t<\/div>\n\t\t\t\t<\/div>\n\t\t\t\t\t\t<\/div>\n\t\t\t\t<\/div>\n\t\t\t\t\t<\/div>\n\t\t<\/div>\n\t\t\t\t\t<\/div>\n\t\t<\/section>\n\t\t\t\t<\/div>\n\t\t","protected":false},"excerpt":{"rendered":"<p>Contr\u00f4les \u00e0 l\u2019exportation et marchandises contr\u00f4l\u00e9es Au-del\u00e0 des besoins de formation de base, il est tout \u00e0 fait crucial que vos employ\u00e9s comprennent les exigences r\u00e8glementaires en mati\u00e8re de conformit\u00e9 \u00e0 l\u2019exportation, tout comme les exigences corporatives. Nos programmes de formation sur mesure incluent des p\u00e9riodes de discussion qui permettent de cibler les questions et [&hellip;]<\/p>\n","protected":false},"author":11,"featured_media":0,"parent":1720,"menu_order":5,"comment_status":"closed","ping_status":"closed","template":"","meta":{"_acf_changed":false,"footnotes":""},"class_list":["post-1725","page","type-page","status-publish","hentry"],"acf":[],"yoast_head":"<!-- This site is optimized with the Yoast SEO plugin v24.8.1 - https:\/\/yoast.com\/wordpress\/plugins\/seo\/ -->\n<title>Formation - Heroxx<\/title>\n<meta name=\"robots\" content=\"index, follow, max-snippet:-1, max-image-preview:large, max-video-preview:-1\" \/>\n<link rel=\"canonical\" href=\"https:\/\/heroxx.com\/fr\/services\/formation\/\" \/>\n<meta property=\"og:locale\" content=\"fr_FR\" \/>\n<meta property=\"og:type\" content=\"article\" \/>\n<meta property=\"og:title\" content=\"Formation - Heroxx\" \/>\n<meta property=\"og:description\" content=\"Contr\u00f4les \u00e0 l\u2019exportation et marchandises contr\u00f4l\u00e9es Au-del\u00e0 des besoins de formation de base, il est tout \u00e0 fait crucial que vos employ\u00e9s comprennent les exigences r\u00e8glementaires en mati\u00e8re de conformit\u00e9 \u00e0 l\u2019exportation, tout comme les exigences corporatives. Nos programmes de formation sur mesure incluent des p\u00e9riodes de discussion qui permettent de cibler les questions et [&hellip;]\" \/>\n<meta property=\"og:url\" content=\"https:\/\/heroxx.com\/fr\/services\/formation\/\" \/>\n<meta property=\"og:site_name\" content=\"Heroxx\" \/>\n<meta property=\"article:modified_time\" content=\"2022-02-11T22:01:07+00:00\" \/>\n<meta name=\"twitter:card\" content=\"summary_large_image\" \/>\n<meta name=\"twitter:label1\" content=\"Dur\u00e9e de lecture estim\u00e9e\" \/>\n\t<meta name=\"twitter:data1\" content=\"3 minutes\" \/>\n<script type=\"application\/ld+json\" class=\"yoast-schema-graph\">{\"@context\":\"https:\/\/schema.org\",\"@graph\":[{\"@type\":\"WebPage\",\"@id\":\"https:\/\/heroxx.com\/fr\/services\/formation\/\",\"url\":\"https:\/\/heroxx.com\/fr\/services\/formation\/\",\"name\":\"Formation - Heroxx\",\"isPartOf\":{\"@id\":\"https:\/\/heroxx.com\/#website\"},\"datePublished\":\"2022-01-26T14:43:58+00:00\",\"dateModified\":\"2022-02-11T22:01:07+00:00\",\"breadcrumb\":{\"@id\":\"https:\/\/heroxx.com\/fr\/services\/formation\/#breadcrumb\"},\"inLanguage\":\"fr-FR\",\"potentialAction\":[{\"@type\":\"ReadAction\",\"target\":[\"https:\/\/heroxx.com\/fr\/services\/formation\/\"]}]},{\"@type\":\"BreadcrumbList\",\"@id\":\"https:\/\/heroxx.com\/fr\/services\/formation\/#breadcrumb\",\"itemListElement\":[{\"@type\":\"ListItem\",\"position\":1,\"name\":\"Home\",\"item\":\"https:\/\/heroxx.com\/fr\/\"},{\"@type\":\"ListItem\",\"position\":2,\"name\":\"Nos services\",\"item\":\"https:\/\/heroxx.com\/fr\/services\/\"},{\"@type\":\"ListItem\",\"position\":3,\"name\":\"Formation\"}]},{\"@type\":\"WebSite\",\"@id\":\"https:\/\/heroxx.com\/#website\",\"url\":\"https:\/\/heroxx.com\/\",\"name\":\"Heroxx\",\"description\":\"Solving Compliance Every Day\",\"publisher\":{\"@id\":\"https:\/\/heroxx.com\/#organization\"},\"potentialAction\":[{\"@type\":\"SearchAction\",\"target\":{\"@type\":\"EntryPoint\",\"urlTemplate\":\"https:\/\/heroxx.com\/?s={search_term_string}\"},\"query-input\":{\"@type\":\"PropertyValueSpecification\",\"valueRequired\":true,\"valueName\":\"search_term_string\"}}],\"inLanguage\":\"fr-FR\"},{\"@type\":\"Organization\",\"@id\":\"https:\/\/heroxx.com\/#organization\",\"name\":\"Heroxx Trade Compliance\",\"url\":\"https:\/\/heroxx.com\/\",\"logo\":{\"@type\":\"ImageObject\",\"inLanguage\":\"fr-FR\",\"@id\":\"https:\/\/heroxx.com\/#\/schema\/logo\/image\/\",\"url\":\"https:\/\/heroxx.com\/wp-content\/uploads\/2022\/02\/Heroxx-logo-2018_blue-positive_cropped.png\",\"contentUrl\":\"https:\/\/heroxx.com\/wp-content\/uploads\/2022\/02\/Heroxx-logo-2018_blue-positive_cropped.png\",\"width\":1398,\"height\":351,\"caption\":\"Heroxx Trade Compliance\"},\"image\":{\"@id\":\"https:\/\/heroxx.com\/#\/schema\/logo\/image\/\"},\"sameAs\":[\"https:\/\/www.linkedin.com\/company\/heroxx\/about\/\"]}]}<\/script>\n<!-- \/ Yoast SEO plugin. -->","yoast_head_json":{"title":"Formation - Heroxx","robots":{"index":"index","follow":"follow","max-snippet":"max-snippet:-1","max-image-preview":"max-image-preview:large","max-video-preview":"max-video-preview:-1"},"canonical":"https:\/\/heroxx.com\/fr\/services\/formation\/","og_locale":"fr_FR","og_type":"article","og_title":"Formation - Heroxx","og_description":"Contr\u00f4les \u00e0 l\u2019exportation et marchandises contr\u00f4l\u00e9es Au-del\u00e0 des besoins de formation de base, il est tout \u00e0 fait crucial que vos employ\u00e9s comprennent les exigences r\u00e8glementaires en mati\u00e8re de conformit\u00e9 \u00e0 l\u2019exportation, tout comme les exigences corporatives. Nos programmes de formation sur mesure incluent des p\u00e9riodes de discussion qui permettent de cibler les questions et [&hellip;]","og_url":"https:\/\/heroxx.com\/fr\/services\/formation\/","og_site_name":"Heroxx","article_modified_time":"2022-02-11T22:01:07+00:00","twitter_card":"summary_large_image","twitter_misc":{"Dur\u00e9e de lecture estim\u00e9e":"3 minutes"},"schema":{"@context":"https:\/\/schema.org","@graph":[{"@type":"WebPage","@id":"https:\/\/heroxx.com\/fr\/services\/formation\/","url":"https:\/\/heroxx.com\/fr\/services\/formation\/","name":"Formation - Heroxx","isPartOf":{"@id":"https:\/\/heroxx.com\/#website"},"datePublished":"2022-01-26T14:43:58+00:00","dateModified":"2022-02-11T22:01:07+00:00","breadcrumb":{"@id":"https:\/\/heroxx.com\/fr\/services\/formation\/#breadcrumb"},"inLanguage":"fr-FR","potentialAction":[{"@type":"ReadAction","target":["https:\/\/heroxx.com\/fr\/services\/formation\/"]}]},{"@type":"BreadcrumbList","@id":"https:\/\/heroxx.com\/fr\/services\/formation\/#breadcrumb","itemListElement":[{"@type":"ListItem","position":1,"name":"Home","item":"https:\/\/heroxx.com\/fr\/"},{"@type":"ListItem","position":2,"name":"Nos services","item":"https:\/\/heroxx.com\/fr\/services\/"},{"@type":"ListItem","position":3,"name":"Formation"}]},{"@type":"WebSite","@id":"https:\/\/heroxx.com\/#website","url":"https:\/\/heroxx.com\/","name":"Heroxx","description":"Solving Compliance Every Day","publisher":{"@id":"https:\/\/heroxx.com\/#organization"},"potentialAction":[{"@type":"SearchAction","target":{"@type":"EntryPoint","urlTemplate":"https:\/\/heroxx.com\/?s={search_term_string}"},"query-input":{"@type":"PropertyValueSpecification","valueRequired":true,"valueName":"search_term_string"}}],"inLanguage":"fr-FR"},{"@type":"Organization","@id":"https:\/\/heroxx.com\/#organization","name":"Heroxx Trade Compliance","url":"https:\/\/heroxx.com\/","logo":{"@type":"ImageObject","inLanguage":"fr-FR","@id":"https:\/\/heroxx.com\/#\/schema\/logo\/image\/","url":"https:\/\/heroxx.com\/wp-content\/uploads\/2022\/02\/Heroxx-logo-2018_blue-positive_cropped.png","contentUrl":"https:\/\/heroxx.com\/wp-content\/uploads\/2022\/02\/Heroxx-logo-2018_blue-positive_cropped.png","width":1398,"height":351,"caption":"Heroxx Trade Compliance"},"image":{"@id":"https:\/\/heroxx.com\/#\/schema\/logo\/image\/"},"sameAs":["https:\/\/www.linkedin.com\/company\/heroxx\/about\/"]}]}},"_links":{"self":[{"href":"https:\/\/heroxx.com\/fr\/wp-json\/wp\/v2\/pages\/1725","targetHints":{"allow":["GET"]}}],"collection":[{"href":"https:\/\/heroxx.com\/fr\/wp-json\/wp\/v2\/pages"}],"about":[{"href":"https:\/\/heroxx.com\/fr\/wp-json\/wp\/v2\/types\/page"}],"author":[{"embeddable":true,"href":"https:\/\/heroxx.com\/fr\/wp-json\/wp\/v2\/users\/11"}],"replies":[{"embeddable":true,"href":"https:\/\/heroxx.com\/fr\/wp-json\/wp\/v2\/comments?post=1725"}],"version-history":[{"count":17,"href":"https:\/\/heroxx.com\/fr\/wp-json\/wp\/v2\/pages\/1725\/revisions"}],"predecessor-version":[{"id":1957,"href":"https:\/\/heroxx.com\/fr\/wp-json\/wp\/v2\/pages\/1725\/revisions\/1957"}],"up":[{"embeddable":true,"href":"https:\/\/heroxx.com\/fr\/wp-json\/wp\/v2\/pages\/1720"}],"wp:attachment":[{"href":"https:\/\/heroxx.com\/fr\/wp-json\/wp\/v2\/media?parent=1725"}],"curies":[{"name":"wp","href":"https:\/\/api.w.org\/{rel}","templated":true}]}}