{"id":1720,"date":"2022-01-26T14:19:38","date_gmt":"2022-01-26T14:19:38","guid":{"rendered":"https:\/\/heroxx.com\/services\/"},"modified":"2022-01-27T18:47:41","modified_gmt":"2022-01-27T18:47:41","slug":"services","status":"publish","type":"page","link":"https:\/\/heroxx.com\/fr\/services\/","title":{"rendered":"Nos services"},"content":{"rendered":"\t\t<div data-elementor-type=\"wp-page\" data-elementor-id=\"1720\" class=\"elementor elementor-1720\" data-elementor-post-type=\"page\">\n\t\t\t\t\t\t<section class=\"elementor-section elementor-top-section elementor-element elementor-element-a66c49f elementor-section-full_width elementor-section-height-default elementor-section-height-default\" data-id=\"a66c49f\" data-element_type=\"section\" data-e-type=\"section\">\n\t\t\t\t\t\t<div class=\"elementor-container elementor-column-gap-default\">\n\t\t\t\t\t<div class=\"elementor-column elementor-col-100 elementor-top-column elementor-element elementor-element-caf0e53\" data-id=\"caf0e53\" data-element_type=\"column\" data-e-type=\"column\">\n\t\t\t<div class=\"elementor-widget-wrap elementor-element-populated\">\n\t\t\t\t\t\t<div class=\"elementor-element elementor-element-de17d1e elementor-widget elementor-widget-template\" data-id=\"de17d1e\" data-element_type=\"widget\" data-e-type=\"widget\" data-widget_type=\"template.default\">\n\t\t\t\t<div class=\"elementor-widget-container\">\n\t\t\t\t\t\t\t<div class=\"elementor-template\">\n\t\t\t\t\t<div data-elementor-type=\"section\" data-elementor-id=\"442\" class=\"elementor elementor-442\" data-elementor-post-type=\"elementor_library\">\n\t\t\t\t\t<section class=\"elementor-section elementor-top-section elementor-element elementor-element-66d043c elementor-section-full_width elementor-section-height-default elementor-section-height-default\" data-id=\"66d043c\" data-element_type=\"section\" data-e-type=\"section\" data-settings=\"{&quot;background_background&quot;:&quot;classic&quot;}\">\n\t\t\t\t\t\t<div class=\"elementor-container elementor-column-gap-no\">\n\t\t\t\t\t<div class=\"elementor-column elementor-col-100 elementor-top-column elementor-element elementor-element-40edfeeb\" data-id=\"40edfeeb\" data-element_type=\"column\" data-e-type=\"column\">\n\t\t\t<div class=\"elementor-widget-wrap elementor-element-populated\">\n\t\t\t\t\t\t<div class=\"elementor-element elementor-element-6e8f1977 elementor-widget elementor-widget-heading\" data-id=\"6e8f1977\" data-element_type=\"widget\" data-e-type=\"widget\" data-widget_type=\"heading.default\">\n\t\t\t\t<div class=\"elementor-widget-container\">\n\t\t\t\t\t<h1 class=\"elementor-heading-title elementor-size-default\">Nos services<\/h1>\t\t\t\t<\/div>\n\t\t\t\t<\/div>\n\t\t\t\t\t<\/div>\n\t\t<\/div>\n\t\t\t\t\t<\/div>\n\t\t<\/section>\n\t\t\t\t<section class=\"elementor-section elementor-top-section elementor-element elementor-element-03fbc6c elementor-section-height-min-height elementor-section-boxed elementor-section-height-default elementor-section-items-middle\" data-id=\"03fbc6c\" data-element_type=\"section\" data-e-type=\"section\" data-settings=\"{&quot;background_background&quot;:&quot;classic&quot;}\">\n\t\t\t\t\t\t<div class=\"elementor-container elementor-column-gap-default\">\n\t\t\t\t\t<div class=\"elementor-column elementor-col-100 elementor-top-column elementor-element elementor-element-b5d2fb2\" data-id=\"b5d2fb2\" data-element_type=\"column\" data-e-type=\"column\">\n\t\t\t<div class=\"elementor-widget-wrap elementor-element-populated\">\n\t\t\t\t\t\t<div class=\"elementor-element elementor-element-8460f2d elementor-widget elementor-widget-heading\" data-id=\"8460f2d\" data-element_type=\"widget\" data-e-type=\"widget\" data-widget_type=\"heading.default\">\n\t\t\t\t<div class=\"elementor-widget-container\">\n\t\t\t\t\t<h2 class=\"elementor-heading-title elementor-size-default\">Vous \u00eates bien appuy\u00e9 par un sp\u00e9cialiste en conformit\u00e9 commerciale?<\/h2>\t\t\t\t<\/div>\n\t\t\t\t<\/div>\n\t\t\t\t<div class=\"elementor-element elementor-element-4e0b9c4 elementor-widget elementor-widget-text-editor\" data-id=\"4e0b9c4\" data-element_type=\"widget\" data-e-type=\"widget\" data-widget_type=\"text-editor.default\">\n\t\t\t\t<div class=\"elementor-widget-container\">\n\t\t\t\t\t\t\t\t\t<p>La conformit\u00e9 commerciale et les contr\u00f4les \u00e0 l\u2019exportation sont des sujets vastes et souvent complexes. Il est facile d\u2019en sous-estimer l\u2019importance, surtout pour qui le commerce international est un nouveau d\u00e9fi. Par o\u00f9 commencer?<\/p>\n<p>M\u00eame les sp\u00e9cialistes ont besoin d\u2019un coup de main de temps \u00e0 autre. Heroxx peut fournir des solutions et de l\u2019expertise a votre organisation, que vous ayez d\u00e9j\u00e0 une \u00e9quipe de conformit\u00e9 en place, ou en tant que cadre vous \u00eates \u00e0 planifier vos premi\u00e8res exportations.<\/p>\n<h3>On s\u2019occupe de vous<\/h3>\n\t\t\t\t\t\t\t\t<\/div>\n\t\t\t\t<\/div>\n\t\t\t\t\t<\/div>\n\t\t<\/div>\n\t\t\t\t\t<\/div>\n\t\t<\/section>\n\t\t\t\t<\/div>\n\t\t\t\t<\/div>\n\t\t\t\t\t\t<\/div>\n\t\t\t\t<\/div>\n\t\t\t\t\t<\/div>\n\t\t<\/div>\n\t\t\t\t\t<\/div>\n\t\t<\/section>\n\t\t\t\t<section class=\"elementor-section elementor-top-section elementor-element elementor-element-dd276c9 elementor-section-boxed elementor-section-height-default elementor-section-height-default\" data-id=\"dd276c9\" data-element_type=\"section\" data-e-type=\"section\" data-settings=\"{&quot;background_background&quot;:&quot;gradient&quot;}\">\n\t\t\t\t\t\t<div class=\"elementor-container elementor-column-gap-default\">\n\t\t\t\t\t<div class=\"elementor-column elementor-col-100 elementor-top-column elementor-element elementor-element-61eda89\" data-id=\"61eda89\" data-element_type=\"column\" data-e-type=\"column\">\n\t\t\t<div class=\"elementor-widget-wrap elementor-element-populated\">\n\t\t\t\t\t\t<div class=\"elementor-element elementor-element-91f907b elementor-cta--valign-top elementor-widget__width-initial elementor-widget-tablet__width-initial elementor-widget-mobile__width-inherit elementor-cta--skin-classic elementor-animated-content elementor-widget elementor-widget-call-to-action\" data-id=\"91f907b\" data-element_type=\"widget\" data-e-type=\"widget\" data-widget_type=\"call-to-action.default\">\n\t\t\t\t<div class=\"elementor-widget-container\">\n\t\t\t\t\t\t\t<div class=\"elementor-cta\">\n\t\t\t\t\t<div class=\"elementor-cta__bg-wrapper\">\n\t\t\t\t<div class=\"elementor-cta__bg elementor-bg lazyload\" style=\"background-image:inherit;\" role=\"img\" aria-label=\"gap-assessment\" data-bg-image=\"url(https:\/\/heroxx.com\/wp-content\/uploads\/2022\/01\/gap-assessment.jpg)\"><\/div>\n\t\t\t\t<div class=\"elementor-cta__bg-overlay\"><\/div>\n\t\t\t<\/div>\n\t\t\t\t\t\t\t<div class=\"elementor-cta__content\">\n\t\t\t\t\n\t\t\t\t\t\t\t\t\t<h2 class=\"elementor-cta__title elementor-cta__content-item elementor-content-item\">\n\t\t\t\t\t\tAnalyse de l'\u00e9cart\t\t\t\t\t<\/h2>\n\t\t\t\t\n\t\t\t\t\t\t\t\t\t<div class=\"elementor-cta__description elementor-cta__content-item elementor-content-item\">\n\t\t\t\t\t\t<h4>A quels risques vous exposez-vous? Comment s\u2019assurer de la conformit\u00e9 de vos transactions ?<\/h4>\n<p>Notre service d\u2019analyse de l\u2019\u00e9cart (ou v\u00e9rification de proc\u00e8de) vous donnera l\u2019assurance que vous recherchez.<\/p>\n\t\t\t\t\t<\/div>\n\t\t\t\t\n\t\t\t\t\t\t\t\t\t<div class=\"elementor-cta__button-wrapper elementor-cta__content-item elementor-content-item \">\n\t\t\t\t\t<a class=\"elementor-cta__button elementor-button elementor-size-\" href=\"https:\/\/heroxx.com\/fr\/services\/analyse-de-l-ecart\/\" target=\"_blank\">\n\t\t\t\t\t\tEN SAVOIR PLUS\t\t\t\t\t<\/a>\n\t\t\t\t\t<\/div>\n\t\t\t\t\t\t\t<\/div>\n\t\t\t\t\t\t<\/div>\n\t\t\t\t\t\t<\/div>\n\t\t\t\t<\/div>\n\t\t\t\t<div class=\"elementor-element elementor-element-703d139 elementor-cta--valign-top elementor-widget__width-initial elementor-widget-tablet__width-initial elementor-widget-mobile__width-inherit elementor-cta--skin-classic elementor-animated-content elementor-widget elementor-widget-call-to-action\" data-id=\"703d139\" data-element_type=\"widget\" data-e-type=\"widget\" data-widget_type=\"call-to-action.default\">\n\t\t\t\t<div class=\"elementor-widget-container\">\n\t\t\t\t\t\t\t<div class=\"elementor-cta\">\n\t\t\t\t\t<div class=\"elementor-cta__bg-wrapper\">\n\t\t\t\t<div class=\"elementor-cta__bg elementor-bg lazyload\" style=\"background-image:inherit;\" role=\"img\" aria-label=\"product-assessment-1\" data-bg-image=\"url(https:\/\/heroxx.com\/wp-content\/uploads\/2022\/01\/product-assessment-1.jpg)\"><\/div>\n\t\t\t\t<div class=\"elementor-cta__bg-overlay\"><\/div>\n\t\t\t<\/div>\n\t\t\t\t\t\t\t<div class=\"elementor-cta__content\">\n\t\t\t\t\n\t\t\t\t\t\t\t\t\t<h2 class=\"elementor-cta__title elementor-cta__content-item elementor-content-item\">\n\t\t\t\t\t\t\u00c9valuation et Classification\t\t\t\t\t<\/h2>\n\t\t\t\t\n\t\t\t\t\t\t\t\t\t<div class=\"elementor-cta__description elementor-cta__content-item elementor-content-item\">\n\t\t\t\t\t\t<h4>Vous doutez de la classification de vos produits, que ce soit le ECCN, ITAR ou code SH ?<\/h4>\n<p>Nous offrons une expertise sans pareil pour r\u00e9soudre vos d\u00e9fis et questions en mati\u00e8re de classification.<\/p>\n\t\t\t\t\t<\/div>\n\t\t\t\t\n\t\t\t\t\t\t\t\t\t<div class=\"elementor-cta__button-wrapper elementor-cta__content-item elementor-content-item \">\n\t\t\t\t\t<a class=\"elementor-cta__button elementor-button elementor-size-\" href=\"https:\/\/heroxx.com\/fr\/services\/evaluation-et-classification\/\" target=\"_blank\">\n\t\t\t\t\t\tEN SAVOIR PLUS\t\t\t\t\t<\/a>\n\t\t\t\t\t<\/div>\n\t\t\t\t\t\t\t<\/div>\n\t\t\t\t\t\t<\/div>\n\t\t\t\t\t\t<\/div>\n\t\t\t\t<\/div>\n\t\t\t\t<div class=\"elementor-element elementor-element-3eb8057 elementor-cta--valign-top elementor-widget__width-initial elementor-widget-mobile__width-inherit elementor-widget-tablet__width-initial elementor-cta--skin-classic elementor-animated-content elementor-widget elementor-widget-call-to-action\" data-id=\"3eb8057\" data-element_type=\"widget\" data-e-type=\"widget\" data-widget_type=\"call-to-action.default\">\n\t\t\t\t<div class=\"elementor-widget-container\">\n\t\t\t\t\t\t\t<div class=\"elementor-cta\">\n\t\t\t\t\t<div class=\"elementor-cta__bg-wrapper\">\n\t\t\t\t<div class=\"elementor-cta__bg elementor-bg lazyload\" style=\"background-image:inherit;\" role=\"img\" aria-label=\"representation-and-appeals\" data-bg-image=\"url(https:\/\/heroxx.com\/wp-content\/uploads\/2022\/01\/representation-and-appeals.jpg)\"><\/div>\n\t\t\t\t<div class=\"elementor-cta__bg-overlay\"><\/div>\n\t\t\t<\/div>\n\t\t\t\t\t\t\t<div class=\"elementor-cta__content\">\n\t\t\t\t\n\t\t\t\t\t\t\t\t\t<h2 class=\"elementor-cta__title elementor-cta__content-item elementor-content-item\">\n\t\t\t\t\t\tRepr\u00e9sentation\t\t\t\t\t<\/h2>\n\t\t\t\t\n\t\t\t\t\t\t\t\t\t<div class=\"elementor-cta__description elementor-cta__content-item elementor-content-item\">\n\t\t\t\t\t\t<h4>Obtenir une opinion formelle ou en appeler d\u2019une d\u00e9cision pr\u00e9alable, si on sait \u00e0 qui parler et quoi leur communiquer.<\/h4>\n<p>Heroxx repr\u00e9sente ses clients dans de telles situations, depuis plus de 23 ans.<\/p>\n\t\t\t\t\t<\/div>\n\t\t\t\t\n\t\t\t\t\t\t\t\t\t<div class=\"elementor-cta__button-wrapper elementor-cta__content-item elementor-content-item \">\n\t\t\t\t\t<a class=\"elementor-cta__button elementor-button elementor-size-\" href=\"https:\/\/heroxx.com\/fr\/services\/representation\/\" target=\"_blank\">\n\t\t\t\t\t\tEN SAVOIR PLUS\t\t\t\t\t<\/a>\n\t\t\t\t\t<\/div>\n\t\t\t\t\t\t\t<\/div>\n\t\t\t\t\t\t<\/div>\n\t\t\t\t\t\t<\/div>\n\t\t\t\t<\/div>\n\t\t\t\t<div class=\"elementor-element elementor-element-f4bd38b elementor-cta--valign-top elementor-widget__width-initial elementor-widget-mobile__width-inherit elementor-widget-tablet__width-initial elementor-cta--skin-classic elementor-animated-content elementor-widget elementor-widget-call-to-action\" data-id=\"f4bd38b\" data-element_type=\"widget\" data-e-type=\"widget\" data-widget_type=\"call-to-action.default\">\n\t\t\t\t<div class=\"elementor-widget-container\">\n\t\t\t\t\t\t\t<div class=\"elementor-cta\">\n\t\t\t\t\t<div class=\"elementor-cta__bg-wrapper\">\n\t\t\t\t<div class=\"elementor-cta__bg elementor-bg lazyload\" style=\"background-image:inherit;\" role=\"img\" aria-label=\"cgp-registration\" data-bg-image=\"url(https:\/\/heroxx.com\/wp-content\/uploads\/2022\/01\/cgp-registration.jpg)\"><\/div>\n\t\t\t\t<div class=\"elementor-cta__bg-overlay\"><\/div>\n\t\t\t<\/div>\n\t\t\t\t\t\t\t<div class=\"elementor-cta__content\">\n\t\t\t\t\n\t\t\t\t\t\t\t\t\t<h2 class=\"elementor-cta__title elementor-cta__content-item elementor-content-item\">\n\t\t\t\t\t\tInscription au PMC\t\t\t\t\t<\/h2>\n\t\t\t\t\n\t\t\t\t\t\t\t\t\t<div class=\"elementor-cta__description elementor-cta__content-item elementor-content-item\">\n\t\t\t\t\t\t<h4>On vous informe de votre obligation d\u2019inscription au Programme de Marchandises Contr\u00f4l\u00e9es du Gouvernement du Canada.<\/h4>\n<p>Laissez les experts de Heroxx vous guider dans le proc\u00e8de d\u2019inscription, des \u00e9valuations de la s\u00e9curit\u00e9 jusqu\u2019au plan de s\u00fbret\u00e9.<\/p>\n\t\t\t\t\t<\/div>\n\t\t\t\t\n\t\t\t\t\t\t\t\t\t<div class=\"elementor-cta__button-wrapper elementor-cta__content-item elementor-content-item \">\n\t\t\t\t\t<a class=\"elementor-cta__button elementor-button elementor-size-\" href=\"https:\/\/heroxx.com\/fr\/services\/inscription-au-pmc\/\" target=\"_blank\">\n\t\t\t\t\t\tEN SAVOIR PLUS\t\t\t\t\t<\/a>\n\t\t\t\t\t<\/div>\n\t\t\t\t\t\t\t<\/div>\n\t\t\t\t\t\t<\/div>\n\t\t\t\t\t\t<\/div>\n\t\t\t\t<\/div>\n\t\t\t\t<div class=\"elementor-element elementor-element-d714760 elementor-cta--valign-top elementor-widget__width-initial elementor-widget-tablet__width-initial elementor-widget-mobile__width-inherit elementor-cta--skin-classic elementor-animated-content elementor-widget elementor-widget-call-to-action\" data-id=\"d714760\" data-element_type=\"widget\" data-e-type=\"widget\" data-widget_type=\"call-to-action.default\">\n\t\t\t\t<div class=\"elementor-widget-container\">\n\t\t\t\t\t\t\t<div class=\"elementor-cta\">\n\t\t\t\t\t<div class=\"elementor-cta__bg-wrapper\">\n\t\t\t\t<div class=\"elementor-cta__bg elementor-bg lazyload\" style=\"background-image:inherit;\" role=\"img\" aria-label=\"training-header\" data-bg-image=\"url(https:\/\/heroxx.com\/wp-content\/uploads\/2022\/01\/training-header-1024x249.jpg)\"><\/div>\n\t\t\t\t<div class=\"elementor-cta__bg-overlay\"><\/div>\n\t\t\t<\/div>\n\t\t\t\t\t\t\t<div class=\"elementor-cta__content\">\n\t\t\t\t\n\t\t\t\t\t\t\t\t\t<h2 class=\"elementor-cta__title elementor-cta__content-item elementor-content-item\">\n\t\t\t\t\t\tFormation\t\t\t\t\t<\/h2>\n\t\t\t\t\n\t\t\t\t\t\t\t\t\t<div class=\"elementor-cta__description elementor-cta__content-item elementor-content-item\">\n\t\t\t\t\t\t<h4>La conformit\u00e9 commerciale \u00e0 long terme d\u00e9pend d\u2019un personnel ayant re\u00e7u une formation pratique.<\/h4>\n<p>Nous fournissons des plans de formation personnalises touchant les diverses facettes de la conformit\u00e9 commerciale et les contr\u00f4les \u00e0 l\u2019exportation.<\/p>\n\t\t\t\t\t<\/div>\n\t\t\t\t\n\t\t\t\t\t\t\t\t\t<div class=\"elementor-cta__button-wrapper elementor-cta__content-item elementor-content-item \">\n\t\t\t\t\t<a class=\"elementor-cta__button elementor-button elementor-size-\" href=\"https:\/\/heroxx.com\/fr\/services\/formation\/\" target=\"_blank\">\n\t\t\t\t\t\tEN SAVOIR PLUS\t\t\t\t\t<\/a>\n\t\t\t\t\t<\/div>\n\t\t\t\t\t\t\t<\/div>\n\t\t\t\t\t\t<\/div>\n\t\t\t\t\t\t<\/div>\n\t\t\t\t<\/div>\n\t\t\t\t\t<\/div>\n\t\t<\/div>\n\t\t\t\t\t<\/div>\n\t\t<\/section>\n\t\t\t\t<\/div>\n\t\t","protected":false},"excerpt":{"rendered":"<p>Analyse de l&rsquo;\u00e9cart A quels risques vous exposez-vous? Comment s\u2019assurer de la conformit\u00e9 de vos transactions ? Notre service d\u2019analyse de l\u2019\u00e9cart (ou v\u00e9rification de proc\u00e8de) vous donnera l\u2019assurance que vous recherchez. EN SAVOIR PLUS \u00c9valuation et Classification Vous doutez de la classification de vos produits, que ce soit le ECCN, ITAR ou code SH [&hellip;]<\/p>\n","protected":false},"author":11,"featured_media":0,"parent":0,"menu_order":0,"comment_status":"closed","ping_status":"closed","template":"","meta":{"_acf_changed":false,"footnotes":""},"class_list":["post-1720","page","type-page","status-publish","hentry"],"acf":[],"yoast_head":"<!-- This site is optimized with the Yoast SEO plugin v24.8.1 - https:\/\/yoast.com\/wordpress\/plugins\/seo\/ -->\n<title>Nos services - Heroxx<\/title>\n<meta name=\"robots\" content=\"index, follow, max-snippet:-1, max-image-preview:large, max-video-preview:-1\" \/>\n<link rel=\"canonical\" href=\"https:\/\/heroxx.com\/fr\/services\/\" \/>\n<meta property=\"og:locale\" content=\"fr_FR\" \/>\n<meta property=\"og:type\" content=\"article\" \/>\n<meta property=\"og:title\" content=\"Nos services - Heroxx\" \/>\n<meta property=\"og:description\" content=\"Analyse de l&rsquo;\u00e9cart A quels risques vous exposez-vous? Comment s\u2019assurer de la conformit\u00e9 de vos transactions ? Notre service d\u2019analyse de l\u2019\u00e9cart (ou v\u00e9rification de proc\u00e8de) vous donnera l\u2019assurance que vous recherchez. EN SAVOIR PLUS \u00c9valuation et Classification Vous doutez de la classification de vos produits, que ce soit le ECCN, ITAR ou code SH [&hellip;]\" \/>\n<meta property=\"og:url\" content=\"https:\/\/heroxx.com\/fr\/services\/\" \/>\n<meta property=\"og:site_name\" content=\"Heroxx\" \/>\n<meta property=\"article:modified_time\" content=\"2022-01-27T18:47:41+00:00\" \/>\n<meta name=\"twitter:card\" content=\"summary_large_image\" \/>\n<meta name=\"twitter:label1\" content=\"Dur\u00e9e de lecture estim\u00e9e\" \/>\n\t<meta name=\"twitter:data1\" content=\"1 minute\" \/>\n<script type=\"application\/ld+json\" class=\"yoast-schema-graph\">{\"@context\":\"https:\/\/schema.org\",\"@graph\":[{\"@type\":\"WebPage\",\"@id\":\"https:\/\/heroxx.com\/fr\/services\/\",\"url\":\"https:\/\/heroxx.com\/fr\/services\/\",\"name\":\"Nos services - Heroxx\",\"isPartOf\":{\"@id\":\"https:\/\/heroxx.com\/#website\"},\"datePublished\":\"2022-01-26T14:19:38+00:00\",\"dateModified\":\"2022-01-27T18:47:41+00:00\",\"breadcrumb\":{\"@id\":\"https:\/\/heroxx.com\/fr\/services\/#breadcrumb\"},\"inLanguage\":\"fr-FR\",\"potentialAction\":[{\"@type\":\"ReadAction\",\"target\":[\"https:\/\/heroxx.com\/fr\/services\/\"]}]},{\"@type\":\"BreadcrumbList\",\"@id\":\"https:\/\/heroxx.com\/fr\/services\/#breadcrumb\",\"itemListElement\":[{\"@type\":\"ListItem\",\"position\":1,\"name\":\"Home\",\"item\":\"https:\/\/heroxx.com\/fr\/\"},{\"@type\":\"ListItem\",\"position\":2,\"name\":\"Nos services\"}]},{\"@type\":\"WebSite\",\"@id\":\"https:\/\/heroxx.com\/#website\",\"url\":\"https:\/\/heroxx.com\/\",\"name\":\"Heroxx\",\"description\":\"Solving Compliance Every Day\",\"publisher\":{\"@id\":\"https:\/\/heroxx.com\/#organization\"},\"potentialAction\":[{\"@type\":\"SearchAction\",\"target\":{\"@type\":\"EntryPoint\",\"urlTemplate\":\"https:\/\/heroxx.com\/?s={search_term_string}\"},\"query-input\":{\"@type\":\"PropertyValueSpecification\",\"valueRequired\":true,\"valueName\":\"search_term_string\"}}],\"inLanguage\":\"fr-FR\"},{\"@type\":\"Organization\",\"@id\":\"https:\/\/heroxx.com\/#organization\",\"name\":\"Heroxx Trade Compliance\",\"url\":\"https:\/\/heroxx.com\/\",\"logo\":{\"@type\":\"ImageObject\",\"inLanguage\":\"fr-FR\",\"@id\":\"https:\/\/heroxx.com\/#\/schema\/logo\/image\/\",\"url\":\"https:\/\/heroxx.com\/wp-content\/uploads\/2022\/02\/Heroxx-logo-2018_blue-positive_cropped.png\",\"contentUrl\":\"https:\/\/heroxx.com\/wp-content\/uploads\/2022\/02\/Heroxx-logo-2018_blue-positive_cropped.png\",\"width\":1398,\"height\":351,\"caption\":\"Heroxx Trade Compliance\"},\"image\":{\"@id\":\"https:\/\/heroxx.com\/#\/schema\/logo\/image\/\"},\"sameAs\":[\"https:\/\/www.linkedin.com\/company\/heroxx\/about\/\"]}]}<\/script>\n<!-- \/ Yoast SEO plugin. -->","yoast_head_json":{"title":"Nos services - Heroxx","robots":{"index":"index","follow":"follow","max-snippet":"max-snippet:-1","max-image-preview":"max-image-preview:large","max-video-preview":"max-video-preview:-1"},"canonical":"https:\/\/heroxx.com\/fr\/services\/","og_locale":"fr_FR","og_type":"article","og_title":"Nos services - Heroxx","og_description":"Analyse de l&rsquo;\u00e9cart A quels risques vous exposez-vous? Comment s\u2019assurer de la conformit\u00e9 de vos transactions ? Notre service d\u2019analyse de l\u2019\u00e9cart (ou v\u00e9rification de proc\u00e8de) vous donnera l\u2019assurance que vous recherchez. EN SAVOIR PLUS \u00c9valuation et Classification Vous doutez de la classification de vos produits, que ce soit le ECCN, ITAR ou code SH [&hellip;]","og_url":"https:\/\/heroxx.com\/fr\/services\/","og_site_name":"Heroxx","article_modified_time":"2022-01-27T18:47:41+00:00","twitter_card":"summary_large_image","twitter_misc":{"Dur\u00e9e de lecture estim\u00e9e":"1 minute"},"schema":{"@context":"https:\/\/schema.org","@graph":[{"@type":"WebPage","@id":"https:\/\/heroxx.com\/fr\/services\/","url":"https:\/\/heroxx.com\/fr\/services\/","name":"Nos services - Heroxx","isPartOf":{"@id":"https:\/\/heroxx.com\/#website"},"datePublished":"2022-01-26T14:19:38+00:00","dateModified":"2022-01-27T18:47:41+00:00","breadcrumb":{"@id":"https:\/\/heroxx.com\/fr\/services\/#breadcrumb"},"inLanguage":"fr-FR","potentialAction":[{"@type":"ReadAction","target":["https:\/\/heroxx.com\/fr\/services\/"]}]},{"@type":"BreadcrumbList","@id":"https:\/\/heroxx.com\/fr\/services\/#breadcrumb","itemListElement":[{"@type":"ListItem","position":1,"name":"Home","item":"https:\/\/heroxx.com\/fr\/"},{"@type":"ListItem","position":2,"name":"Nos services"}]},{"@type":"WebSite","@id":"https:\/\/heroxx.com\/#website","url":"https:\/\/heroxx.com\/","name":"Heroxx","description":"Solving Compliance Every Day","publisher":{"@id":"https:\/\/heroxx.com\/#organization"},"potentialAction":[{"@type":"SearchAction","target":{"@type":"EntryPoint","urlTemplate":"https:\/\/heroxx.com\/?s={search_term_string}"},"query-input":{"@type":"PropertyValueSpecification","valueRequired":true,"valueName":"search_term_string"}}],"inLanguage":"fr-FR"},{"@type":"Organization","@id":"https:\/\/heroxx.com\/#organization","name":"Heroxx Trade Compliance","url":"https:\/\/heroxx.com\/","logo":{"@type":"ImageObject","inLanguage":"fr-FR","@id":"https:\/\/heroxx.com\/#\/schema\/logo\/image\/","url":"https:\/\/heroxx.com\/wp-content\/uploads\/2022\/02\/Heroxx-logo-2018_blue-positive_cropped.png","contentUrl":"https:\/\/heroxx.com\/wp-content\/uploads\/2022\/02\/Heroxx-logo-2018_blue-positive_cropped.png","width":1398,"height":351,"caption":"Heroxx Trade Compliance"},"image":{"@id":"https:\/\/heroxx.com\/#\/schema\/logo\/image\/"},"sameAs":["https:\/\/www.linkedin.com\/company\/heroxx\/about\/"]}]}},"_links":{"self":[{"href":"https:\/\/heroxx.com\/fr\/wp-json\/wp\/v2\/pages\/1720","targetHints":{"allow":["GET"]}}],"collection":[{"href":"https:\/\/heroxx.com\/fr\/wp-json\/wp\/v2\/pages"}],"about":[{"href":"https:\/\/heroxx.com\/fr\/wp-json\/wp\/v2\/types\/page"}],"author":[{"embeddable":true,"href":"https:\/\/heroxx.com\/fr\/wp-json\/wp\/v2\/users\/11"}],"replies":[{"embeddable":true,"href":"https:\/\/heroxx.com\/fr\/wp-json\/wp\/v2\/comments?post=1720"}],"version-history":[{"count":7,"href":"https:\/\/heroxx.com\/fr\/wp-json\/wp\/v2\/pages\/1720\/revisions"}],"predecessor-version":[{"id":1814,"href":"https:\/\/heroxx.com\/fr\/wp-json\/wp\/v2\/pages\/1720\/revisions\/1814"}],"wp:attachment":[{"href":"https:\/\/heroxx.com\/fr\/wp-json\/wp\/v2\/media?parent=1720"}],"curies":[{"name":"wp","href":"https:\/\/api.w.org\/{rel}","templated":true}]}}