{"id":1689,"date":"2022-01-25T22:33:21","date_gmt":"2022-01-25T22:33:21","guid":{"rendered":"https:\/\/heroxx.com\/accueil\/"},"modified":"2022-02-04T21:43:19","modified_gmt":"2022-02-04T21:43:19","slug":"accueil","status":"publish","type":"page","link":"https:\/\/heroxx.com\/fr\/","title":{"rendered":"Accueil"},"content":{"rendered":"\t\t<div data-elementor-type=\"wp-page\" data-elementor-id=\"1689\" class=\"elementor elementor-1689\" data-elementor-post-type=\"page\">\n\t\t\t\t\t\t<section class=\"elementor-section elementor-top-section elementor-element elementor-element-36297b8 elementor-section-full_width elementor-section-height-min-height elementor-section-items-stretch elementor-section-height-default\" data-id=\"36297b8\" data-element_type=\"section\" data-e-type=\"section\" data-settings=\"{&quot;background_background&quot;:&quot;classic&quot;}\">\n\t\t\t\t\t\t<div class=\"elementor-container elementor-column-gap-default\">\n\t\t\t\t\t<div class=\"elementor-column elementor-col-100 elementor-top-column elementor-element elementor-element-0b71f29\" data-id=\"0b71f29\" data-element_type=\"column\" data-e-type=\"column\">\n\t\t\t<div class=\"elementor-widget-wrap elementor-element-populated\">\n\t\t\t\t\t\t<div class=\"elementor-element elementor-element-f060f27 elementor-widget elementor-widget-heading\" data-id=\"f060f27\" data-element_type=\"widget\" data-e-type=\"widget\" data-widget_type=\"heading.default\">\n\t\t\t\t<div class=\"elementor-widget-container\">\n\t\t\t\t\t<h1 class=\"elementor-heading-title elementor-size-default\">La conformit\u00e9, \u00e0 chaque jour<\/h1>\t\t\t\t<\/div>\n\t\t\t\t<\/div>\n\t\t\t\t\t<\/div>\n\t\t<\/div>\n\t\t\t\t\t<\/div>\n\t\t<\/section>\n\t\t\t\t<section class=\"elementor-section elementor-top-section elementor-element elementor-element-708c975 elementor-section-full_width elementor-section-height-default elementor-section-height-default\" data-id=\"708c975\" data-element_type=\"section\" data-e-type=\"section\" data-settings=\"{&quot;background_background&quot;:&quot;classic&quot;}\">\n\t\t\t\t\t\t<div class=\"elementor-container elementor-column-gap-default\">\n\t\t\t\t\t<div class=\"elementor-column elementor-col-100 elementor-top-column elementor-element elementor-element-6ff418c\" data-id=\"6ff418c\" data-element_type=\"column\" data-e-type=\"column\">\n\t\t\t<div class=\"elementor-widget-wrap elementor-element-populated\">\n\t\t\t\t\t\t<div class=\"elementor-element elementor-element-7cef129 elementor-widget elementor-widget-text-editor\" data-id=\"7cef129\" data-element_type=\"widget\" data-e-type=\"widget\" data-widget_type=\"text-editor.default\">\n\t\t\t\t<div class=\"elementor-widget-container\">\n\t\t\t\t\t\t\t\t\t<h2 style=\"text-align: center;\"><span style=\"color: #ffffff;\">R\u00e8glementation douani\u00e8re | Contr\u00f4le \u00e0 l\u2019Exportation | Marchandises Contr\u00f4l\u00e9es<\/span><\/h2>\n<h3>On s\u2019occupe de vous<\/h3>\n\t\t\t\t\t\t\t\t<\/div>\n\t\t\t\t<\/div>\n\t\t\t\t\t<\/div>\n\t\t<\/div>\n\t\t\t\t\t<\/div>\n\t\t<\/section>\n\t\t\t\t<section class=\"elementor-section elementor-top-section elementor-element elementor-element-2c60785 elementor-section-height-min-height elementor-section-items-stretch elementor-section-full_width elementor-section-height-default\" data-id=\"2c60785\" data-element_type=\"section\" data-e-type=\"section\" data-settings=\"{&quot;background_background&quot;:&quot;classic&quot;}\">\n\t\t\t\t\t\t<div class=\"elementor-container elementor-column-gap-default\">\n\t\t\t\t\t<div class=\"elementor-column elementor-col-50 elementor-top-column elementor-element elementor-element-a77f31b\" data-id=\"a77f31b\" data-element_type=\"column\" data-e-type=\"column\" data-settings=\"{&quot;background_background&quot;:&quot;classic&quot;}\">\n\t\t\t<div class=\"elementor-widget-wrap elementor-element-populated\">\n\t\t\t\t\t\t<div class=\"elementor-element elementor-element-fc915be elementor-widget elementor-widget-spacer\" data-id=\"fc915be\" data-element_type=\"widget\" data-e-type=\"widget\" data-widget_type=\"spacer.default\">\n\t\t\t\t<div class=\"elementor-widget-container\">\n\t\t\t\t\t\t\t<div class=\"elementor-spacer\">\n\t\t\t<div class=\"elementor-spacer-inner\"><\/div>\n\t\t<\/div>\n\t\t\t\t\t\t<\/div>\n\t\t\t\t<\/div>\n\t\t\t\t\t<\/div>\n\t\t<\/div>\n\t\t\t\t<div class=\"elementor-column elementor-col-50 elementor-top-column elementor-element elementor-element-e4bd52d\" data-id=\"e4bd52d\" data-element_type=\"column\" data-e-type=\"column\">\n\t\t\t<div class=\"elementor-widget-wrap elementor-element-populated\">\n\t\t\t\t\t\t<div class=\"elementor-element elementor-element-042fa7c elementor-widget elementor-widget-heading\" data-id=\"042fa7c\" data-element_type=\"widget\" data-e-type=\"widget\" data-widget_type=\"heading.default\">\n\t\t\t\t<div class=\"elementor-widget-container\">\n\t\t\t\t\t<h2 class=\"elementor-heading-title elementor-size-default\">Intelligence<\/h2>\t\t\t\t<\/div>\n\t\t\t\t<\/div>\n\t\t\t\t<div class=\"elementor-element elementor-element-e2f8e01 elementor-widget__width-initial elementor-widget elementor-widget-text-editor\" data-id=\"e2f8e01\" data-element_type=\"widget\" data-e-type=\"widget\" data-widget_type=\"text-editor.default\">\n\t\t\t\t<div class=\"elementor-widget-container\">\n\t\t\t\t\t\t\t\t\t<p style=\"text-align: center;\"><strong>La conformit\u00e9 commerciale, c\u2019est complexe.<br \/><\/strong>Votre capacit\u00e9 de fonctionner efficacement est directement affect\u00e9e par le manque d\u2019expertise des multiples facettes du commerce international tel que codes du SH, accords de libre-\u00e9change, contr\u00f4les \u00e0 l\u2019exportation, ITAR, documentation internationale et plus. Laissez nous vous aider!<\/p>\n\t\t\t\t\t\t\t\t<\/div>\n\t\t\t\t<\/div>\n\t\t\t\t<div class=\"elementor-element elementor-element-5659a91 elementor-align-center elementor-widget elementor-widget-button\" data-id=\"5659a91\" data-element_type=\"widget\" data-e-type=\"widget\" data-widget_type=\"button.default\">\n\t\t\t\t<div class=\"elementor-widget-container\">\n\t\t\t\t\t\t\t\t\t<div class=\"elementor-button-wrapper\">\n\t\t\t\t\t<a class=\"elementor-button elementor-button-link elementor-size-md\" href=\"https:\/\/heroxx.com\/fr\/intelligence\/\" target=\"_blank\">\n\t\t\t\t\t\t<span class=\"elementor-button-content-wrapper\">\n\t\t\t\t\t\t\t\t\t<span class=\"elementor-button-text\">En savoir plus<\/span>\n\t\t\t\t\t<\/span>\n\t\t\t\t\t<\/a>\n\t\t\t\t<\/div>\n\t\t\t\t\t\t\t\t<\/div>\n\t\t\t\t<\/div>\n\t\t\t\t\t<\/div>\n\t\t<\/div>\n\t\t\t\t\t<\/div>\n\t\t<\/section>\n\t\t\t\t<section class=\"elementor-section elementor-top-section elementor-element elementor-element-d12f1bf elementor-section-height-min-height elementor-section-items-stretch elementor-section-full_width elementor-reverse-mobile elementor-section-height-default\" data-id=\"d12f1bf\" data-element_type=\"section\" data-e-type=\"section\" data-settings=\"{&quot;background_background&quot;:&quot;classic&quot;}\">\n\t\t\t\t\t\t<div class=\"elementor-container elementor-column-gap-default\">\n\t\t\t\t\t<div class=\"elementor-column elementor-col-50 elementor-top-column elementor-element elementor-element-8a90dd8\" data-id=\"8a90dd8\" data-element_type=\"column\" data-e-type=\"column\">\n\t\t\t<div class=\"elementor-widget-wrap elementor-element-populated\">\n\t\t\t\t\t\t<div class=\"elementor-element elementor-element-dabf441 elementor-widget elementor-widget-heading\" data-id=\"dabf441\" data-element_type=\"widget\" data-e-type=\"widget\" data-widget_type=\"heading.default\">\n\t\t\t\t<div class=\"elementor-widget-container\">\n\t\t\t\t\t<h2 class=\"elementor-heading-title elementor-size-default\">Services<\/h2>\t\t\t\t<\/div>\n\t\t\t\t<\/div>\n\t\t\t\t<div class=\"elementor-element elementor-element-b9b009d elementor-widget__width-initial elementor-widget elementor-widget-text-editor\" data-id=\"b9b009d\" data-element_type=\"widget\" data-e-type=\"widget\" data-widget_type=\"text-editor.default\">\n\t\t\t\t<div class=\"elementor-widget-container\">\n\t\t\t\t\t\t\t\t\t<p>Vous avez des courtiers en douanes de confiance, et vos transitaires savent ce qu\u2019ils font, et le font bien. Toutefois, les retards se suivent et les frais suppl\u00e9mentaires s\u2019accumulent?<\/p>\n<p>Nous offrons des services de conformit\u00e9 que vos partenaires en logistique n\u2019ont pas.<\/p>\n\t\t\t\t\t\t\t\t<\/div>\n\t\t\t\t<\/div>\n\t\t\t\t<div class=\"elementor-element elementor-element-4f11ea5 elementor-align-center elementor-widget elementor-widget-button\" data-id=\"4f11ea5\" data-element_type=\"widget\" data-e-type=\"widget\" data-widget_type=\"button.default\">\n\t\t\t\t<div class=\"elementor-widget-container\">\n\t\t\t\t\t\t\t\t\t<div class=\"elementor-button-wrapper\">\n\t\t\t\t\t<a class=\"elementor-button elementor-button-link elementor-size-md\" href=\"https:\/\/heroxx.com\/fr\/services\/\" target=\"_blank\">\n\t\t\t\t\t\t<span class=\"elementor-button-content-wrapper\">\n\t\t\t\t\t\t\t\t\t<span class=\"elementor-button-text\">En savoir plus<\/span>\n\t\t\t\t\t<\/span>\n\t\t\t\t\t<\/a>\n\t\t\t\t<\/div>\n\t\t\t\t\t\t\t\t<\/div>\n\t\t\t\t<\/div>\n\t\t\t\t\t<\/div>\n\t\t<\/div>\n\t\t\t\t<div class=\"elementor-column elementor-col-50 elementor-top-column elementor-element elementor-element-1754b48\" data-id=\"1754b48\" data-element_type=\"column\" data-e-type=\"column\" data-settings=\"{&quot;background_background&quot;:&quot;classic&quot;}\">\n\t\t\t<div class=\"elementor-widget-wrap elementor-element-populated\">\n\t\t\t\t\t\t<div class=\"elementor-element elementor-element-58df453 elementor-widget elementor-widget-spacer\" data-id=\"58df453\" data-element_type=\"widget\" data-e-type=\"widget\" data-widget_type=\"spacer.default\">\n\t\t\t\t<div class=\"elementor-widget-container\">\n\t\t\t\t\t\t\t<div class=\"elementor-spacer\">\n\t\t\t<div class=\"elementor-spacer-inner\"><\/div>\n\t\t<\/div>\n\t\t\t\t\t\t<\/div>\n\t\t\t\t<\/div>\n\t\t\t\t\t<\/div>\n\t\t<\/div>\n\t\t\t\t\t<\/div>\n\t\t<\/section>\n\t\t\t\t<section class=\"elementor-section elementor-top-section elementor-element elementor-element-53fadd0 elementor-section-full_width elementor-section-height-min-height elementor-section-items-stretch elementor-section-height-default\" data-id=\"53fadd0\" data-element_type=\"section\" data-e-type=\"section\" data-settings=\"{&quot;background_background&quot;:&quot;classic&quot;}\">\n\t\t\t\t\t\t<div class=\"elementor-container elementor-column-gap-default\">\n\t\t\t\t\t<div class=\"elementor-column elementor-col-50 elementor-top-column elementor-element elementor-element-24258ae\" data-id=\"24258ae\" data-element_type=\"column\" data-e-type=\"column\" data-settings=\"{&quot;background_background&quot;:&quot;classic&quot;}\">\n\t\t\t<div class=\"elementor-widget-wrap elementor-element-populated\">\n\t\t\t\t\t\t<div class=\"elementor-element elementor-element-6a796d4 elementor-widget elementor-widget-spacer\" data-id=\"6a796d4\" data-element_type=\"widget\" data-e-type=\"widget\" data-widget_type=\"spacer.default\">\n\t\t\t\t<div class=\"elementor-widget-container\">\n\t\t\t\t\t\t\t<div class=\"elementor-spacer\">\n\t\t\t<div class=\"elementor-spacer-inner\"><\/div>\n\t\t<\/div>\n\t\t\t\t\t\t<\/div>\n\t\t\t\t<\/div>\n\t\t\t\t\t<\/div>\n\t\t<\/div>\n\t\t\t\t<div class=\"elementor-column elementor-col-50 elementor-top-column elementor-element elementor-element-7baa241\" data-id=\"7baa241\" data-element_type=\"column\" data-e-type=\"column\">\n\t\t\t<div class=\"elementor-widget-wrap elementor-element-populated\">\n\t\t\t\t\t\t<div class=\"elementor-element elementor-element-2d3ce0e elementor-widget elementor-widget-heading\" data-id=\"2d3ce0e\" data-element_type=\"widget\" data-e-type=\"widget\" data-widget_type=\"heading.default\">\n\t\t\t\t<div class=\"elementor-widget-container\">\n\t\t\t\t\t<h2 class=\"elementor-heading-title elementor-size-default\">Biblioth\u00e8que<\/h2>\t\t\t\t<\/div>\n\t\t\t\t<\/div>\n\t\t\t\t<div class=\"elementor-element elementor-element-ddda751 elementor-widget__width-initial elementor-widget elementor-widget-text-editor\" data-id=\"ddda751\" data-element_type=\"widget\" data-e-type=\"widget\" data-widget_type=\"text-editor.default\">\n\t\t\t\t<div class=\"elementor-widget-container\">\n\t\t\t\t\t\t\t\t\t<p style=\"text-align: center;\">\u00c0 chaque mois on apprend de mises-\u00e0-jour dans les r\u00e8glements et on peine \u00e0 trouver la version la plus r\u00e9cente. C\u2019est fini! Nous regroupons ici des liens Internet vers les lois et r\u00e8glements les plus consult\u00e9s dans le domaine.<\/p>\n<p>Si vous ne trouvez pas ce que vous cherchez, laissez-le nous savoir et nous l\u2019ajouterons \u00e0 notre biblioth\u00e8que virtuelle!<\/p>\n\t\t\t\t\t\t\t\t<\/div>\n\t\t\t\t<\/div>\n\t\t\t\t<div class=\"elementor-element elementor-element-301bf58 elementor-align-center elementor-widget elementor-widget-button\" data-id=\"301bf58\" data-element_type=\"widget\" data-e-type=\"widget\" data-widget_type=\"button.default\">\n\t\t\t\t<div class=\"elementor-widget-container\">\n\t\t\t\t\t\t\t\t\t<div class=\"elementor-button-wrapper\">\n\t\t\t\t\t<a class=\"elementor-button elementor-button-link elementor-size-md\" href=\"https:\/\/heroxx.com\/fr\/bibliotheque\/\" target=\"_blank\">\n\t\t\t\t\t\t<span class=\"elementor-button-content-wrapper\">\n\t\t\t\t\t\t\t\t\t<span class=\"elementor-button-text\">En savoir plus<\/span>\n\t\t\t\t\t<\/span>\n\t\t\t\t\t<\/a>\n\t\t\t\t<\/div>\n\t\t\t\t\t\t\t\t<\/div>\n\t\t\t\t<\/div>\n\t\t\t\t\t<\/div>\n\t\t<\/div>\n\t\t\t\t\t<\/div>\n\t\t<\/section>\n\t\t\t\t<section class=\"elementor-section elementor-top-section elementor-element elementor-element-207f284 elementor-section-full_width elementor-section-height-default elementor-section-height-default\" data-id=\"207f284\" data-element_type=\"section\" data-e-type=\"section\">\n\t\t\t\t\t\t<div class=\"elementor-container elementor-column-gap-default\">\n\t\t\t\t\t<div class=\"elementor-column elementor-col-100 elementor-top-column elementor-element elementor-element-a5be46c\" data-id=\"a5be46c\" data-element_type=\"column\" data-e-type=\"column\">\n\t\t\t<div class=\"elementor-widget-wrap elementor-element-populated\">\n\t\t\t\t\t\t<div class=\"elementor-element elementor-element-9c14b03 elementor-widget elementor-widget-template\" data-id=\"9c14b03\" data-element_type=\"widget\" data-e-type=\"widget\" data-widget_type=\"template.default\">\n\t\t\t\t<div class=\"elementor-widget-container\">\n\t\t\t\t\t\t\t<div class=\"elementor-template\">\n\t\t\t\t\t<div data-elementor-type=\"section\" data-elementor-id=\"689\" class=\"elementor elementor-689\" data-elementor-post-type=\"elementor_library\">\n\t\t\t\t\t<section class=\"elementor-section elementor-top-section elementor-element elementor-element-3e90741b elementor-section-boxed elementor-section-height-default elementor-section-height-default\" data-id=\"3e90741b\" data-element_type=\"section\" data-e-type=\"section\" data-settings=\"{&quot;background_background&quot;:&quot;gradient&quot;}\">\n\t\t\t\t\t\t<div class=\"elementor-container elementor-column-gap-default\">\n\t\t\t\t\t<div class=\"elementor-column elementor-col-100 elementor-top-column elementor-element elementor-element-5e751b42\" data-id=\"5e751b42\" data-element_type=\"column\" data-e-type=\"column\">\n\t\t\t<div class=\"elementor-widget-wrap elementor-element-populated\">\n\t\t\t\t\t\t<div class=\"elementor-element elementor-element-a7400fb elementor-widget elementor-widget-heading\" data-id=\"a7400fb\" data-element_type=\"widget\" data-e-type=\"widget\" data-widget_type=\"heading.default\">\n\t\t\t\t<div class=\"elementor-widget-container\">\n\t\t\t\t\t<h2 class=\"elementor-heading-title elementor-size-default\">Un coup de fil suffit<\/h2>\t\t\t\t<\/div>\n\t\t\t\t<\/div>\n\t\t\t\t<div class=\"elementor-element elementor-element-6fb625d elementor-widget elementor-widget-text-editor\" data-id=\"6fb625d\" data-element_type=\"widget\" data-e-type=\"widget\" data-widget_type=\"text-editor.default\">\n\t\t\t\t<div class=\"elementor-widget-container\">\n\t\t\t\t\t\t\t\t\t<p>Quand vous avez besoin de conseils de la part de professionnels chevronn\u00e9s pour appuyer votre \u00e9quipe et vos programmes en conformit\u00e9 commerciale, vous pouvez maintenant compter sur un partenaire fiable.<\/p>\n\t\t\t\t\t\t\t\t<\/div>\n\t\t\t\t<\/div>\n\t\t\t\t<div class=\"elementor-element elementor-element-4eebd284 elementor-align-center elementor-widget elementor-widget-button\" data-id=\"4eebd284\" data-element_type=\"widget\" data-e-type=\"widget\" data-widget_type=\"button.default\">\n\t\t\t\t<div class=\"elementor-widget-container\">\n\t\t\t\t\t\t\t\t\t<div class=\"elementor-button-wrapper\">\n\t\t\t\t\t<a class=\"elementor-button elementor-button-link elementor-size-md\" href=\"https:\/\/heroxx.com\/contact-us\/\" target=\"_blank\">\n\t\t\t\t\t\t<span class=\"elementor-button-content-wrapper\">\n\t\t\t\t\t\t\t\t\t<span class=\"elementor-button-text\">Contact Us Now<\/span>\n\t\t\t\t\t<\/span>\n\t\t\t\t\t<\/a>\n\t\t\t\t<\/div>\n\t\t\t\t\t\t\t\t<\/div>\n\t\t\t\t<\/div>\n\t\t\t\t\t<\/div>\n\t\t<\/div>\n\t\t\t\t\t<\/div>\n\t\t<\/section>\n\t\t\t\t<\/div>\n\t\t\t\t<\/div>\n\t\t\t\t\t\t<\/div>\n\t\t\t\t<\/div>\n\t\t\t\t\t<\/div>\n\t\t<\/div>\n\t\t\t\t\t<\/div>\n\t\t<\/section>\n\t\t\t\t<\/div>\n\t\t","protected":false},"excerpt":{"rendered":"<p>La conformit\u00e9, \u00e0 chaque jour R\u00e8glementation douani\u00e8re | Contr\u00f4le \u00e0 l\u2019Exportation | Marchandises Contr\u00f4l\u00e9es On s\u2019occupe de vous Intelligence La conformit\u00e9 commerciale, c\u2019est complexe.Votre capacit\u00e9 de fonctionner efficacement est directement affect\u00e9e par le manque d\u2019expertise des multiples facettes du commerce international tel que codes du SH, accords de libre-\u00e9change, contr\u00f4les \u00e0 l\u2019exportation, ITAR, documentation internationale [&hellip;]<\/p>\n","protected":false},"author":11,"featured_media":0,"parent":0,"menu_order":0,"comment_status":"closed","ping_status":"closed","template":"","meta":{"_acf_changed":false,"footnotes":""},"class_list":["post-1689","page","type-page","status-publish","hentry"],"acf":[],"yoast_head":"<!-- This site is optimized with the Yoast SEO plugin v24.8.1 - https:\/\/yoast.com\/wordpress\/plugins\/seo\/ -->\n<title>Accueil - Heroxx<\/title>\n<meta name=\"robots\" content=\"index, follow, max-snippet:-1, max-image-preview:large, max-video-preview:-1\" \/>\n<link rel=\"canonical\" href=\"https:\/\/heroxx.com\/fr\/\" \/>\n<meta property=\"og:locale\" content=\"fr_FR\" \/>\n<meta property=\"og:type\" content=\"article\" \/>\n<meta property=\"og:title\" content=\"Accueil - Heroxx\" \/>\n<meta property=\"og:description\" content=\"La conformit\u00e9, \u00e0 chaque jour R\u00e8glementation douani\u00e8re | Contr\u00f4le \u00e0 l\u2019Exportation | Marchandises Contr\u00f4l\u00e9es On s\u2019occupe de vous Intelligence La conformit\u00e9 commerciale, c\u2019est complexe.Votre capacit\u00e9 de fonctionner efficacement est directement affect\u00e9e par le manque d\u2019expertise des multiples facettes du commerce international tel que codes du SH, accords de libre-\u00e9change, contr\u00f4les \u00e0 l\u2019exportation, ITAR, documentation internationale [&hellip;]\" \/>\n<meta property=\"og:url\" content=\"https:\/\/heroxx.com\/fr\/\" \/>\n<meta property=\"og:site_name\" content=\"Heroxx\" \/>\n<meta property=\"article:modified_time\" content=\"2022-02-04T21:43:19+00:00\" \/>\n<meta name=\"twitter:card\" content=\"summary_large_image\" \/>\n<meta name=\"twitter:label1\" content=\"Dur\u00e9e de lecture estim\u00e9e\" \/>\n\t<meta name=\"twitter:data1\" content=\"2 minutes\" \/>\n<script type=\"application\/ld+json\" class=\"yoast-schema-graph\">{\"@context\":\"https:\/\/schema.org\",\"@graph\":[{\"@type\":\"WebPage\",\"@id\":\"https:\/\/heroxx.com\/fr\/\",\"url\":\"https:\/\/heroxx.com\/fr\/\",\"name\":\"Accueil - Heroxx\",\"isPartOf\":{\"@id\":\"https:\/\/heroxx.com\/#website\"},\"datePublished\":\"2022-01-25T22:33:21+00:00\",\"dateModified\":\"2022-02-04T21:43:19+00:00\",\"breadcrumb\":{\"@id\":\"https:\/\/heroxx.com\/fr\/#breadcrumb\"},\"inLanguage\":\"fr-FR\",\"potentialAction\":[{\"@type\":\"ReadAction\",\"target\":[\"https:\/\/heroxx.com\/fr\/\"]}]},{\"@type\":\"BreadcrumbList\",\"@id\":\"https:\/\/heroxx.com\/fr\/#breadcrumb\",\"itemListElement\":[{\"@type\":\"ListItem\",\"position\":1,\"name\":\"Home\",\"item\":\"https:\/\/heroxx.com\/fr\/\"},{\"@type\":\"ListItem\",\"position\":2,\"name\":\"Accueil\"}]},{\"@type\":\"WebSite\",\"@id\":\"https:\/\/heroxx.com\/#website\",\"url\":\"https:\/\/heroxx.com\/\",\"name\":\"Heroxx\",\"description\":\"Solving Compliance Every Day\",\"publisher\":{\"@id\":\"https:\/\/heroxx.com\/#organization\"},\"potentialAction\":[{\"@type\":\"SearchAction\",\"target\":{\"@type\":\"EntryPoint\",\"urlTemplate\":\"https:\/\/heroxx.com\/?s={search_term_string}\"},\"query-input\":{\"@type\":\"PropertyValueSpecification\",\"valueRequired\":true,\"valueName\":\"search_term_string\"}}],\"inLanguage\":\"fr-FR\"},{\"@type\":\"Organization\",\"@id\":\"https:\/\/heroxx.com\/#organization\",\"name\":\"Heroxx Trade Compliance\",\"url\":\"https:\/\/heroxx.com\/\",\"logo\":{\"@type\":\"ImageObject\",\"inLanguage\":\"fr-FR\",\"@id\":\"https:\/\/heroxx.com\/#\/schema\/logo\/image\/\",\"url\":\"https:\/\/heroxx.com\/wp-content\/uploads\/2022\/02\/Heroxx-logo-2018_blue-positive_cropped.png\",\"contentUrl\":\"https:\/\/heroxx.com\/wp-content\/uploads\/2022\/02\/Heroxx-logo-2018_blue-positive_cropped.png\",\"width\":1398,\"height\":351,\"caption\":\"Heroxx Trade Compliance\"},\"image\":{\"@id\":\"https:\/\/heroxx.com\/#\/schema\/logo\/image\/\"},\"sameAs\":[\"https:\/\/www.linkedin.com\/company\/heroxx\/about\/\"]}]}<\/script>\n<!-- \/ Yoast SEO plugin. -->","yoast_head_json":{"title":"Accueil - Heroxx","robots":{"index":"index","follow":"follow","max-snippet":"max-snippet:-1","max-image-preview":"max-image-preview:large","max-video-preview":"max-video-preview:-1"},"canonical":"https:\/\/heroxx.com\/fr\/","og_locale":"fr_FR","og_type":"article","og_title":"Accueil - Heroxx","og_description":"La conformit\u00e9, \u00e0 chaque jour R\u00e8glementation douani\u00e8re | Contr\u00f4le \u00e0 l\u2019Exportation | Marchandises Contr\u00f4l\u00e9es On s\u2019occupe de vous Intelligence La conformit\u00e9 commerciale, c\u2019est complexe.Votre capacit\u00e9 de fonctionner efficacement est directement affect\u00e9e par le manque d\u2019expertise des multiples facettes du commerce international tel que codes du SH, accords de libre-\u00e9change, contr\u00f4les \u00e0 l\u2019exportation, ITAR, documentation internationale [&hellip;]","og_url":"https:\/\/heroxx.com\/fr\/","og_site_name":"Heroxx","article_modified_time":"2022-02-04T21:43:19+00:00","twitter_card":"summary_large_image","twitter_misc":{"Dur\u00e9e de lecture estim\u00e9e":"2 minutes"},"schema":{"@context":"https:\/\/schema.org","@graph":[{"@type":"WebPage","@id":"https:\/\/heroxx.com\/fr\/","url":"https:\/\/heroxx.com\/fr\/","name":"Accueil - Heroxx","isPartOf":{"@id":"https:\/\/heroxx.com\/#website"},"datePublished":"2022-01-25T22:33:21+00:00","dateModified":"2022-02-04T21:43:19+00:00","breadcrumb":{"@id":"https:\/\/heroxx.com\/fr\/#breadcrumb"},"inLanguage":"fr-FR","potentialAction":[{"@type":"ReadAction","target":["https:\/\/heroxx.com\/fr\/"]}]},{"@type":"BreadcrumbList","@id":"https:\/\/heroxx.com\/fr\/#breadcrumb","itemListElement":[{"@type":"ListItem","position":1,"name":"Home","item":"https:\/\/heroxx.com\/fr\/"},{"@type":"ListItem","position":2,"name":"Accueil"}]},{"@type":"WebSite","@id":"https:\/\/heroxx.com\/#website","url":"https:\/\/heroxx.com\/","name":"Heroxx","description":"Solving Compliance Every Day","publisher":{"@id":"https:\/\/heroxx.com\/#organization"},"potentialAction":[{"@type":"SearchAction","target":{"@type":"EntryPoint","urlTemplate":"https:\/\/heroxx.com\/?s={search_term_string}"},"query-input":{"@type":"PropertyValueSpecification","valueRequired":true,"valueName":"search_term_string"}}],"inLanguage":"fr-FR"},{"@type":"Organization","@id":"https:\/\/heroxx.com\/#organization","name":"Heroxx Trade Compliance","url":"https:\/\/heroxx.com\/","logo":{"@type":"ImageObject","inLanguage":"fr-FR","@id":"https:\/\/heroxx.com\/#\/schema\/logo\/image\/","url":"https:\/\/heroxx.com\/wp-content\/uploads\/2022\/02\/Heroxx-logo-2018_blue-positive_cropped.png","contentUrl":"https:\/\/heroxx.com\/wp-content\/uploads\/2022\/02\/Heroxx-logo-2018_blue-positive_cropped.png","width":1398,"height":351,"caption":"Heroxx Trade Compliance"},"image":{"@id":"https:\/\/heroxx.com\/#\/schema\/logo\/image\/"},"sameAs":["https:\/\/www.linkedin.com\/company\/heroxx\/about\/"]}]}},"_links":{"self":[{"href":"https:\/\/heroxx.com\/fr\/wp-json\/wp\/v2\/pages\/1689","targetHints":{"allow":["GET"]}}],"collection":[{"href":"https:\/\/heroxx.com\/fr\/wp-json\/wp\/v2\/pages"}],"about":[{"href":"https:\/\/heroxx.com\/fr\/wp-json\/wp\/v2\/types\/page"}],"author":[{"embeddable":true,"href":"https:\/\/heroxx.com\/fr\/wp-json\/wp\/v2\/users\/11"}],"replies":[{"embeddable":true,"href":"https:\/\/heroxx.com\/fr\/wp-json\/wp\/v2\/comments?post=1689"}],"version-history":[{"count":8,"href":"https:\/\/heroxx.com\/fr\/wp-json\/wp\/v2\/pages\/1689\/revisions"}],"predecessor-version":[{"id":1936,"href":"https:\/\/heroxx.com\/fr\/wp-json\/wp\/v2\/pages\/1689\/revisions\/1936"}],"wp:attachment":[{"href":"https:\/\/heroxx.com\/fr\/wp-json\/wp\/v2\/media?parent=1689"}],"curies":[{"name":"wp","href":"https:\/\/api.w.org\/{rel}","templated":true}]}}